{"id":447,"date":"2018-12-09T02:05:44","date_gmt":"2018-12-09T01:05:44","guid":{"rendered":"http:\/\/wordpress.nibis.de\/dps-hi\/?page_id=447"},"modified":"2018-12-09T02:05:57","modified_gmt":"2018-12-09T01:05:57","slug":"laternenlauf","status":"publish","type":"page","link":"https:\/\/wordpress.nibis.de\/dps-hi\/?page_id=447","title":{"rendered":"Laternenlauf"},"content":{"rendered":"<p style=\"text-align: justify\">Jedes Jahr im November findet das Laternenfest an der Didrik-Pining-Schule statt. Der Umzug wurde schon h\u00e4ufig vom Musikzug begleitet. Nach dem Lauf gibt es ein Feuer, \u201eHot Dogs\u201c, Waffeln uvm. Ein toller Lichterspa\u00df f\u00fcr gro\u00df und klein.<\/p>\n","protected":false},"excerpt":{"rendered":"<p>Jedes Jahr im November findet das Laternenfest an der Didrik-Pining-Schule statt. Der Umzug wurde schon h\u00e4ufig vom Musikzug begleitet. Nach dem Lauf gibt es ein Feuer, \u201eHot Dogs\u201c, Waffeln uvm. Ein toller Lichterspa\u00df f\u00fcr gro\u00df und klein.<\/p>\n","protected":false},"author":9192772,"featured_media":0,"parent":107,"menu_order":11,"comment_status":"closed","ping_status":"closed","template":"","meta":{"footnotes":""},"class_list":["post-447","page","type-page","status-publish","hentry","without-featured-image"],"_links":{"self":[{"href":"https:\/\/wordpress.nibis.de\/dps-hi\/index.php?rest_route=\/wp\/v2\/pages\/447","targetHints":{"allow":["GET"]}}],"collection":[{"href":"https:\/\/wordpress.nibis.de\/dps-hi\/index.php?rest_route=\/wp\/v2\/pages"}],"about":[{"href":"https:\/\/wordpress.nibis.de\/dps-hi\/index.php?rest_route=\/wp\/v2\/types\/page"}],"author":[{"embeddable":true,"href":"https:\/\/wordpress.nibis.de\/dps-hi\/index.php?rest_route=\/wp\/v2\/users\/9192772"}],"replies":[{"embeddable":true,"href":"https:\/\/wordpress.nibis.de\/dps-hi\/index.php?rest_route=%2Fwp%2Fv2%2Fcomments&post=447"}],"version-history":[{"count":2,"href":"https:\/\/wordpress.nibis.de\/dps-hi\/index.php?rest_route=\/wp\/v2\/pages\/447\/revisions"}],"predecessor-version":[{"id":449,"href":"https:\/\/wordpress.nibis.de\/dps-hi\/index.php?rest_route=\/wp\/v2\/pages\/447\/revisions\/449"}],"up":[{"embeddable":true,"href":"https:\/\/wordpress.nibis.de\/dps-hi\/index.php?rest_route=\/wp\/v2\/pages\/107"}],"wp:attachment":[{"href":"https:\/\/wordpress.nibis.de\/dps-hi\/index.php?rest_route=%2Fwp%2Fv2%2Fmedia&parent=447"}],"curies":[{"name":"wp","href":"https:\/\/api.w.org\/{rel}","templated":true}]}}