{"id":460,"date":"2018-12-09T02:19:00","date_gmt":"2018-12-09T01:19:00","guid":{"rendered":"http:\/\/wordpress.nibis.de\/dps-hi\/?page_id=460"},"modified":"2018-12-09T02:19:00","modified_gmt":"2018-12-09T01:19:00","slug":"sport-sportfeste","status":"publish","type":"page","link":"https:\/\/wordpress.nibis.de\/dps-hi\/?page_id=460","title":{"rendered":"Sport\/Sportfeste"},"content":{"rendered":"<p style=\"text-align: justify\">Unsere Schule hat eine eigene gro\u00dfe Sporthalle direkt neben der Schule.<\/p>\n<p style=\"text-align: justify\">Jedes Jahr finden die Bundesjugendspiele und eine Spiel- und Spa\u00dfolympiade statt. Ein goldener Turnschuh wird je einer Klasse aus jedem Jahrgang verliehen.<\/p>\n<p style=\"text-align: justify\">Die Kinder bekommen an diesem Tag frisches Obst und Getr\u00e4nke vom F\u00f6rderverein. Vielen Dank f\u00fcr die gesunde Erfrischung!<\/p>\n","protected":false},"excerpt":{"rendered":"<p>Unsere Schule hat eine eigene gro\u00dfe Sporthalle direkt neben der Schule. Jedes Jahr finden die Bundesjugendspiele und eine Spiel- und Spa\u00dfolympiade statt. Ein goldener Turnschuh wird je einer Klasse aus jedem Jahrgang verliehen. Die Kinder bekommen an diesem Tag frisches Obst und Getr\u00e4nke vom F\u00f6rderverein. Vielen Dank f\u00fcr die gesunde Erfrischung!<\/p>\n","protected":false},"author":9192772,"featured_media":0,"parent":107,"menu_order":16,"comment_status":"closed","ping_status":"closed","template":"","meta":{"footnotes":""},"class_list":["post-460","page","type-page","status-publish","hentry","without-featured-image"],"_links":{"self":[{"href":"https:\/\/wordpress.nibis.de\/dps-hi\/index.php?rest_route=\/wp\/v2\/pages\/460","targetHints":{"allow":["GET"]}}],"collection":[{"href":"https:\/\/wordpress.nibis.de\/dps-hi\/index.php?rest_route=\/wp\/v2\/pages"}],"about":[{"href":"https:\/\/wordpress.nibis.de\/dps-hi\/index.php?rest_route=\/wp\/v2\/types\/page"}],"author":[{"embeddable":true,"href":"https:\/\/wordpress.nibis.de\/dps-hi\/index.php?rest_route=\/wp\/v2\/users\/9192772"}],"replies":[{"embeddable":true,"href":"https:\/\/wordpress.nibis.de\/dps-hi\/index.php?rest_route=%2Fwp%2Fv2%2Fcomments&post=460"}],"version-history":[{"count":1,"href":"https:\/\/wordpress.nibis.de\/dps-hi\/index.php?rest_route=\/wp\/v2\/pages\/460\/revisions"}],"predecessor-version":[{"id":461,"href":"https:\/\/wordpress.nibis.de\/dps-hi\/index.php?rest_route=\/wp\/v2\/pages\/460\/revisions\/461"}],"up":[{"embeddable":true,"href":"https:\/\/wordpress.nibis.de\/dps-hi\/index.php?rest_route=\/wp\/v2\/pages\/107"}],"wp:attachment":[{"href":"https:\/\/wordpress.nibis.de\/dps-hi\/index.php?rest_route=%2Fwp%2Fv2%2Fmedia&parent=460"}],"curies":[{"name":"wp","href":"https:\/\/api.w.org\/{rel}","templated":true}]}}