{"id":463,"date":"2018-12-09T02:20:56","date_gmt":"2018-12-09T01:20:56","guid":{"rendered":"http:\/\/wordpress.nibis.de\/dps-hi\/?page_id=463"},"modified":"2018-12-09T02:21:10","modified_gmt":"2018-12-09T01:21:10","slug":"fit4future","status":"publish","type":"page","link":"https:\/\/wordpress.nibis.de\/dps-hi\/?page_id=463","title":{"rendered":"fit4future"},"content":{"rendered":"<p style=\"text-align: justify\">Das Programm &#8222;fit4future&#8220; unterst\u00fctzt die Didrik-Pining-Schule schon seit einigen Jahren durch das Bereitstellen von bewegungsf\u00f6rdernden Sportger\u00e4ten und das damit verbundene Gesundheitsprogramm. Vielen Dank an das Team, DAK Gesundheit und die Cleven-Stiftung!<\/p>\n","protected":false},"excerpt":{"rendered":"<p>Das Programm &#8222;fit4future&#8220; unterst\u00fctzt die Didrik-Pining-Schule schon seit einigen Jahren durch das Bereitstellen von bewegungsf\u00f6rdernden Sportger\u00e4ten und das damit verbundene Gesundheitsprogramm. Vielen Dank an das Team, DAK Gesundheit und die Cleven-Stiftung!<\/p>\n","protected":false},"author":9192772,"featured_media":0,"parent":107,"menu_order":17,"comment_status":"closed","ping_status":"closed","template":"","meta":{"footnotes":""},"class_list":["post-463","page","type-page","status-publish","hentry","without-featured-image"],"_links":{"self":[{"href":"https:\/\/wordpress.nibis.de\/dps-hi\/index.php?rest_route=\/wp\/v2\/pages\/463","targetHints":{"allow":["GET"]}}],"collection":[{"href":"https:\/\/wordpress.nibis.de\/dps-hi\/index.php?rest_route=\/wp\/v2\/pages"}],"about":[{"href":"https:\/\/wordpress.nibis.de\/dps-hi\/index.php?rest_route=\/wp\/v2\/types\/page"}],"author":[{"embeddable":true,"href":"https:\/\/wordpress.nibis.de\/dps-hi\/index.php?rest_route=\/wp\/v2\/users\/9192772"}],"replies":[{"embeddable":true,"href":"https:\/\/wordpress.nibis.de\/dps-hi\/index.php?rest_route=%2Fwp%2Fv2%2Fcomments&post=463"}],"version-history":[{"count":1,"href":"https:\/\/wordpress.nibis.de\/dps-hi\/index.php?rest_route=\/wp\/v2\/pages\/463\/revisions"}],"predecessor-version":[{"id":464,"href":"https:\/\/wordpress.nibis.de\/dps-hi\/index.php?rest_route=\/wp\/v2\/pages\/463\/revisions\/464"}],"up":[{"embeddable":true,"href":"https:\/\/wordpress.nibis.de\/dps-hi\/index.php?rest_route=\/wp\/v2\/pages\/107"}],"wp:attachment":[{"href":"https:\/\/wordpress.nibis.de\/dps-hi\/index.php?rest_route=%2Fwp%2Fv2%2Fmedia&parent=463"}],"curies":[{"name":"wp","href":"https:\/\/api.w.org\/{rel}","templated":true}]}}