{"id":465,"date":"2018-12-09T02:22:43","date_gmt":"2018-12-09T01:22:43","guid":{"rendered":"http:\/\/wordpress.nibis.de\/dps-hi\/?page_id=465"},"modified":"2023-07-22T14:45:28","modified_gmt":"2023-07-22T12:45:28","slug":"schulobst","status":"publish","type":"page","link":"https:\/\/wordpress.nibis.de\/dps-hi\/?page_id=465","title":{"rendered":"&#8222;Schulobst&#8220;"},"content":{"rendered":"<p style=\"text-align: justify\">Initiiert wurde das Projekt &#8222;Schulobst&#8220; von unserer Schulsozialarbeiterin Fr. Hoffmann in Zusammenarbeit mit \u201eRewe\u201c. Jeden Montag wird das gelieferte Obst und Gem\u00fcse gerecht auf die Klassen aufgeteilt.<\/p>\n<p style=\"text-align: justify\">Das Schulobstprogramm ist ein wichtiger Beitrag zur Gesundheitserziehung. Den Sch\u00fclerInnen schmeckt es richtig gut. Sie freuen sich jede Woche \u00fcber das frische Obst und Gem\u00fcse und sind gespannt welche Obst- und Gem\u00fcsesorten als n\u00e4chstes geliefert werden.<\/p>\n<p>Weitere Infos finden Sie hier:\u00a0<a href=\"https:\/\/wordpress.nibis.de\/dps-hi\/?page_id=344\">\u201cSchulobstprogramm\u201d<\/a><\/p>\n","protected":false},"excerpt":{"rendered":"<p>Initiiert wurde das Projekt &#8222;Schulobst&#8220; von unserer Schulsozialarbeiterin Fr. Hoffmann in Zusammenarbeit mit \u201eRewe\u201c. Jeden Montag wird das gelieferte Obst und Gem\u00fcse gerecht auf die Klassen aufgeteilt. Das Schulobstprogramm ist ein wichtiger Beitrag zur Gesundheitserziehung. Den Sch\u00fclerInnen schmeckt es richtig gut. Sie freuen sich jede Woche \u00fcber das frische Obst und Gem\u00fcse und sind gespannt &hellip; <a href=\"https:\/\/wordpress.nibis.de\/dps-hi\/?page_id=465\" class=\"more-link\">Weiterlesen <span class=\"screen-reader-text\">&#8222;Schulobst&#8220;<\/span><\/a><\/p>\n","protected":false},"author":9192772,"featured_media":0,"parent":107,"menu_order":18,"comment_status":"closed","ping_status":"closed","template":"","meta":{"footnotes":""},"class_list":["post-465","page","type-page","status-publish","hentry","without-featured-image"],"_links":{"self":[{"href":"https:\/\/wordpress.nibis.de\/dps-hi\/index.php?rest_route=\/wp\/v2\/pages\/465","targetHints":{"allow":["GET"]}}],"collection":[{"href":"https:\/\/wordpress.nibis.de\/dps-hi\/index.php?rest_route=\/wp\/v2\/pages"}],"about":[{"href":"https:\/\/wordpress.nibis.de\/dps-hi\/index.php?rest_route=\/wp\/v2\/types\/page"}],"author":[{"embeddable":true,"href":"https:\/\/wordpress.nibis.de\/dps-hi\/index.php?rest_route=\/wp\/v2\/users\/9192772"}],"replies":[{"embeddable":true,"href":"https:\/\/wordpress.nibis.de\/dps-hi\/index.php?rest_route=%2Fwp%2Fv2%2Fcomments&post=465"}],"version-history":[{"count":4,"href":"https:\/\/wordpress.nibis.de\/dps-hi\/index.php?rest_route=\/wp\/v2\/pages\/465\/revisions"}],"predecessor-version":[{"id":3173,"href":"https:\/\/wordpress.nibis.de\/dps-hi\/index.php?rest_route=\/wp\/v2\/pages\/465\/revisions\/3173"}],"up":[{"embeddable":true,"href":"https:\/\/wordpress.nibis.de\/dps-hi\/index.php?rest_route=\/wp\/v2\/pages\/107"}],"wp:attachment":[{"href":"https:\/\/wordpress.nibis.de\/dps-hi\/index.php?rest_route=%2Fwp%2Fv2%2Fmedia&parent=465"}],"curies":[{"name":"wp","href":"https:\/\/api.w.org\/{rel}","templated":true}]}}