{"id":468,"date":"2018-12-09T02:26:36","date_gmt":"2018-12-09T01:26:36","guid":{"rendered":"http:\/\/wordpress.nibis.de\/dps-hi\/?page_id=468"},"modified":"2018-12-09T02:27:43","modified_gmt":"2018-12-09T01:27:43","slug":"pausenhof-und-viel-mehr","status":"publish","type":"page","link":"https:\/\/wordpress.nibis.de\/dps-hi\/?page_id=468","title":{"rendered":"Pausenhof und mehr!"},"content":{"rendered":"<p style=\"text-align: justify\">Die Didrik-Pining-Schule hat einen umfangreichen Pausenhof mit Fu\u00dfballpl\u00e4tzen, Kletterger\u00fcst, Tischtennisplatten, Basketballanlage, Turnger\u00e4ten, Karussell,\u00a0 Sandspielfl\u00e4che, Wippe uvm.<\/p>\n<p>&nbsp;<\/p>\n<p style=\"text-align: justify\"><strong>Die Pausenausleihe<\/strong><br \/>\nBei der Pausenausleihe kann man ein Spielzeug ausleihen. Wenn einem Kind langweilig ist, kann es sich etwas ausleihen und kann damit spielen. Dann muss man es nach der Pause zur\u00fcck bringen. Aber daf\u00fcr braucht man einen Ausweis. Der Ausweis kostet 50 Cent. Es betreuen alle 4. Klassen abwechselnd die Pausenausleihe.<\/p>\n<p style=\"text-align: justify\">Man kann zum Beispiel folgende Dinge ausleihen: Stelzen, B\u00e4lle, Springseile, Reifen, Tischtennis-, Tennis und Federballschl\u00e4ger, Sandspielzeug, uvm.<\/p>\n<p>&nbsp;<\/p>\n<p style=\"text-align: justify\"><strong>Der Pausenclown<\/strong><\/p>\n<p style=\"text-align: justify\">Frau Hoffmann bietet in vielen Pausen am Vormittag eine offene Spielzeugausleihe in einem Bollerwagen an. Hier k\u00f6nnen sich Kinder auch ohne Ausweis ganz einfach Spielsachen wie Spingseile, T\u00fccher, Reifen unw. Ausleihen.<\/p>\n<p>&nbsp;<\/p>\n<p style=\"text-align: justify\"><strong>Die Stille Pause<\/strong><\/p>\n<p style=\"text-align: justify\">Seit dem 2. Halbjahr 2017 bietet Frau Hoffmann (Schulsozialarbeit) jeden Dienstag und Mittwoch eine &#8222;stille Pause&#8220; an. Dazu treffen sich 8 Kinder mit Voranmeldung im &#8222;Raum der Stille&#8220; (Oase), um sich bei Entspannungsmusik auszuruhen, sich hinzulegen, zu Kuscheln und die Stille zu genie\u00dfen.<\/p>\n<p style=\"text-align: justify\">Das Angebot wird gut angenommen. Da im &#8222;Raum der Stille&#8220; nur gefl\u00fcstert wird, werden die Kinder zum aktiven Zuh\u00f6ren und f\u00fcr einen aufmerksamen Umgang mit dem Gegen\u00fcber sensibilisiert.<\/p>\n<p style=\"text-align: justify\">Nach der Auszeit k\u00f6nnen die Kinder wieder &#8222;gest\u00e4rkt&#8220; in den Unterricht gehen.<\/p>\n","protected":false},"excerpt":{"rendered":"<p>Die Didrik-Pining-Schule hat einen umfangreichen Pausenhof mit Fu\u00dfballpl\u00e4tzen, Kletterger\u00fcst, Tischtennisplatten, Basketballanlage, Turnger\u00e4ten, Karussell,\u00a0 Sandspielfl\u00e4che, Wippe uvm. &nbsp; Die Pausenausleihe Bei der Pausenausleihe kann man ein Spielzeug ausleihen. Wenn einem Kind langweilig ist, kann es sich etwas ausleihen und kann damit spielen. Dann muss man es nach der Pause zur\u00fcck bringen. Aber daf\u00fcr braucht man einen &hellip; <a href=\"https:\/\/wordpress.nibis.de\/dps-hi\/?page_id=468\" class=\"more-link\">Weiterlesen <span class=\"screen-reader-text\">Pausenhof und mehr!<\/span><\/a><\/p>\n","protected":false},"author":9192772,"featured_media":0,"parent":107,"menu_order":19,"comment_status":"closed","ping_status":"closed","template":"","meta":{"footnotes":""},"class_list":["post-468","page","type-page","status-publish","hentry","without-featured-image"],"_links":{"self":[{"href":"https:\/\/wordpress.nibis.de\/dps-hi\/index.php?rest_route=\/wp\/v2\/pages\/468","targetHints":{"allow":["GET"]}}],"collection":[{"href":"https:\/\/wordpress.nibis.de\/dps-hi\/index.php?rest_route=\/wp\/v2\/pages"}],"about":[{"href":"https:\/\/wordpress.nibis.de\/dps-hi\/index.php?rest_route=\/wp\/v2\/types\/page"}],"author":[{"embeddable":true,"href":"https:\/\/wordpress.nibis.de\/dps-hi\/index.php?rest_route=\/wp\/v2\/users\/9192772"}],"replies":[{"embeddable":true,"href":"https:\/\/wordpress.nibis.de\/dps-hi\/index.php?rest_route=%2Fwp%2Fv2%2Fcomments&post=468"}],"version-history":[{"count":3,"href":"https:\/\/wordpress.nibis.de\/dps-hi\/index.php?rest_route=\/wp\/v2\/pages\/468\/revisions"}],"predecessor-version":[{"id":472,"href":"https:\/\/wordpress.nibis.de\/dps-hi\/index.php?rest_route=\/wp\/v2\/pages\/468\/revisions\/472"}],"up":[{"embeddable":true,"href":"https:\/\/wordpress.nibis.de\/dps-hi\/index.php?rest_route=\/wp\/v2\/pages\/107"}],"wp:attachment":[{"href":"https:\/\/wordpress.nibis.de\/dps-hi\/index.php?rest_route=%2Fwp%2Fv2%2Fmedia&parent=468"}],"curies":[{"name":"wp","href":"https:\/\/api.w.org\/{rel}","templated":true}]}}