{"id":482,"date":"2018-12-09T02:38:55","date_gmt":"2018-12-09T01:38:55","guid":{"rendered":"http:\/\/wordpress.nibis.de\/dps-hi\/?page_id=482"},"modified":"2023-07-22T15:15:07","modified_gmt":"2023-07-22T13:15:07","slug":"elterncafe","status":"publish","type":"page","link":"https:\/\/wordpress.nibis.de\/dps-hi\/?page_id=482","title":{"rendered":"Elterncaf\u00e9"},"content":{"rendered":"<p style=\"text-align: justify\">Jeden Freitag findet von 8:00 &#8211; 10:00 Uhr ein offenes Elterncaf\u00e9 statt. Treffpunkt ist direkt in der Eingangshalle der Didrik-Pining Schule.<\/p>\n<p style=\"text-align: justify\">Alle Eltern sind herzlich eingeladen in angenehmer Atmosph\u00e4re mit einer Tasse Kaffee und Keksen ins Gespr\u00e4ch zu kommen. Hier werden Freundschaften geschlossen, sich \u00fcber die Kinder ausgetauscht und es k\u00f6nnen Fragen gekl\u00e4rt werden. Die Schulsozialarbeit steht mit Rat und Tat zur Seite.<\/p>\n<p>weitere Infos und Eindr\u00fccke finden Sie hier:<\/p>\n<p><a href=\"https:\/\/wordpress.nibis.de\/dps-hi\/?page_id=550\">Elterncaf\u00e8 Impressionen<\/a><\/p>\n<p style=\"text-align: justify\"><a href=\"https:\/\/wordpress.nibis.de\/dps-hi\/?page_id=318\">Das Elterncaf\u00e8<\/a><\/p>\n<p><a href=\"https:\/\/wordpress.nibis.de\/dps-hi\/?page_id=3075\">Schulsozialarbeit<\/a><\/p>\n<p style=\"text-align: justify\">\n","protected":false},"excerpt":{"rendered":"<p>Jeden Freitag findet von 8:00 &#8211; 10:00 Uhr ein offenes Elterncaf\u00e9 statt. Treffpunkt ist direkt in der Eingangshalle der Didrik-Pining Schule. Alle Eltern sind herzlich eingeladen in angenehmer Atmosph\u00e4re mit einer Tasse Kaffee und Keksen ins Gespr\u00e4ch zu kommen. Hier werden Freundschaften geschlossen, sich \u00fcber die Kinder ausgetauscht und es k\u00f6nnen Fragen gekl\u00e4rt werden. Die &hellip; <a href=\"https:\/\/wordpress.nibis.de\/dps-hi\/?page_id=482\" class=\"more-link\">Weiterlesen <span class=\"screen-reader-text\">Elterncaf\u00e9<\/span><\/a><\/p>\n","protected":false},"author":9192772,"featured_media":0,"parent":109,"menu_order":0,"comment_status":"closed","ping_status":"closed","template":"full-width-page.php","meta":{"footnotes":""},"class_list":["post-482","page","type-page","status-publish","hentry","without-featured-image"],"_links":{"self":[{"href":"https:\/\/wordpress.nibis.de\/dps-hi\/index.php?rest_route=\/wp\/v2\/pages\/482","targetHints":{"allow":["GET"]}}],"collection":[{"href":"https:\/\/wordpress.nibis.de\/dps-hi\/index.php?rest_route=\/wp\/v2\/pages"}],"about":[{"href":"https:\/\/wordpress.nibis.de\/dps-hi\/index.php?rest_route=\/wp\/v2\/types\/page"}],"author":[{"embeddable":true,"href":"https:\/\/wordpress.nibis.de\/dps-hi\/index.php?rest_route=\/wp\/v2\/users\/9192772"}],"replies":[{"embeddable":true,"href":"https:\/\/wordpress.nibis.de\/dps-hi\/index.php?rest_route=%2Fwp%2Fv2%2Fcomments&post=482"}],"version-history":[{"count":6,"href":"https:\/\/wordpress.nibis.de\/dps-hi\/index.php?rest_route=\/wp\/v2\/pages\/482\/revisions"}],"predecessor-version":[{"id":3189,"href":"https:\/\/wordpress.nibis.de\/dps-hi\/index.php?rest_route=\/wp\/v2\/pages\/482\/revisions\/3189"}],"up":[{"embeddable":true,"href":"https:\/\/wordpress.nibis.de\/dps-hi\/index.php?rest_route=\/wp\/v2\/pages\/109"}],"wp:attachment":[{"href":"https:\/\/wordpress.nibis.de\/dps-hi\/index.php?rest_route=%2Fwp%2Fv2%2Fmedia&parent=482"}],"curies":[{"name":"wp","href":"https:\/\/api.w.org\/{rel}","templated":true}]}}