{"id":485,"date":"2018-12-09T02:40:32","date_gmt":"2018-12-09T01:40:32","guid":{"rendered":"http:\/\/wordpress.nibis.de\/dps-hi\/?page_id=485"},"modified":"2018-12-09T02:40:32","modified_gmt":"2018-12-09T01:40:32","slug":"schulelternrat","status":"publish","type":"page","link":"https:\/\/wordpress.nibis.de\/dps-hi\/?page_id=485","title":{"rendered":"Schulelternrat"},"content":{"rendered":"<p style=\"text-align: justify\">Schulelternrat &#8211; was ist das \u00fcberhaupt? Als Eltern k\u00f6nnen wir im Schulelternrat (SER) unseren Teil dazu beitragen, das Lernumfeld f\u00fcr unsere Kinder zu verbessern. Nur gemeinsam erreichen wir mehr f\u00fcr unsere Schule und f\u00fcr unsere Kinder.<\/p>\n<p style=\"text-align: justify\">Dazu w\u00e4hlen die Eltern jeder Klasse alle zwei Jahre zwei Elternvertreter aus ihren Reihen. Diese sind Ansprechpartner f\u00fcr Eltern, Sch\u00fclerinnen und Sch\u00fcler ihrer Klasse, sowie Schnittstelle zu den Lehrkr\u00e4ften und zur Schulleitung.<\/p>\n<p style=\"text-align: justify\">Aus diesen gew\u00e4hlten Elternvertretern aller Klassen setzt sich der SER zusammen. In dieser Runde werden wichtige Anliegen aller Klassen und der Schule besprochen. Im SER k\u00f6nnen alle schulischen Fragen er\u00f6rtert werden, dagegen d\u00fcrfen private Angelegenheiten der Lehrkr\u00e4fte und der Sch\u00fclerinnen und Sch\u00fcler nicht behandelt werden. Es werden L\u00f6sungen f\u00fcr Probleme gesucht, Forderungen diskutiert und Umsetzungsm\u00f6glichkeiten, wie auf schulpolitische Ver\u00e4nderungen und Herausforderungen reagiert werden kann, gesucht.<\/p>\n<p style=\"text-align: justify\">Auch in den verschiedenen Gremien der Schule sind die Elternvertreter aktiv: Der SER w\u00e4hlt Vertreter f\u00fcr die Gesamtkonferenz (GK), die Fachkonferenzen (FK) und den Schulvorstand (SV), sowie f\u00fcr den Stadt- und den Kreiselternrat.<\/p>\n<p style=\"text-align: justify\">Als Elternteil im SER ist man immer bestens \u00fcber die aktuellen Schulbelange und somit auch \u00fcber die momentane Lernsituation der Kinder informiert.<\/p>\n","protected":false},"excerpt":{"rendered":"<p>Schulelternrat &#8211; was ist das \u00fcberhaupt? Als Eltern k\u00f6nnen wir im Schulelternrat (SER) unseren Teil dazu beitragen, das Lernumfeld f\u00fcr unsere Kinder zu verbessern. Nur gemeinsam erreichen wir mehr f\u00fcr unsere Schule und f\u00fcr unsere Kinder. Dazu w\u00e4hlen die Eltern jeder Klasse alle zwei Jahre zwei Elternvertreter aus ihren Reihen. Diese sind Ansprechpartner f\u00fcr Eltern, &hellip; <a href=\"https:\/\/wordpress.nibis.de\/dps-hi\/?page_id=485\" class=\"more-link\">Weiterlesen <span class=\"screen-reader-text\">Schulelternrat<\/span><\/a><\/p>\n","protected":false},"author":9192772,"featured_media":0,"parent":109,"menu_order":0,"comment_status":"closed","ping_status":"closed","template":"","meta":{"footnotes":""},"class_list":["post-485","page","type-page","status-publish","hentry","without-featured-image"],"_links":{"self":[{"href":"https:\/\/wordpress.nibis.de\/dps-hi\/index.php?rest_route=\/wp\/v2\/pages\/485","targetHints":{"allow":["GET"]}}],"collection":[{"href":"https:\/\/wordpress.nibis.de\/dps-hi\/index.php?rest_route=\/wp\/v2\/pages"}],"about":[{"href":"https:\/\/wordpress.nibis.de\/dps-hi\/index.php?rest_route=\/wp\/v2\/types\/page"}],"author":[{"embeddable":true,"href":"https:\/\/wordpress.nibis.de\/dps-hi\/index.php?rest_route=\/wp\/v2\/users\/9192772"}],"replies":[{"embeddable":true,"href":"https:\/\/wordpress.nibis.de\/dps-hi\/index.php?rest_route=%2Fwp%2Fv2%2Fcomments&post=485"}],"version-history":[{"count":2,"href":"https:\/\/wordpress.nibis.de\/dps-hi\/index.php?rest_route=\/wp\/v2\/pages\/485\/revisions"}],"predecessor-version":[{"id":487,"href":"https:\/\/wordpress.nibis.de\/dps-hi\/index.php?rest_route=\/wp\/v2\/pages\/485\/revisions\/487"}],"up":[{"embeddable":true,"href":"https:\/\/wordpress.nibis.de\/dps-hi\/index.php?rest_route=\/wp\/v2\/pages\/109"}],"wp:attachment":[{"href":"https:\/\/wordpress.nibis.de\/dps-hi\/index.php?rest_route=%2Fwp%2Fv2%2Fmedia&parent=485"}],"curies":[{"name":"wp","href":"https:\/\/api.w.org\/{rel}","templated":true}]}}