{"id":525,"date":"2018-12-10T16:13:06","date_gmt":"2018-12-10T15:13:06","guid":{"rendered":"http:\/\/wordpress.nibis.de\/dps-hi\/?page_id=525"},"modified":"2023-05-11T08:39:49","modified_gmt":"2023-05-11T06:39:49","slug":"gs-achtum-aussenstelle","status":"publish","type":"page","link":"https:\/\/wordpress.nibis.de\/dps-hi\/?page_id=525","title":{"rendered":"Achtum (Au\u00dfenstelle)"},"content":{"rendered":"\n<p><\/p>\n\n\n\n<p><\/p>\n\n\n\n<p class=\"has-vivid-red-color has-text-color has-large-font-size\"><em>Herzlich Willkommen&#8230;<\/em><\/p>\n\n\n\n<p>  <\/p>\n\n\n\n<p><\/p>\n\n\n\n<p> <\/p>\n\n\n\n<p class=\"has-text-align-right has-vivid-red-color has-text-color has-large-font-size\"><em>&#8230; auf der Website der<\/em><\/p>\n\n\n\n<p class=\"has-text-align-right has-vivid-red-color has-text-color has-large-font-size\"><em> Grundschule Achtum!<\/em><\/p>\n\n\n\n<p> <\/p>\n\n\n\n<p><\/p>\n\n\n\n<figure class=\"wp-block-image\"><img loading=\"lazy\" decoding=\"async\" width=\"1200\" height=\"675\" src=\"https:\/\/wordpress.nibis.de\/dps-hi\/files\/2020\/01\/20200123_1006141-1200x675.jpg\" alt=\"\" class=\"wp-image-1190\" srcset=\"https:\/\/wordpress.nibis.de\/dps-hi\/files\/2020\/01\/20200123_1006141-1200x675.jpg 1200w, https:\/\/wordpress.nibis.de\/dps-hi\/files\/2020\/01\/20200123_1006141-250x141.jpg 250w, https:\/\/wordpress.nibis.de\/dps-hi\/files\/2020\/01\/20200123_1006141-850x478.jpg 850w\" sizes=\"auto, (max-width: 1200px) 100vw, 1200px\" \/><figcaption><br><br><br><\/figcaption><\/figure>\n\n\n\n<p class=\"has-medium-font-size\"><em>Auf den n\u00e4chsten Seiten haben wir Eindr\u00fccke \u00fcber unser Schulleben festgehalten.<\/em><\/p>\n\n\n\n<p class=\"has-medium-font-size\"><em>Viel Spa\u00df beim St\u00f6bern!<\/em><\/p>\n\n\n\n<div style=\"height:100px\" aria-hidden=\"true\" class=\"wp-block-spacer\"><\/div>\n\n\n\n<p>Ab dem Schuljahr 2022\/2023 werden wir von der Schulischen Sozialarbeiterin Fr. Rohrsen unterst\u00fctzt. Sie ist immer Mittwochs von 8 bis 14 Uhr an der Grundschule Achtum-Uppen oder telefonisch unter: <strong>05121\/3017062\u00a0<\/strong>erreichbar.<\/p>\n\n\n","protected":false},"excerpt":{"rendered":"<p>Herzlich Willkommen&#8230; &#8230; auf der Website der Grundschule Achtum! Auf den n\u00e4chsten Seiten haben wir Eindr\u00fccke \u00fcber unser Schulleben festgehalten. Viel Spa\u00df beim St\u00f6bern! Ab dem Schuljahr 2022\/2023 werden wir von der Schulischen Sozialarbeiterin Fr. Rohrsen unterst\u00fctzt. Sie ist immer Mittwochs von 8 bis 14 Uhr an der Grundschule Achtum-Uppen oder telefonisch unter: 05121\/3017062\u00a0erreichbar.<\/p>\n","protected":false},"author":9192772,"featured_media":0,"parent":0,"menu_order":6,"comment_status":"closed","ping_status":"closed","template":"","meta":{"footnotes":""},"class_list":["post-525","page","type-page","status-publish","hentry","without-featured-image"],"_links":{"self":[{"href":"https:\/\/wordpress.nibis.de\/dps-hi\/index.php?rest_route=\/wp\/v2\/pages\/525","targetHints":{"allow":["GET"]}}],"collection":[{"href":"https:\/\/wordpress.nibis.de\/dps-hi\/index.php?rest_route=\/wp\/v2\/pages"}],"about":[{"href":"https:\/\/wordpress.nibis.de\/dps-hi\/index.php?rest_route=\/wp\/v2\/types\/page"}],"author":[{"embeddable":true,"href":"https:\/\/wordpress.nibis.de\/dps-hi\/index.php?rest_route=\/wp\/v2\/users\/9192772"}],"replies":[{"embeddable":true,"href":"https:\/\/wordpress.nibis.de\/dps-hi\/index.php?rest_route=%2Fwp%2Fv2%2Fcomments&post=525"}],"version-history":[{"count":17,"href":"https:\/\/wordpress.nibis.de\/dps-hi\/index.php?rest_route=\/wp\/v2\/pages\/525\/revisions"}],"predecessor-version":[{"id":3074,"href":"https:\/\/wordpress.nibis.de\/dps-hi\/index.php?rest_route=\/wp\/v2\/pages\/525\/revisions\/3074"}],"wp:attachment":[{"href":"https:\/\/wordpress.nibis.de\/dps-hi\/index.php?rest_route=%2Fwp%2Fv2%2Fmedia&parent=525"}],"curies":[{"name":"wp","href":"https:\/\/api.w.org\/{rel}","templated":true}]}}