{"id":635,"date":"2018-12-30T18:16:13","date_gmt":"2018-12-30T17:16:13","guid":{"rendered":"https:\/\/wordpress.nibis.de\/dps-hi\/?page_id=635"},"modified":"2022-06-20T17:57:25","modified_gmt":"2022-06-20T15:57:25","slug":"foerderkonzept","status":"publish","type":"page","link":"https:\/\/wordpress.nibis.de\/dps-hi\/?page_id=635","title":{"rendered":"F\u00f6rderkonzept"},"content":{"rendered":"<p>Im Vordergrund stehen die individuellen Voraussetzungen und Bed\u00fcrfnisse der Kinder mit sprachlichen Beeintr\u00e4chtigungen. Da sprachliche F\u00e4higkeiten immer im Zusammenhang mit anderen Entwicklungsbereichen stehen, findet die F\u00f6rderung ebenfalls in Verkn\u00fcpfung mit verschiedenen Bereichen des Lernens statt.<\/p>\n<p>Ziel ist immer eine positive Beeinflussung des Lernverhaltens unter besonderer Ber\u00fccksichtigung der Sprache.<\/p>\n<p>F\u00f6rderschwerpunkte sind:<\/p>\n<ul>\n<li>Verbesserung der Aussprache<\/li>\n<li><span style=\"font-size: Revert;color: initial\">Verbesserung der Wortbildung und des Satzbaus<\/span><\/li>\n<li><span style=\"font-size: Revert;color: initial\">\u00a0Erweiterung des Wortschatzes<\/span><\/li>\n<li><span style=\"font-size: Revert;color: initial\">F\u00f6rderung kommunikativer F\u00e4higkeiten<\/span><\/li>\n<li><span style=\"font-size: Revert;color: initial\">Aufarbeitung von Problemen beim Lesen und Schreibenlernen<\/span><\/li>\n<\/ul>\n<p>Dar\u00fcber hinaus legen wir gro\u00dfen Wert auf<\/p>\n<ul>\n<li>die St\u00e4rkung des Selbstvertrauens<\/li>\n<li><span style=\"font-size: Revert;color: initial\">den Aufbau sozialer Verhaltensweisen<\/span><\/li>\n<li><span style=\"font-size: Revert;color: initial\">\u00dcbungen zur auditiven, visuellen und taktilen Wahrnehmung<\/span><\/li>\n<li><span style=\"font-size: Revert;color: initial\">rhythmisch-musikalische Erziehung<\/span><\/li>\n<li><span style=\"font-size: Revert;color: initial\">Psychomotorik<\/span><\/li>\n<\/ul>\n<p>In einem F\u00f6rdergutachten und mit Hilfe von individuellen F\u00f6rderpl\u00e4nen werden St\u00e4rken und Schw\u00e4chen der einzelnen Kinder erfasst. Auf dieser Grundlage k\u00f6nnen den Sch\u00fclerInnen gezielte Hilfen gegeben werden.<\/p>\n<p>Die F\u00f6rderung findet weitgehend im Klassenunterricht statt. Eine zus\u00e4tzliche au\u00dferschulische Sprachtherapie ist meistens dringend erforderlich.<\/p>\n<p style=\"text-align: justify\">\n","protected":false},"excerpt":{"rendered":"<p>Im Vordergrund stehen die individuellen Voraussetzungen und Bed\u00fcrfnisse der Kinder mit sprachlichen Beeintr\u00e4chtigungen. Da sprachliche F\u00e4higkeiten immer im Zusammenhang mit anderen Entwicklungsbereichen stehen, findet die F\u00f6rderung ebenfalls in Verkn\u00fcpfung mit verschiedenen Bereichen des Lernens statt. Ziel ist immer eine positive Beeinflussung des Lernverhaltens unter besonderer Ber\u00fccksichtigung der Sprache. F\u00f6rderschwerpunkte sind: Verbesserung der Aussprache Verbesserung der &hellip; <a href=\"https:\/\/wordpress.nibis.de\/dps-hi\/?page_id=635\" class=\"more-link\">Weiterlesen <span class=\"screen-reader-text\">F\u00f6rderkonzept<\/span><\/a><\/p>\n","protected":false},"author":9192772,"featured_media":0,"parent":105,"menu_order":2,"comment_status":"closed","ping_status":"closed","template":"","meta":{"footnotes":""},"class_list":["post-635","page","type-page","status-publish","hentry","without-featured-image"],"_links":{"self":[{"href":"https:\/\/wordpress.nibis.de\/dps-hi\/index.php?rest_route=\/wp\/v2\/pages\/635","targetHints":{"allow":["GET"]}}],"collection":[{"href":"https:\/\/wordpress.nibis.de\/dps-hi\/index.php?rest_route=\/wp\/v2\/pages"}],"about":[{"href":"https:\/\/wordpress.nibis.de\/dps-hi\/index.php?rest_route=\/wp\/v2\/types\/page"}],"author":[{"embeddable":true,"href":"https:\/\/wordpress.nibis.de\/dps-hi\/index.php?rest_route=\/wp\/v2\/users\/9192772"}],"replies":[{"embeddable":true,"href":"https:\/\/wordpress.nibis.de\/dps-hi\/index.php?rest_route=%2Fwp%2Fv2%2Fcomments&post=635"}],"version-history":[{"count":6,"href":"https:\/\/wordpress.nibis.de\/dps-hi\/index.php?rest_route=\/wp\/v2\/pages\/635\/revisions"}],"predecessor-version":[{"id":2803,"href":"https:\/\/wordpress.nibis.de\/dps-hi\/index.php?rest_route=\/wp\/v2\/pages\/635\/revisions\/2803"}],"up":[{"embeddable":true,"href":"https:\/\/wordpress.nibis.de\/dps-hi\/index.php?rest_route=\/wp\/v2\/pages\/105"}],"wp:attachment":[{"href":"https:\/\/wordpress.nibis.de\/dps-hi\/index.php?rest_route=%2Fwp%2Fv2%2Fmedia&parent=635"}],"curies":[{"name":"wp","href":"https:\/\/api.w.org\/{rel}","templated":true}]}}