{"id":989,"date":"2019-09-14T19:56:31","date_gmt":"2019-09-14T17:56:31","guid":{"rendered":"https:\/\/wordpress.nibis.de\/dps-hi\/?page_id=989"},"modified":"2024-11-22T20:33:35","modified_gmt":"2024-11-22T19:33:35","slug":"achtumer-schulfest-2019","status":"publish","type":"page","link":"https:\/\/wordpress.nibis.de\/dps-hi\/?page_id=989","title":{"rendered":"Achtum News"},"content":{"rendered":"\n<p><strong>Kinderfu\u00dfballtag<\/strong> 2024 (Future Sport)<\/p>\n\n\n\n<p>Kinderfu\u00dfballtag an der Grundschule Achtum ein voller Erfolg Die Grundschule Achtum freut sich, den Fu\u00dfballtag am 19.11.24 als vollen Erfolg verzeichnen zu k\u00f6nnen. Ohne die Hilfe unserer Sponsoren Bettels &amp; Schrader, M&amp;F KFZ-Technikermeister GmbH und Marschler Anlageservice w\u00e4re diese Veranstaltung nicht m\u00f6glich gewesen. Wir bedanken uns ausdr\u00fccklich f\u00fcr diese Unterst\u00fctzung. Es war ein sehr sch\u00f6ner Tag und die Kinder hatten mit den beiden Trainern der Fu\u00dfballschule von Karsten Surmann aus Harsum viel Freude an der Bewegung. Wir bedanken uns f\u00fcr die hervorragende Arbeit des Trainerteams, die die Kinder v\u00f6llig begeistert hat. Es ist geplant, auch in Zukunft dieses Event zu organisieren, um den Sch\u00fclerInnen ein besonderes Erlebnis zu bieten.<\/p>\n\n\n\n<p>Kinderfu\u00dfballtag an der Grundschule Achtum ein voller Erfolg Die Grundschule Achtum freut sich, den Fu\u00dfballtag am 19.11.24 als vollen Erfolg verzeichnen zu k\u00f6nnen. Ohne die Hilfe unserer Sponsoren Bettels &amp; Schrader, M&amp;F KFZ-Technikermeister GmbH und Marschler Anlageservice w\u00e4re diese Veranstaltung nicht m\u00f6glich gewesen. Wir bedanken uns ausdr\u00fccklich f\u00fcr diese Unterst\u00fctzung. Es war ein sehr sch\u00f6ner Tag und die Kinder hatten mit den beiden Trainern der Fu\u00dfballschule von Karsten Surmann aus Harsum viel Freude an der Bewegung. Wir bedanken uns f\u00fcr die hervorragende Arbeit des Trainerteams, die die Kinder v\u00f6llig begeistert hat. Es ist geplant, auch in Zukunft dieses Event zu organisieren, um den Sch\u00fclerInnen ein besonderes Erlebnis zu bieten.<\/p>\n\n\n\n<figure class=\"wp-block-gallery has-nested-images columns-default is-cropped wp-block-gallery-1 is-layout-flex wp-block-gallery-is-layout-flex\">\n<figure class=\"wp-block-image size-large\"><img decoding=\"async\" data-id=\"3438\" src=\"https:\/\/wordpress.nibis.de\/dps-hi\/files\/2024\/11\/KInder-Fussball-2.jpeg\" alt=\"\" class=\"wp-image-3438\" \/><\/figure>\n\n\n\n<figure class=\"wp-block-image size-large\"><img loading=\"lazy\" decoding=\"async\" width=\"1600\" height=\"1200\" data-id=\"3439\" src=\"https:\/\/wordpress.nibis.de\/dps-hi\/files\/2024\/11\/KINDER-FUSSBALL-ACHTUM.jpeg\" alt=\"\" class=\"wp-image-3439\" srcset=\"https:\/\/wordpress.nibis.de\/dps-hi\/files\/2024\/11\/KINDER-FUSSBALL-ACHTUM.jpeg 1600w, https:\/\/wordpress.nibis.de\/dps-hi\/files\/2024\/11\/KINDER-FUSSBALL-ACHTUM-768x576.jpeg 768w, https:\/\/wordpress.nibis.de\/dps-hi\/files\/2024\/11\/KINDER-FUSSBALL-ACHTUM-1536x1152.jpeg 1536w, https:\/\/wordpress.nibis.de\/dps-hi\/files\/2024\/11\/KINDER-FUSSBALL-ACHTUM-507x380.jpeg 507w\" sizes=\"auto, (max-width: 1600px) 100vw, 1600px\" \/><\/figure>\n<\/figure>\n\n\n\n<p><\/p>\n\n\n\n<p>A<strong>chtumer Schulfest 2019<\/strong><\/p>\n\n\n\n<p>Am 7. September 2019 fand ein Schulfest an der Grundschule statt. Die Vorbereitungen dazu begannen vor einem Jahr. Da h\u00e4tte der \u201eWettergott\u201c eigentlich von Anfang an gn\u00e4dig sein m\u00fcssen. Aber nach dem Motto: \u201eEs gibt kein schlechtes Wetter, sondern nur falsche Kleidung\u201c, war es eine sehr gelungene Veranstaltung. Die Klasse 3 hat ihre pers\u00f6nlichen Eindr\u00fccke vom Schulfest aufgeschrieben.<\/p>\n\n\n\n<p><strong>Ein besonderer Dank f\u00fcr die Unterst\u00fctzung geht an den F\u00f6rderverein und die helfenden Eltern. Des Weiteren m\u00f6chten wir uns bei Herrn Bauermeister f\u00fcr seine tollen Vorf\u00fchrungen des Puppentheaters bedanken. Ein weiterer Dank geht an die zahlreichen Spenden der Sponsoren: Noah, Da Filippo, Van der Valk, Lehnhoff, JEMAKO, Idee &amp; Spiel, Holzkopp, DM, Elektro Fischer, Hildesheimer Allgemeine Zeitung, Volksbank Hildesheim, Lehrte, Pattensen, Physio Praxis Fuchs &amp; Team, MC Donalds, EVI, Gerhard Liedtke GmbH, Toys Bos und der Sparkasse Hildesheim.<\/strong><\/p>\n\n\n\n<p>Ich fand den Sportparcours besonders toll! Da hatte ich mit Gl\u00fcck sogar die Bestzeit mit 13,6 Sekunden. Aber auch der Eierlauf und das Dosenwerfen haben viel Spa\u00df gemacht. Bei den Losen habe ich einen Luftballon gewonnen.\u00a0\u00a0\u00a0\u00a0 \u00a0\u00a0\u00a0\u00a0\u00a0<\/p>\n\n\n\n<p>Wir haben gesungen und bei den Losen Spielzeuge gewonnen. Im Sand fand eine Schatzsuche statt. Es gab rote, gelbe, blaue Steine und sogar Edelsteine. Der Kuchen war lecker und ich habe Popcorn gegessen. Die Feuerwehr hat gegrillt. F\u00fcr die Spiele gab es Laufkarten.\u00a0\u00a0\u00a0\u00a0\u00a0\u00a0\u00a0\u00a0\u00a0\u00a0\u00a0\u00a0\u00a0\u00a0\u00a0\u00a0\u00a0\u00a0\u00a0\u00a0\u00a0 \u00a0\u00a0\u00a0\u00a0\u00a0\u00a0\u00a0\u00a0\u00a0\u00a0\u00a0\u00a0\u00a0\u00a0\u00a0\u00a0\u00a0\u00a0\u00a0\u00a0\u00a0\u00a0<\/p>\n\n\n\n<p>Ich habe Schatzsuche gemacht und ganz viele Steine gefunden. Dann war ich noch auf der H\u00fcpfburg, habe Lose gezogen und Popcorn gegessen. Beim Ponyreiten musste ich helfen. Ich fand das Schulfest sehr gut.\u00a0\u00a0<\/p>\n\n\n\n<figure class=\"wp-block-image\"><img loading=\"lazy\" decoding=\"async\" width=\"1200\" height=\"675\" src=\"https:\/\/wordpress.nibis.de\/dps-hi\/files\/2019\/09\/DSC_0249-1200x675.jpg\" alt=\"\" class=\"wp-image-993\" srcset=\"https:\/\/wordpress.nibis.de\/dps-hi\/files\/2019\/09\/DSC_0249-1200x675.jpg 1200w, https:\/\/wordpress.nibis.de\/dps-hi\/files\/2019\/09\/DSC_0249-250x141.jpg 250w, https:\/\/wordpress.nibis.de\/dps-hi\/files\/2019\/09\/DSC_0249-850x478.jpg 850w\" sizes=\"auto, (max-width: 1200px) 100vw, 1200px\" \/><\/figure>\n\n\n\n<p><\/p>\n\n\n\n<p>Das Schulfest war richtig toll und ich d\u00fcrfte mir sogar vier Lose kaufen und hatte freie Auswahl. Es war ganz sch\u00f6n kalt, aber zum Gl\u00fcck habe ich mir Popcorn gekauft. Mit dem Laufzettel habe ich dann alle Spiele gemacht und zum Schluss bin ich noch geritten. Das hat Spa\u00df gemacht!<\/p>\n\n\n\n<p>Ich fand die H\u00fcpfburg toll, weil es dort so lustig war und die Buttonmaschine fand ich eine gute Idee. Das Kasperletheater war auch lustig und die Schatzsuche super. Die Brezel und die Getr\u00e4nke waren lecker und es war toll, dass man Pommes essen konnte. Das Kinderschminken war auch super, weil meine\u00a0 Freundin und ich uns gegenseitig geschminkt haben. Ich fand es einfach nur toll und bei Herrn Rausch habe ich Lesezeichen und Zahnpasta bekommen.\u00a0\u00a0\u00a0<\/p>\n\n\n\n<p><\/p>\n\n\n\n<p>Das Schulfest war super! Ich habe ganz viele Lose gekauft und ganz viele tolle Preise gewonnen. Sogar der Eismann war da und das Ponyreiten war nat\u00fcrlich auch super! Es gab eine H\u00fcpfburg und eine Popcornmaschine und es waren sehr viele Leute da.\u00a0\u00a0\u00a0\u00a0 \u00a0\u00a0\u00a0\u00a0\u00a0\u00a0\u00a0\u00a0\u00a0\u00a0\u00a0\u00a0\u00a0\u00a0\u00a0\u00a0\u00a0\u00a0\u00a0\u00a0\u00a0\u00a0\u00a0\u00a0\u00a0\u00a0\u00a0\u00a0\u00a0\u00a0\u00a0\u00a0\u00a0\u00a0\u00a0\u00a0\u00a0<\/p>\n\n\n\n<p>Es war sehr sch\u00f6n, weil es Eis, Popcorn und Spielsachen gab. Der Eismann Toni hat Eis verkauft. Am Grill konnte man Wurst und Pommes kaufen. Im Gemeindehaus gab es Kuchen\u00a0 und Spiele konnte man auch machen.\u00a0\u00a0\u00a0\u00a0\u00a0 \u00a0\u00a0\u00a0\u00a0\u00a0\u00a0<\/p>\n\n\n\n<p>Das Schulfest war toll! Es gab sehr viele Sachen, die man machen konnte: Popcorn essen, auf die H\u00fcpfburg gehen, Eierlauf, Sackh\u00fcpfen, Dosenwerfen. Ein Eiswagen war auch da. Ach, fast vergessen! Es gab auch Ponyreiten und ich habe da gemacht. Das Tollste war, es gab auch Lose und ich habe ein Spiel gewonnen. Eine oder zwei Stunden nach dem Ponyreiten war Kasperletheater und die Geschichte hie\u00df \u201e Kasper will nicht in die ?\u201c Das St\u00fcck war sehr lustig und ich fand es toll. Danach war das Schulfest auch fast wieder zu Ende. Ich blieb noch ein bisschen mit meinen Eltern und habe noch beim Abbau geholfen.\u00a0\u00a0\u00a0\u00a0\u00a0\u00a0\u00a0\u00a0\u00a0\u00a0\u00a0 \u00a0\u00a0<\/p>\n\n\n\n<p>Das Schulfest war gut. Es gab viele Spiele zur Auswahl und viele Sachen bei den Losen zu gewinnen. Als die Lehrer gerufen haben, dass es gibt nur noch freie Auswahl gibt\u201c, stand f\u00fcr mich fest: \u201eJetzt klappt es sicher\u201c, und es hat geklappt.    <\/p>\n\n\n\n<p>Das Schulfest war toll! Da gab es Essen Popcorn; Schatzsuche, Eierlauf, einen Eiswagen und andere tolle Sachen. Ich habe mit Jungen aus der zweiten Klasse gespielt und das hat sehr viel Spa\u00df gemacht. Ich bin nur zwei Stunden auf dem Schulfest geblieben. Andere Kinder haben mir sp\u00e4ter erz\u00e4hlt, dass auch eine H\u00fcpfburg da war. Es war schade, dass ich die nicht gesehen habe, aber alles andere hat Spa\u00df gemacht.\u00a0\u00a0\u00a0\u00a0\u00a0\u00a0\u00a0\u00a0\u00a0\u00a0\u00a0\u00a0\u00a0\u00a0\u00a0\u00a0\u00a0\u00a0\u00a0\u00a0\u00a0\u00a0\u00a0\u00a0\u00a0\u00a0\u00a0 \u00a0\u00a0\u00a0\u00a0\u00a0\u00a0\u00a0\u00a0\u00a0\u00a0\u00a0\u00a0\u00a0\u00a0\u00a0\u00a0\u00a0\u00a0\u00a0\u00a0\u00a0\u00a0\u00a0\u00a0\u00a0\u00a0\u00a0\u00a0<\/p>\n","protected":false},"excerpt":{"rendered":"<p>Kinderfu\u00dfballtag 2024 (Future Sport) Kinderfu\u00dfballtag an der Grundschule Achtum ein voller Erfolg Die Grundschule Achtum freut sich, den Fu\u00dfballtag am 19.11.24 als vollen Erfolg verzeichnen zu k\u00f6nnen. Ohne die Hilfe unserer Sponsoren Bettels &amp; Schrader, M&amp;F KFZ-Technikermeister GmbH und Marschler Anlageservice w\u00e4re diese Veranstaltung nicht m\u00f6glich gewesen. Wir bedanken uns ausdr\u00fccklich f\u00fcr diese Unterst\u00fctzung. Es &hellip; <a href=\"https:\/\/wordpress.nibis.de\/dps-hi\/?page_id=989\" class=\"more-link\">Weiterlesen <span class=\"screen-reader-text\">Achtum News<\/span><\/a><\/p>\n","protected":false},"author":9192772,"featured_media":0,"parent":525,"menu_order":11,"comment_status":"closed","ping_status":"closed","template":"","meta":{"footnotes":""},"class_list":["post-989","page","type-page","status-publish","hentry","without-featured-image"],"_links":{"self":[{"href":"https:\/\/wordpress.nibis.de\/dps-hi\/index.php?rest_route=\/wp\/v2\/pages\/989","targetHints":{"allow":["GET"]}}],"collection":[{"href":"https:\/\/wordpress.nibis.de\/dps-hi\/index.php?rest_route=\/wp\/v2\/pages"}],"about":[{"href":"https:\/\/wordpress.nibis.de\/dps-hi\/index.php?rest_route=\/wp\/v2\/types\/page"}],"author":[{"embeddable":true,"href":"https:\/\/wordpress.nibis.de\/dps-hi\/index.php?rest_route=\/wp\/v2\/users\/9192772"}],"replies":[{"embeddable":true,"href":"https:\/\/wordpress.nibis.de\/dps-hi\/index.php?rest_route=%2Fwp%2Fv2%2Fcomments&post=989"}],"version-history":[{"count":5,"href":"https:\/\/wordpress.nibis.de\/dps-hi\/index.php?rest_route=\/wp\/v2\/pages\/989\/revisions"}],"predecessor-version":[{"id":3440,"href":"https:\/\/wordpress.nibis.de\/dps-hi\/index.php?rest_route=\/wp\/v2\/pages\/989\/revisions\/3440"}],"up":[{"embeddable":true,"href":"https:\/\/wordpress.nibis.de\/dps-hi\/index.php?rest_route=\/wp\/v2\/pages\/525"}],"wp:attachment":[{"href":"https:\/\/wordpress.nibis.de\/dps-hi\/index.php?rest_route=%2Fwp%2Fv2%2Fmedia&parent=989"}],"curies":[{"name":"wp","href":"https:\/\/api.w.org\/{rel}","templated":true}]}}