{"id":189,"date":"2025-04-23T14:54:07","date_gmt":"2025-04-23T12:54:07","guid":{"rendered":"https:\/\/wordpress.nibis.de\/du-bbs\/?page_id=189"},"modified":"2025-04-23T16:27:12","modified_gmt":"2025-04-23T14:27:12","slug":"berufsuebergreifender-lernbereich","status":"publish","type":"page","link":"https:\/\/wordpress.nibis.de\/du-bbs\/berufsuebergreifender-lernbereich\/","title":{"rendered":"Berufs\u00fcbergreifender Lernbereich"},"content":{"rendered":"\n<p><strong>Deutsch<\/strong><\/p>\n\n\n\n<figure class=\"wp-block-table is-style-stripes\"><table class=\"has-fixed-layout\"><tbody><tr><td><strong>Titel der Lernsituation<\/strong><\/td><td><strong>Lernsituation<\/strong><\/td><td><strong>Materialien zur Lernsituation<\/strong><\/td><\/tr><tr><td><strong>Eine Fachdokumentation f\u00fcr die Abziehsteineinfassung anfertigen<\/strong><br>Berufsschule, Berufsfachschule &#8211; Tischler\/in<br>Deutsch \/ Komm.<\/td><td><a href=\"https:\/\/wordpress.nibis.de\/du-bbs\/files\/2025\/04\/2021_BS_BFS_Fachdokumentation_verfassen.pdf\" data-type=\"URL\" data-id=\"https:\/\/wordpress.nibis.de\/du-bbs\/files\/2025\/04\/2021_BS_BFS_Fachdokumentation_verfassen.pdf\">Lernsituation (pdf)<\/a><\/td><td><a href=\"https:\/\/wordpress.nibis.de\/du-bbs\/files\/2025\/04\/2021_BS_BFS_Fachdokumentation_verfassen.docx\" data-type=\"URL\" data-id=\"https:\/\/wordpress.nibis.de\/du-bbs\/files\/2025\/04\/2021_BS_BFS_Fachdokumentation_verfassen.docx\">Lernsituation und Materialien (docx)<\/a><\/td><\/tr><tr><td><strong>Einen Wiki-Beitrag verfassen<\/strong><br>Berufliches Gymnasium, Einf\u00fchrungsphase (Jahrgangsstufe 11), Deutsch<\/td><td><a href=\"https:\/\/wordpress.nibis.de\/du-bbs\/files\/2025\/04\/2021_BG_Wiki-Beitrag-_zur_Epoche_der_Aufkla_rung-materialgestu_tzt_verfassen.pdf\" data-type=\"URL\" data-id=\"https:\/\/wordpress.nibis.de\/du-bbs\/files\/2025\/04\/2021_BG_Wiki-Beitrag-_zur_Epoche_der_Aufkla_rung-materialgestu_tzt_verfassen.pdf\">Lernsituation (pdf)<\/a><\/td><td><a href=\"https:\/\/wordpress.nibis.de\/du-bbs\/files\/2025\/04\/2021_BG_Wiki-Beitrag-_zur_Epoche_der_Aufkla_rung-materialgestu_tzt_verfassen.docx\" data-type=\"URL\" data-id=\"https:\/\/wordpress.nibis.de\/du-bbs\/files\/2025\/04\/2021_BG_Wiki-Beitrag-_zur_Epoche_der_Aufkla_rung-materialgestu_tzt_verfassen.docx\">Lernsituation und Materialien (docx)<\/a><\/td><\/tr><tr><td><strong>Die pers\u00f6nliche Bewerbungsmappe erstellen und pr\u00e4sentieren<\/strong><br>Berufseinstiegsschule &#8211; Deutsch<\/td><td><a href=\"https:\/\/wordpress.nibis.de\/du-bbs\/files\/2025\/04\/2021_BS_BFS_Bewerbungsmappe-erstellen.pdf\" data-type=\"URL\" data-id=\"https:\/\/wordpress.nibis.de\/du-bbs\/files\/2025\/04\/2021_BS_BFS_Bewerbungsmappe-erstellen.pdf\">Lernsituation (pdf)<\/a><\/td><td><a href=\"https:\/\/wordpress.nibis.de\/du-bbs\/files\/2025\/04\/2021_BS_BFS_Bewerbungsmappe-erstellen.docx\" data-type=\"URL\" data-id=\"https:\/\/wordpress.nibis.de\/du-bbs\/files\/2025\/04\/2021_BS_BFS_Bewerbungsmappe-erstellen.docx\">Lernsituation und Materialien (docx)<\/a><\/td><\/tr><\/tbody><\/table><\/figure>\n\n\n\n<p><strong>Englisch<\/strong><\/p>\n\n\n\n<figure class=\"wp-block-table is-style-stripes\"><table class=\"has-fixed-layout\"><tbody><tr><td><strong>Titel der Lernsituation<\/strong><\/td><td><strong>Lernsituation<\/strong><\/td><td><strong>Materialien zur Lernsituation<\/strong><\/td><\/tr><tr><td>Creating a reader<br>Berufsfachschule &#8211; Englisch<\/td><td><a href=\"https:\/\/wordpress.nibis.de\/du-bbs\/files\/2025\/04\/2021_BFS_ENA2_Creating_a_reader.pdf\" data-type=\"URL\" data-id=\"https:\/\/wordpress.nibis.de\/du-bbs\/files\/2025\/04\/2021_BFS_ENA2_Creating_a_reader.pdf\">Lernsituation (pdf)<\/a><\/td><td><a href=\"https:\/\/wordpress.nibis.de\/du-bbs\/files\/2025\/04\/2021_BFS_ENA2_Creating_a_reader_M.zip\" data-type=\"URL\" data-id=\"https:\/\/wordpress.nibis.de\/du-bbs\/files\/2025\/04\/2021_BFS_ENA2_Creating_a_reader_M.zip\">Lernsituation und Materialien (zip)<\/a><\/td><\/tr><tr><td>Reported Speech \u2013 (Writing articles)<br>Berufliches Gymnasium &#8211; Englisch &#8211; Einf\u00fchrungsphase<\/td><td><a href=\"https:\/\/wordpress.nibis.de\/du-bbs\/files\/2025\/04\/2021_BG_EN_B1_Reported_Speech.pdf\" data-type=\"URL\" data-id=\"https:\/\/wordpress.nibis.de\/du-bbs\/files\/2025\/04\/2021_BG_EN_B1_Reported_Speech.pdf\">Lernsituation (pdf)<\/a><\/td><td><a href=\"https:\/\/wordpress.nibis.de\/du-bbs\/files\/2025\/04\/2021_BG_EN_B1_Reported_Speech_M.zip\" data-type=\"URL\" data-id=\"https:\/\/wordpress.nibis.de\/du-bbs\/files\/2025\/04\/2021_BG_EN_B1_Reported_Speech_M.zip\">Lernsituation und Materialien (zip)<\/a><\/td><\/tr><tr><td>Application Portfolio<br>Berufsfachschule &#8211; Englisch<\/td><td><a href=\"https:\/\/wordpress.nibis.de\/du-bbs\/files\/2025\/04\/2021_BS_ENB1_Application-Portfolio.pdf\" data-type=\"URL\" data-id=\"https:\/\/wordpress.nibis.de\/du-bbs\/files\/2025\/04\/2021_BS_ENB1_Application-Portfolio.pdf\">Lernsituation (pdf)<\/a><\/td><td><a href=\"https:\/\/wordpress.nibis.de\/du-bbs\/files\/2025\/04\/2021_BS_Application-Portfolio_M.zip\" data-type=\"URL\" data-id=\"https:\/\/wordpress.nibis.de\/du-bbs\/files\/2025\/04\/2021_BS_Application-Portfolio_M.zip\">Lernsituation und Materialien (zip)<\/a><\/td><\/tr><\/tbody><\/table><\/figure>\n\n\n\n<p><strong>Mathematik<\/strong><\/p>\n\n\n\n<figure class=\"wp-block-table is-style-stripes\"><table class=\"has-fixed-layout\"><tbody><tr><td><strong>Titel der Lernsituation<\/strong><\/td><td><strong>Lernsituation<\/strong><\/td><td><strong>Materialien zur Lernsituation<\/strong><\/td><\/tr><tr><td>Temperaturmesssystem vervollst\u00e4ndigen<br>BG\/FOS (Technik) &#8211; Mathematik<\/td><td><a href=\"https:\/\/wordpress.nibis.de\/du-bbs\/files\/2025\/04\/20210201_LS-Mathematik_Technik.pdf\" data-type=\"URL\" data-id=\"https:\/\/wordpress.nibis.de\/du-bbs\/files\/2025\/04\/20210201_LS-Mathematik_Technik.pdf\">Lernsituation (pdf)<\/a><\/td><td><a href=\"https:\/\/wordpress.nibis.de\/du-bbs\/files\/2025\/04\/20210201_LS-Mathematik_Technik.docx\" data-type=\"URL\" data-id=\"https:\/\/wordpress.nibis.de\/du-bbs\/files\/2025\/04\/20210201_LS-Mathematik_Technik.docx\">Lernsituation und Materialien (docx)<\/a><\/td><\/tr><tr><td>Kostentheorie 1: Preisfestsetzung<br>BG Qualifikationsphase\/FOS 12 &#8211; Mathematik<\/td><td><a href=\"https:\/\/wordpress.nibis.de\/du-bbs\/files\/2025\/04\/2021_Mathe_BG_Qualifikationsphase_FOS12_Kostentheorie_Preisfestlegung.pdf\" data-type=\"URL\" data-id=\"https:\/\/wordpress.nibis.de\/du-bbs\/files\/2025\/04\/2021_Mathe_BG_Qualifikationsphase_FOS12_Kostentheorie_Preisfestlegung.pdf\">Lernsituation (pdf)<\/a><\/td><td><a href=\"https:\/\/wordpress.nibis.de\/du-bbs\/files\/2025\/04\/2021_Mathe_BG_Qualifikationsphase_FOS12_Kostentheorie_Preisfestlegung_Material.zip\" data-type=\"URL\" data-id=\"https:\/\/wordpress.nibis.de\/du-bbs\/files\/2025\/04\/2021_Mathe_BG_Qualifikationsphase_FOS12_Kostentheorie_Preisfestlegung_Material.zip\">Lernsituation und Materialien (zip)<\/a><\/td><\/tr><tr><td>Markt analysieren<br>BG-W und BG-GuS L1 und L2<br>FOS Mathematik: Lerngebiet 12.1<\/td><td><a href=\"https:\/\/wordpress.nibis.de\/du-bbs\/files\/2025\/04\/LS-_Mathematik_2024.pdf\" data-type=\"URL\" data-id=\"https:\/\/wordpress.nibis.de\/du-bbs\/files\/2025\/04\/LS-_Mathematik_2024.pdf\">Lernsituation (pdf)<\/a><\/td><td><a href=\"https:\/\/wordpress.nibis.de\/du-bbs\/files\/2025\/04\/LS-_Mathematik_2024.docx\" data-type=\"URL\" data-id=\"https:\/\/wordpress.nibis.de\/du-bbs\/files\/2025\/04\/LS-_Mathematik_2024.docx\">Lernsituation und Materialien (docx)<\/a><\/td><\/tr><tr><td>L\u00fcftermotor ausw\u00e4hlen<br>Fachoberschule \u2013 Technik &#8211;<br>Mathematik LG 12.1: Ganzrationale Funktionen<\/td><td><a href=\"https:\/\/wordpress.nibis.de\/du-bbs\/files\/2025\/04\/20210201_FOS_Lueftermotor_auswaehlen_ueberarbeitet.pdf\" data-type=\"URL\" data-id=\"https:\/\/wordpress.nibis.de\/du-bbs\/files\/2025\/04\/20210201_FOS_Lueftermotor_auswaehlen_ueberarbeitet.pdf\">Lernsituation (pdf)<\/a><\/td><td><a href=\"https:\/\/wordpress.nibis.de\/du-bbs\/files\/2025\/04\/Lueftermotor.zip\" data-type=\"URL\" data-id=\"https:\/\/wordpress.nibis.de\/du-bbs\/files\/2025\/04\/Lueftermotor.zip\">Lernsituation und Materialien (zip)<\/a><\/td><\/tr><\/tbody><\/table><\/figure>\n\n\n\n<p><strong>Politik<\/strong><\/p>\n\n\n\n<figure class=\"wp-block-table is-style-stripes\"><table class=\"has-fixed-layout\"><tbody><tr><td><strong>Titel der Lernsituation<\/strong><\/td><td><strong>Lernsituation<\/strong><\/td><td><strong>Materialien zur Lernsituation<\/strong><\/td><\/tr><tr><td>Verschw\u00f6rungserz\u00e4hlungen erkennen<br>Alle Bildungsg\u00e4nge DQR-Niveaustufe 3, Unterrichtsfach Politik,<br>Lernfeld &#8222;Demokratie gestalten und vertreten\u201c<\/td><td><a href=\"https:\/\/wordpress.nibis.de\/du-bbs\/files\/2025\/04\/2021_Pol_Verschwoerungserzaehlungen_erkennen-final.pdf\" data-type=\"URL\" data-id=\"https:\/\/wordpress.nibis.de\/du-bbs\/files\/2025\/04\/2021_Pol_Verschwoerungserzaehlungen_erkennen-final.pdf\">Lernsituation (pdf)<\/a><\/td><td><a href=\"https:\/\/wordpress.nibis.de\/du-bbs\/files\/2025\/04\/2021_Pol_Verschwoerungserzaehlungen_erkennen-final.zip\" data-type=\"URL\" data-id=\"https:\/\/wordpress.nibis.de\/du-bbs\/files\/2025\/04\/2021_Pol_Verschwoerungserzaehlungen_erkennen-final.zip\">Lernsituation und Materialien (zip)<\/a><\/td><\/tr><tr><td>Echt wahr!? \u2013 Sind Verschw\u00f6rungstheorien harmlose Geschichten oder eine Bedrohung f\u00fcr die Demokratie?<br>Alle Bildungsg\u00e4nge DQR-Niveaustufe 4, Unterrichtsfach Politik,<br>Lernfeld &#8222;Demokratie gestalten und vertreten\u201c<\/td><td><a href=\"https:\/\/wordpress.nibis.de\/du-bbs\/files\/2025\/04\/2021_POL_Verschwoerungstheorien_beurteilen.pdf\" data-type=\"URL\" data-id=\"https:\/\/wordpress.nibis.de\/du-bbs\/files\/2025\/04\/2021_POL_Verschwoerungstheorien_beurteilen.pdf\">Lernsituation (pdf)<\/a><\/td><td><a href=\"https:\/\/wordpress.nibis.de\/du-bbs\/files\/2025\/04\/2021_POL_Verschwoerungstheorien_beurteilen_M.zip\" data-type=\"URL\" data-id=\"https:\/\/wordpress.nibis.de\/du-bbs\/files\/2025\/04\/2021_POL_Verschwoerungstheorien_beurteilen_M.zip\">Lernsituation und Materialien (zip)<\/a><\/td><\/tr><tr><td>Bundestagswahlen \u2013 Hat die kommende Wahl \u00fcberhaupt noch eine Bedeutung f\u00fcr mich?<br>Alle Bildungsg\u00e4nge DQR-Niveaustufe 4, Unterrichtsfach Politik,<br>Lernfeld &#8222;Demokratie gestalten und vertreten\u201c<\/td><td><a href=\"https:\/\/wordpress.nibis.de\/du-bbs\/files\/2025\/04\/LS_Bundestag_Janssen.pdf\" data-type=\"URL\" data-id=\"https:\/\/wordpress.nibis.de\/du-bbs\/files\/2025\/04\/LS_Bundestag_Janssen.pdf\">Lernsituation (pdf)<\/a><\/td><td><a href=\"https:\/\/wordpress.nibis.de\/du-bbs\/files\/2025\/04\/LS_Bundestag_GA.zip\" data-type=\"URL\" data-id=\"https:\/\/wordpress.nibis.de\/du-bbs\/files\/2025\/04\/LS_Bundestag_GA.zip\">Lernsituation und Materialien (zip)<\/a><\/td><\/tr><\/tbody><\/table><\/figure>\n\n\n\n<p><strong>Religion evangelisch<\/strong><\/p>\n\n\n\n<figure class=\"wp-block-table is-style-stripes\"><table class=\"has-fixed-layout\"><tbody><tr><td><strong>Titel der Lernsituation<\/strong><\/td><td><strong>Lernsituation<\/strong><\/td><td><strong>Materialien zur Lernsituation<\/strong><\/td><\/tr><tr><td>Digitalisierung und christliche Verantwortung?!<br>DQR-Niveaustufe 4<\/td><td><a href=\"https:\/\/wordpress.nibis.de\/du-bbs\/files\/2025\/04\/210204-2021_Ev.-Religion_NI4_-LS_VH_Digitalisierung_LFA_C_mit-Hinweisen_DU_neuer-Kopf.pdf\" data-type=\"URL\" data-id=\"https:\/\/wordpress.nibis.de\/du-bbs\/files\/2025\/04\/210204-2021_Ev.-Religion_NI4_-LS_VH_Digitalisierung_LFA_C_mit-Hinweisen_DU_neuer-Kopf.pdf\">Lernsituation (pdf)<\/a><\/td><td><a href=\"https:\/\/wordpress.nibis.de\/du-bbs\/files\/2025\/04\/2021_Materialien-fuer-die-LS_Digitalisierung-und-christliche-Verantwortung.zip\" data-type=\"URL\" data-id=\"https:\/\/wordpress.nibis.de\/du-bbs\/files\/2025\/04\/2021_Materialien-fuer-die-LS_Digitalisierung-und-christliche-Verantwortung.zip\">Lernsituation und Materialien (zip)<\/a><\/td><\/tr><\/tbody><\/table><\/figure>\n\n\n\n<p><strong>Spanisch<\/strong><\/p>\n\n\n\n<figure class=\"wp-block-table is-style-stripes\"><table class=\"has-fixed-layout\"><tbody><tr><td><strong>Titel der Lernsituation<\/strong><\/td><td><strong>Lernsituation<\/strong><\/td><td><strong>Materialien zur Lernsituation<\/strong><\/td><\/tr><tr><td><strong>Presentar mi pueblo\/ciudad y mi habitaci\u00f3n<\/strong><br>Berufliches Gymnasium Einf\u00fchrungsphase Spanisch<\/td><td><a href=\"https:\/\/wordpress.nibis.de\/du-bbs\/files\/2025\/04\/2021_BG_Spanisch_Presentar-mi-pueblo_ciudad.pdf\" data-type=\"URL\" data-id=\"https:\/\/wordpress.nibis.de\/du-bbs\/files\/2025\/04\/2021_BG_Spanisch_Presentar-mi-pueblo_ciudad.pdf\">Lernsituation (pdf)<\/a><\/td><td><a href=\"https:\/\/wordpress.nibis.de\/du-bbs\/files\/2025\/04\/2021_BG_Spanisch_LS_Material.zip\" data-type=\"URL\" data-id=\"https:\/\/wordpress.nibis.de\/du-bbs\/files\/2025\/04\/2021_BG_Spanisch_LS_Material.zip\">Lernsituation und Materialien (zip)<\/a><\/td><\/tr><\/tbody><\/table><\/figure>\n\n\n\n<p><strong>Sport<\/strong><\/p>\n\n\n\n<figure class=\"wp-block-table is-style-stripes\"><table class=\"has-fixed-layout\"><tbody><tr><td><strong>Titel der Lernsituation<\/strong><\/td><td><strong>Lernsituation<\/strong><\/td><td><strong>Materialien zur Lernsituation<\/strong><\/td><\/tr><tr><td>Koordination f\u00f6rdern<br>Berufliches Gymnasium \u2013 Fach: Sport \u2013 Einf\u00fchrungsphase (Klasse 11)<\/td><td><a href=\"https:\/\/wordpress.nibis.de\/du-bbs\/files\/2025\/04\/2021_BG_Koordination_fo_rdern.pdf\" data-type=\"URL\" data-id=\"https:\/\/wordpress.nibis.de\/du-bbs\/files\/2025\/04\/2021_BG_Koordination_fo_rdern.pdf\">Lernsituation (pdf)<\/a><\/td><td><a href=\"https:\/\/wordpress.nibis.de\/du-bbs\/files\/2025\/04\/Sport.zip\" data-type=\"URL\" data-id=\"https:\/\/wordpress.nibis.de\/du-bbs\/files\/2025\/04\/Sport.zip\">Lernsituation und Materialien (zip)<\/a><\/td><\/tr><\/tbody><\/table><\/figure>\n\n\n\n<p><strong>Werte und Normen<\/strong><\/p>\n\n\n\n<figure class=\"wp-block-table is-style-stripes\"><table class=\"has-fixed-layout\"><tbody><tr><td><strong>Titel der Lernsituation<\/strong><\/td><td><strong>Lernsituation<\/strong><\/td><td><strong>Materialien zur Lernsituation<\/strong><\/td><\/tr><tr><td>Sinn finden im Beruf?<br>Berufliches Gymnasium &#8211; Fach: Werte und Normen &#8211; 13. Jahrgang<\/td><td><a href=\"https:\/\/wordpress.nibis.de\/du-bbs\/files\/2025\/04\/2021_BG_13_Sinn_finden_WuN.pdf\" data-type=\"URL\" data-id=\"https:\/\/wordpress.nibis.de\/du-bbs\/files\/2025\/04\/2021_BG_13_Sinn_finden_WuN.pdf\">Lernsituation (pdf)<\/a><\/td><td><a href=\"https:\/\/wordpress.nibis.de\/du-bbs\/files\/2025\/04\/2021_BG_13_Sinn_finden_M_WuN.zip\" data-type=\"URL\" data-id=\"https:\/\/wordpress.nibis.de\/du-bbs\/files\/2025\/04\/2021_BG_13_Sinn_finden_M_WuN.zip\">Lernsituation und Materialien (zip)<\/a><\/td><\/tr><\/tbody><\/table><\/figure>\n","protected":false},"excerpt":{"rendered":"<p>Deutsch Titel der Lernsituation Lernsituation Materialien zur Lernsituation Eine Fachdokumentation f\u00fcr die Abziehsteineinfassung anfertigenBerufsschule, Berufsfachschule &#8211; Tischler\/inDeutsch \/ Komm. Lernsituation (pdf) Lernsituation und Materialien (docx) Einen Wiki-Beitrag verfassenBerufliches Gymnasium, Einf\u00fchrungsphase (Jahrgangsstufe 11), Deutsch Lernsituation (pdf) Lernsituation und Materialien (docx) Die pers\u00f6nliche Bewerbungsmappe erstellen und pr\u00e4sentierenBerufseinstiegsschule &#8211; Deutsch Lernsituation (pdf) Lernsituation und Materialien (docx) Englisch Titel &hellip; <a href=\"https:\/\/wordpress.nibis.de\/du-bbs\/berufsuebergreifender-lernbereich\/\" class=\"more-link\"><span class=\"screen-reader-text\">Berufs\u00fcbergreifender Lernbereich<\/span> weiterlesen <span class=\"meta-nav\">&rarr;<\/span><\/a><\/p>\n","protected":false},"author":9194395,"featured_media":0,"parent":0,"menu_order":0,"comment_status":"closed","ping_status":"closed","template":"","meta":{"footnotes":""},"class_list":["post-189","page","type-page","status-publish","hentry"],"_links":{"self":[{"href":"https:\/\/wordpress.nibis.de\/du-bbs\/wp-json\/wp\/v2\/pages\/189","targetHints":{"allow":["GET"]}}],"collection":[{"href":"https:\/\/wordpress.nibis.de\/du-bbs\/wp-json\/wp\/v2\/pages"}],"about":[{"href":"https:\/\/wordpress.nibis.de\/du-bbs\/wp-json\/wp\/v2\/types\/page"}],"author":[{"embeddable":true,"href":"https:\/\/wordpress.nibis.de\/du-bbs\/wp-json\/wp\/v2\/users\/9194395"}],"replies":[{"embeddable":true,"href":"https:\/\/wordpress.nibis.de\/du-bbs\/wp-json\/wp\/v2\/comments?post=189"}],"version-history":[{"count":15,"href":"https:\/\/wordpress.nibis.de\/du-bbs\/wp-json\/wp\/v2\/pages\/189\/revisions"}],"predecessor-version":[{"id":240,"href":"https:\/\/wordpress.nibis.de\/du-bbs\/wp-json\/wp\/v2\/pages\/189\/revisions\/240"}],"wp:attachment":[{"href":"https:\/\/wordpress.nibis.de\/du-bbs\/wp-json\/wp\/v2\/media?parent=189"}],"curies":[{"name":"wp","href":"https:\/\/api.w.org\/{rel}","templated":true}]}}