{"id":23,"date":"2025-04-18T08:04:48","date_gmt":"2025-04-18T06:04:48","guid":{"rendered":"https:\/\/wordpress.nibis.de\/du-bbs\/?page_id=23"},"modified":"2025-04-18T08:04:48","modified_gmt":"2025-04-18T06:04:48","slug":"wie-wird-distanzunterricht-in-das-schulische-curriculum-eingebunden","status":"publish","type":"page","link":"https:\/\/wordpress.nibis.de\/du-bbs\/wie-wird-distanzunterricht-in-das-schulische-curriculum-eingebunden\/","title":{"rendered":"Wie wird Distanzunterricht in das Schulische Curriculum eingebunden?"},"content":{"rendered":"\n<p>Bei der Entwicklung der Jahresplanung und der didaktisch-methodischen Planung gem\u00e4\u00df SchuCu-BBS ist die Planung und Durchf\u00fchrung von Lernsituationen im Pr\u00e4senz- und Distanzunterrichts verbindlich zu ber\u00fccksichtigen und im Vorfeld klar zu kommunizieren. F\u00fcr das&nbsp;<strong>Gelingen des Distanzunterrichts<\/strong>&nbsp;sind sorgf\u00e4ltige Absprachen der Lehrkr\u00e4fte innerhalb der Bildungsgangs- und Fachgruppen notwendig, auch hinsichtlich der Anforderungen an geeignete Endger\u00e4te. Es geht darum, eine gemeinsame Haltung zum Distanzunterricht zu finden, bei der die Lehrkr\u00e4fte untereinander als auch Lehrkr\u00e4fte und Sch\u00fclerinnen und Sch\u00fcler verbindlich gemeinsam handeln. Anpassungen der didaktisch-methodischen Planungen schulischer Curricula sind f\u00fcr alle Lehrkr\u00e4fte transparent zu machen.<\/p>\n\n\n\n<p>Auch im Distanzunterricht sind Lernsituationen das zentrale Element des handlungsorientierten Unterrichts. F\u00fcr den Pr\u00e4senz- und Distanzunterricht vorzusehende Lernsituationen sind in die verbindliche Jahresplanung zu \u00fcbertragen.<\/p>\n","protected":false},"excerpt":{"rendered":"<p>Bei der Entwicklung der Jahresplanung und der didaktisch-methodischen Planung gem\u00e4\u00df SchuCu-BBS ist die Planung und Durchf\u00fchrung von Lernsituationen im Pr\u00e4senz- und Distanzunterrichts verbindlich zu ber\u00fccksichtigen und im Vorfeld klar zu kommunizieren. F\u00fcr das&nbsp;Gelingen des Distanzunterrichts&nbsp;sind sorgf\u00e4ltige Absprachen der Lehrkr\u00e4fte innerhalb der Bildungsgangs- und Fachgruppen notwendig, auch hinsichtlich der Anforderungen an geeignete Endger\u00e4te. Es geht darum, &hellip; <a href=\"https:\/\/wordpress.nibis.de\/du-bbs\/wie-wird-distanzunterricht-in-das-schulische-curriculum-eingebunden\/\" class=\"more-link\"><span class=\"screen-reader-text\">Wie wird Distanzunterricht in das Schulische Curriculum eingebunden?<\/span> weiterlesen <span class=\"meta-nav\">&rarr;<\/span><\/a><\/p>\n","protected":false},"author":9194395,"featured_media":0,"parent":0,"menu_order":0,"comment_status":"closed","ping_status":"closed","template":"","meta":{"footnotes":""},"class_list":["post-23","page","type-page","status-publish","hentry"],"_links":{"self":[{"href":"https:\/\/wordpress.nibis.de\/du-bbs\/wp-json\/wp\/v2\/pages\/23","targetHints":{"allow":["GET"]}}],"collection":[{"href":"https:\/\/wordpress.nibis.de\/du-bbs\/wp-json\/wp\/v2\/pages"}],"about":[{"href":"https:\/\/wordpress.nibis.de\/du-bbs\/wp-json\/wp\/v2\/types\/page"}],"author":[{"embeddable":true,"href":"https:\/\/wordpress.nibis.de\/du-bbs\/wp-json\/wp\/v2\/users\/9194395"}],"replies":[{"embeddable":true,"href":"https:\/\/wordpress.nibis.de\/du-bbs\/wp-json\/wp\/v2\/comments?post=23"}],"version-history":[{"count":1,"href":"https:\/\/wordpress.nibis.de\/du-bbs\/wp-json\/wp\/v2\/pages\/23\/revisions"}],"predecessor-version":[{"id":24,"href":"https:\/\/wordpress.nibis.de\/du-bbs\/wp-json\/wp\/v2\/pages\/23\/revisions\/24"}],"wp:attachment":[{"href":"https:\/\/wordpress.nibis.de\/du-bbs\/wp-json\/wp\/v2\/media?parent=23"}],"curies":[{"name":"wp","href":"https:\/\/api.w.org\/{rel}","templated":true}]}}