{"id":242,"date":"2025-04-23T16:31:54","date_gmt":"2025-04-23T14:31:54","guid":{"rendered":"https:\/\/wordpress.nibis.de\/du-bbs\/?page_id=242"},"modified":"2025-04-23T16:34:17","modified_gmt":"2025-04-23T14:34:17","slug":"studienseminare-lbs","status":"publish","type":"page","link":"https:\/\/wordpress.nibis.de\/du-bbs\/studienseminare-lbs\/","title":{"rendered":"Studienseminare LbS"},"content":{"rendered":"\n<figure class=\"wp-block-table is-style-stripes\"><table class=\"has-fixed-layout\"><tbody><tr><td><strong>Titel der Lernsituation<\/strong><\/td><td><strong>Lernsituation<\/strong><\/td><td><strong>Lernsituation und Materialien (bearbeitbar)<\/strong><\/td><\/tr><tr><td>HYBRID &#8211; UNTERRICHT<br>Digitale Medien kompetent und zielgerichtet anwenden<br>Handreichung zu der Fragestellung<br>&#8222;Wie gelingt guter Hybridunterricht?&#8220;<\/td><td><a href=\"https:\/\/wordpress.nibis.de\/du-bbs\/files\/2025\/04\/LS_-2_Modul_Hybridunterricht.pdf\" data-type=\"URL\" data-id=\"https:\/\/wordpress.nibis.de\/du-bbs\/files\/2025\/04\/LS_-2_Modul_Hybridunterricht.pdf\">Lernsituation (pdf)<\/a><\/td><td><\/td><\/tr><tr><td>Erstellen der Planungsunterlagen f\u00fcr eine Dreiecksgaube<br>Ausbildungsberuf Zimmer*in Fachstufe II<br>Lernfeld 14: Einbauen einer Gaube und eines Dachfl\u00e4chenfensters<\/td><td><a href=\"https:\/\/wordpress.nibis.de\/du-bbs\/files\/2025\/04\/2021_BS_ZimmerIn_Planen-einer-Dreiecksgaube.pdf\" data-type=\"URL\" data-id=\"https:\/\/wordpress.nibis.de\/du-bbs\/files\/2025\/04\/2021_BS_ZimmerIn_Planen-einer-Dreiecksgaube.pdf\">Lernsituation (pdf)<\/a><\/td><td><a href=\"https:\/\/wordpress.nibis.de\/du-bbs\/files\/2025\/04\/Planung-einer-Dreiecksgaube_Erwartungshorizont.zip\" data-type=\"URL\" data-id=\"https:\/\/wordpress.nibis.de\/du-bbs\/files\/2025\/04\/Planung-einer-Dreiecksgaube_Erwartungshorizont.zip\">Lernsituation und Materialien (zip)<\/a><\/td><\/tr><tr><td>M\u00fcslis\/Cerealien f\u00fcr ein Fr\u00fchst\u00fcck ausw\u00e4hlen<br>Berufliches Gymnasium \u2013 Gesundheit und Soziales \u2013Schwerpunkt \u00d6kotrophologie, Profilfach: Ern\u00e4hrung<br>Lerngebiet 11.2: Lebensmittel analysieren<br>M\u00fcslis\/Cerealien f\u00fcr ein Fr\u00fchst\u00fcck ausw\u00e4hlen<\/td><td><a href=\"https:\/\/wordpress.nibis.de\/du-bbs\/files\/2025\/04\/2021_BG_Muesli_Cerealien-fuer-ein-Fruehstueck-auswaehlen1.pdf\" data-type=\"URL\" data-id=\"https:\/\/wordpress.nibis.de\/du-bbs\/files\/2025\/04\/2021_BG_Muesli_Cerealien-fuer-ein-Fruehstueck-auswaehlen1.pdf\">Lernsituation (pdf)<\/a><\/td><td><a href=\"https:\/\/wordpress.nibis.de\/du-bbs\/files\/2025\/04\/2021_BG_Muesli_Cerealien-fuer-ein-Fruehstueck-auswaehlen_Materialien.zip\" data-type=\"URL\" data-id=\"https:\/\/wordpress.nibis.de\/du-bbs\/files\/2025\/04\/2021_BG_Muesli_Cerealien-fuer-ein-Fruehstueck-auswaehlen_Materialien.zip\">Lernsituation und Materialien (zip)<\/a><\/td><\/tr><\/tbody><\/table><\/figure>\n","protected":false},"excerpt":{"rendered":"<p>Titel der Lernsituation Lernsituation Lernsituation und Materialien (bearbeitbar) HYBRID &#8211; UNTERRICHTDigitale Medien kompetent und zielgerichtet anwendenHandreichung zu der Fragestellung&#8222;Wie gelingt guter Hybridunterricht?&#8220; Lernsituation (pdf) Erstellen der Planungsunterlagen f\u00fcr eine DreiecksgaubeAusbildungsberuf Zimmer*in Fachstufe IILernfeld 14: Einbauen einer Gaube und eines Dachfl\u00e4chenfensters Lernsituation (pdf) Lernsituation und Materialien (zip) M\u00fcslis\/Cerealien f\u00fcr ein Fr\u00fchst\u00fcck ausw\u00e4hlenBerufliches Gymnasium \u2013 Gesundheit und &hellip; <a href=\"https:\/\/wordpress.nibis.de\/du-bbs\/studienseminare-lbs\/\" class=\"more-link\"><span class=\"screen-reader-text\">Studienseminare LbS<\/span> weiterlesen <span class=\"meta-nav\">&rarr;<\/span><\/a><\/p>\n","protected":false},"author":9194395,"featured_media":0,"parent":0,"menu_order":0,"comment_status":"closed","ping_status":"closed","template":"","meta":{"footnotes":""},"class_list":["post-242","page","type-page","status-publish","hentry"],"_links":{"self":[{"href":"https:\/\/wordpress.nibis.de\/du-bbs\/wp-json\/wp\/v2\/pages\/242","targetHints":{"allow":["GET"]}}],"collection":[{"href":"https:\/\/wordpress.nibis.de\/du-bbs\/wp-json\/wp\/v2\/pages"}],"about":[{"href":"https:\/\/wordpress.nibis.de\/du-bbs\/wp-json\/wp\/v2\/types\/page"}],"author":[{"embeddable":true,"href":"https:\/\/wordpress.nibis.de\/du-bbs\/wp-json\/wp\/v2\/users\/9194395"}],"replies":[{"embeddable":true,"href":"https:\/\/wordpress.nibis.de\/du-bbs\/wp-json\/wp\/v2\/comments?post=242"}],"version-history":[{"count":3,"href":"https:\/\/wordpress.nibis.de\/du-bbs\/wp-json\/wp\/v2\/pages\/242\/revisions"}],"predecessor-version":[{"id":250,"href":"https:\/\/wordpress.nibis.de\/du-bbs\/wp-json\/wp\/v2\/pages\/242\/revisions\/250"}],"wp:attachment":[{"href":"https:\/\/wordpress.nibis.de\/du-bbs\/wp-json\/wp\/v2\/media?parent=242"}],"curies":[{"name":"wp","href":"https:\/\/api.w.org\/{rel}","templated":true}]}}