{"id":55,"date":"2025-04-18T08:39:07","date_gmt":"2025-04-18T06:39:07","guid":{"rendered":"https:\/\/wordpress.nibis.de\/du-bbs\/?page_id=55"},"modified":"2025-04-23T16:34:48","modified_gmt":"2025-04-23T14:34:48","slug":"lernsituationen-fuer-den-berufsbezogenen-und-berufsuebergreifenden-lernbereich","status":"publish","type":"page","link":"https:\/\/wordpress.nibis.de\/du-bbs\/lernsituationen-fuer-den-berufsbezogenen-und-berufsuebergreifenden-lernbereich\/","title":{"rendered":"Lernsituationen f\u00fcr den berufsbezogenen und berufs\u00fcbergreifenden Lernbereich"},"content":{"rendered":"\n<p class=\"has-medium-font-size\"><strong>Beispiele der Fachberatungen BBS und der Studienseminare LbS<\/strong><\/p>\n\n\n\n<p><a href=\"https:\/\/wordpress.nibis.de\/du-bbs\/berufsbezogener-lernbereich\/\" data-type=\"page\" data-id=\"78\">Berufsbezogener Lernbereich<\/a><\/p>\n\n\n\n<p><a href=\"https:\/\/wordpress.nibis.de\/du-bbs\/berufsuebergreifender-lernbereich\/\" data-type=\"page\" data-id=\"189\">Berufs\u00fcbergreifender Lernbereich<\/a><\/p>\n\n\n\n<p><a href=\"https:\/\/wordpress.nibis.de\/du-bbs\/studienseminare-lbs\/\" data-type=\"page\" data-id=\"242\">Studienseminare LbS<\/a><\/p>\n\n\n\n<p><a href=\"https:\/\/wordpress.nibis.de\/du-bbs\/files\/2025\/04\/202308_Leermaske_Lernsituationen.docx\" data-type=\"URL\" data-id=\"https:\/\/wordpress.nibis.de\/du-bbs\/files\/2025\/04\/202308_Leermaske_Lernsituationen.docx\">Beispiel Leermaske Lernsituationen<\/a><\/p>\n\n\n\n<p>Die hier ver\u00f6ffentlichten Lernsituationen f\u00fcr den berufsbezogenen und berufs\u00fcbergreifenden Lernbereich wurden von den Fachberatungen-BBS und den Studienseminaren LbS erstellt. Die derzeit verbindlichen grundlegenden Anforderungen laut Leitlinie \u201eSchulisches Curriculum BBS (SchuCu-BBS)\u201c sind beachtet, Weiterentwicklungen werden prozesshaft vorgenommen und neue Lernsituationen regelm\u00e4\u00dfig eingepflegt.<\/p>\n\n\n\n<p><strong>Neu<\/strong><\/p>\n\n\n\n<p><strong>Im Rahmen einer MK-Kommission wurde ein \u201e<a href=\"https:\/\/wordpress.nibis.de\/du-bbs\/files\/2025\/04\/202109_Lernsituation-analysieren_ausf.pdf\" data-type=\"URL\" data-id=\"https:\/\/wordpress.nibis.de\/du-bbs\/files\/2025\/04\/202109_Lernsituation-analysieren_ausf.pdf\" target=\"_blank\" rel=\"noreferrer noopener\">Analysebogen Lernsituation<\/a>\u201c erarbeitet. Dieser steht zur Nutzung im PDF-Format zur Verf\u00fcgung.<\/strong><\/p>\n","protected":false},"excerpt":{"rendered":"<p>Beispiele der Fachberatungen BBS und der Studienseminare LbS Berufsbezogener Lernbereich Berufs\u00fcbergreifender Lernbereich Studienseminare LbS Beispiel Leermaske Lernsituationen Die hier ver\u00f6ffentlichten Lernsituationen f\u00fcr den berufsbezogenen und berufs\u00fcbergreifenden Lernbereich wurden von den Fachberatungen-BBS und den Studienseminaren LbS erstellt. Die derzeit verbindlichen grundlegenden Anforderungen laut Leitlinie \u201eSchulisches Curriculum BBS (SchuCu-BBS)\u201c sind beachtet, Weiterentwicklungen werden prozesshaft vorgenommen und neue &hellip; <a href=\"https:\/\/wordpress.nibis.de\/du-bbs\/lernsituationen-fuer-den-berufsbezogenen-und-berufsuebergreifenden-lernbereich\/\" class=\"more-link\"><span class=\"screen-reader-text\">Lernsituationen f\u00fcr den berufsbezogenen und berufs\u00fcbergreifenden Lernbereich<\/span> weiterlesen <span class=\"meta-nav\">&rarr;<\/span><\/a><\/p>\n","protected":false},"author":9194395,"featured_media":0,"parent":0,"menu_order":0,"comment_status":"closed","ping_status":"closed","template":"","meta":{"footnotes":""},"class_list":["post-55","page","type-page","status-publish","hentry"],"_links":{"self":[{"href":"https:\/\/wordpress.nibis.de\/du-bbs\/wp-json\/wp\/v2\/pages\/55","targetHints":{"allow":["GET"]}}],"collection":[{"href":"https:\/\/wordpress.nibis.de\/du-bbs\/wp-json\/wp\/v2\/pages"}],"about":[{"href":"https:\/\/wordpress.nibis.de\/du-bbs\/wp-json\/wp\/v2\/types\/page"}],"author":[{"embeddable":true,"href":"https:\/\/wordpress.nibis.de\/du-bbs\/wp-json\/wp\/v2\/users\/9194395"}],"replies":[{"embeddable":true,"href":"https:\/\/wordpress.nibis.de\/du-bbs\/wp-json\/wp\/v2\/comments?post=55"}],"version-history":[{"count":9,"href":"https:\/\/wordpress.nibis.de\/du-bbs\/wp-json\/wp\/v2\/pages\/55\/revisions"}],"predecessor-version":[{"id":251,"href":"https:\/\/wordpress.nibis.de\/du-bbs\/wp-json\/wp\/v2\/pages\/55\/revisions\/251"}],"wp:attachment":[{"href":"https:\/\/wordpress.nibis.de\/du-bbs\/wp-json\/wp\/v2\/media?parent=55"}],"curies":[{"name":"wp","href":"https:\/\/api.w.org\/{rel}","templated":true}]}}