{"id":2,"date":"2024-12-02T11:33:13","date_gmt":"2024-12-02T10:33:13","guid":{"rendered":"https:\/\/wordpress.nibis.de\/fme2025\/?page_id=2"},"modified":"2025-01-14T18:03:38","modified_gmt":"2025-01-14T17:03:38","slug":"beispiel-seite","status":"publish","type":"page","link":"https:\/\/wordpress.nibis.de\/fme2025\/beispiel-seite\/","title":{"rendered":"Impressum"},"content":{"rendered":"\n<p>Header-\/Hintergrundbild: KI-generiert mit <a rel=\"noreferrer noopener\" href=\"https:\/\/stabledifffusion.com\/de\/tools\/ai-image-generator\" target=\"_blank\">https:\/\/stabledifffusion.com\/de\/tools\/ai-image-generator<\/a>.<\/p>\n\n\n\n<p>Der Nieders\u00e4chsische Bildungsserver (NiBiS) ist das Bildungsportal des Landes&nbsp;Niedersachsen.Der NiBiS wird durch die Direktorin des NLQ Frau Dr. Elke Richlick gesetzlich vertreten.<\/p>\n\n\n\n<p>Inhaltlich Verantwortlicher gem\u00e4\u00df \u00a7 6 MDStV: Dr. Nina K\u00f6berer<\/p>\n\n\n\n<p><strong>Kontaktadresse:<\/strong><\/p>\n\n\n\n<p>Nieders\u00e4chsisches Landesinstitut f\u00fcr schulische Qualit\u00e4tsentwicklung (NLQ)<br>Ke\u00dflerstra\u00dfe 52<br>31134 Hildesheim<\/p>\n\n\n\n<p>Telefon: 05121 1695-400<br>Telefax: 05121 1695-450<br>E-Mail:&nbsp;<a href=\"&#x6d;&#x61;&#105;l&#x74;&#x6f;&#x3a;&#115;e&#x72;&#x76;&#x69;&#99;e&#x40;&#x6e;&#x69;&#98;i&#x73;&#x2e;&#x64;&#101;\" target=\"_blank\" rel=\"noreferrer noopener\">service&#64;&#110;&#105;&#98;&#105;&#115;&#46;&#100;&#101;<\/a><\/p>\n\n\n\n<p>Haftungshinweis: Trotz sorgf\u00e4ltiger inhaltlicher Kontrolle \u00fcbernehmen wir keine Haftung f\u00fcr die Inhalte externer Links. F\u00fcr den Inhalt der verlinkten Seiten sind ausschlie\u00dflich deren Betreiber verantwortlich.<\/p>\n\n\n\n<p>Alle hier verwendeten Namen, Begriffe, Zeichen und Grafiken k\u00f6nnen Marken- oder Warenzeichen im Besitz ihrer rechtlichen Eigent\u00fcmer sein. Die Rechte aller erw\u00e4hnten und benutzten Marken- und Warenzeichen liegen ausschlie\u00dflich bei deren Besitzern.<\/p>\n\n\n\n<p><strong>Beh\u00f6rdlicher Datenschutzbeauftragter des NLQ:<br><\/strong>Tel.: 05121 1695-265<br>E-Mail:&nbsp;<a href=\"m&#97;&#x69;&#x6c;t&#111;&#x3a;&#x64;a&#116;&#101;&#x6e;&#x73;c&#104;&#x75;&#x74;z&#64;&#x6e;&#x6c;q&#46;&#110;&#x69;&#x62;i&#115;&#x2e;&#x64;e\" target=\"_blank\" rel=\"noreferrer noopener\">&#x64;a&#x74;&#101;&#x6e;&#x73;c&#x68;&#117;&#x74;&#x7a;&#64;&#x6e;&#108;&#x71;&#x2e;n&#x69;&#101;&#x64;&#x65;r&#x73;&#97;&#x63;&#x68;s&#x65;&#110;&#x2e;&#x64;e<\/a><\/p>\n\n\n\n<p><strong>Vertretung:<br><\/strong>Tel.: 05121 1695-415<br>E-Mail:&nbsp;<a href=\"&#109;&#x61;i&#x6c;&#x74;&#111;&#x3a;d&#x61;&#x74;&#101;&#x6e;s&#x63;&#x68;&#117;&#x74;z&#x40;&#x6e;&#108;&#x71;&#46;&#x6e;&#x69;&#98;&#x69;s&#x2e;&#x64;&#101;\" target=\"_blank\" rel=\"noreferrer noopener\">&#x64;a&#x74;&#101;&#x6e;&#x73;c&#x68;&#117;&#x74;&#x7a;&#64;&#x6e;&#108;&#x71;&#x2e;n&#x69;&#101;&#x64;&#x65;r&#x73;&#97;&#x63;&#x68;s&#x65;&#110;&#x2e;&#x64;e<\/a><\/p>\n\n\n\n<p><strong>Missbr\u00e4uchliche Nutzung:<\/strong><\/p>\n\n\n\n<p>Sollten Sie missbr\u00e4uchliche Nutzungen aus dem IP-Adressbereich des Nieders\u00e4chsischen Bildungsservers feststellen, senden Sie bitte eine E-Mail an die Adresse&nbsp;<a href=\"&#109;&#97;&#x69;l&#116;&#x6f;&#x3a;a&#98;&#x75;&#x73;e&#64;&#x6e;i&#98;&#x69;&#x73;&#46;&#100;&#x65;\" target=\"_blank\" rel=\"noreferrer noopener\">&#x61;&#x62;&#x75;&#x73;&#x65;&#x40;&#x6e;&#x69;&#98;&#105;&#115;&#46;&#100;&#101;<\/a>.<\/p>\n","protected":false},"excerpt":{"rendered":"<p>Header-\/Hintergrundbild: KI-generiert mit https:\/\/stabledifffusion.com\/de\/tools\/ai-image-generator. Der Nieders\u00e4chsische Bildungsserver (NiBiS) ist das Bildungsportal des Landes&nbsp;Niedersachsen.Der NiBiS wird durch die Direktorin des NLQ Frau Dr. Elke Richlick gesetzlich vertreten. Inhaltlich Verantwortlicher gem\u00e4\u00df \u00a7 6 MDStV: Dr. Nina K\u00f6berer Kontaktadresse: Nieders\u00e4chsisches Landesinstitut f\u00fcr schulische Qualit\u00e4tsentwicklung (NLQ)Ke\u00dflerstra\u00dfe 5231134 Hildesheim Telefon: 05121 1695-400Telefax: 05121 1695-450E-Mail:&nbsp;&#115;&#x65;&#114;&#x76;&#105;&#x63;&#101;&#x40;&#110;&#x69;&#98;&#x69;s&#x2e;d&#x65; Haftungshinweis: Trotz sorgf\u00e4ltiger inhaltlicher Kontrolle \u00fcbernehmen wir keine Haftung f\u00fcr die Inhalte externer Links. F\u00fcr den Inhalt der verlinkten Seiten sind ausschlie\u00dflich deren Betreiber verantwortlich. Alle hier verwendeten Namen, Begriffe, Zeichen&#8230;<\/p>\n<p class=\"read-more\"><a class=\"btn btn-default\" href=\"https:\/\/wordpress.nibis.de\/fme2025\/beispiel-seite\/\">Weiterlesen<span class=\"screen-reader-text\"> Weiterlesen<\/span><\/a><\/p>\n","protected":false},"author":9194544,"featured_media":0,"parent":0,"menu_order":0,"comment_status":"closed","ping_status":"open","template":"","meta":{"footnotes":""},"class_list":["post-2","page","type-page","status-publish","hentry"],"_links":{"self":[{"href":"https:\/\/wordpress.nibis.de\/fme2025\/wp-json\/wp\/v2\/pages\/2","targetHints":{"allow":["GET"]}}],"collection":[{"href":"https:\/\/wordpress.nibis.de\/fme2025\/wp-json\/wp\/v2\/pages"}],"about":[{"href":"https:\/\/wordpress.nibis.de\/fme2025\/wp-json\/wp\/v2\/types\/page"}],"author":[{"embeddable":true,"href":"https:\/\/wordpress.nibis.de\/fme2025\/wp-json\/wp\/v2\/users\/9194544"}],"replies":[{"embeddable":true,"href":"https:\/\/wordpress.nibis.de\/fme2025\/wp-json\/wp\/v2\/comments?post=2"}],"version-history":[{"count":2,"href":"https:\/\/wordpress.nibis.de\/fme2025\/wp-json\/wp\/v2\/pages\/2\/revisions"}],"predecessor-version":[{"id":40,"href":"https:\/\/wordpress.nibis.de\/fme2025\/wp-json\/wp\/v2\/pages\/2\/revisions\/40"}],"wp:attachment":[{"href":"https:\/\/wordpress.nibis.de\/fme2025\/wp-json\/wp\/v2\/media?parent=2"}],"curies":[{"name":"wp","href":"https:\/\/api.w.org\/{rel}","templated":true}]}}