{"id":139,"date":"2025-09-05T13:02:57","date_gmt":"2025-09-05T11:02:57","guid":{"rendered":"https:\/\/wordpress.nibis.de\/foerderschule-ammerland\/?page_id=139"},"modified":"2026-01-23T13:08:12","modified_gmt":"2026-01-23T12:08:12","slug":"schuelerband","status":"publish","type":"page","link":"https:\/\/wordpress.nibis.de\/foerderschule-ammerland\/schuelerband\/","title":{"rendered":"Sch\u00fclerband (Herr Wessels)"},"content":{"rendered":"\n<p>Sch\u00fclerband AG \u2013 Musik verbindet!** In der **Sch\u00fclerband AG** dreht sich alles um Musik, Rhythmus und Teamwork. Hier kannst du gemeinsam mit anderen musikbegeisterten Sch\u00fclerinnen und Sch\u00fclern verschiedene Instrumente spielen, singen, Songs einstudieren und als Band auftreten. Egal, ob du schon Erfahrung hast oder einfach Lust, Musik auszuprobieren \u2013 bei uns z\u00e4hlt der Spa\u00df am gemeinsamen Musizieren. Wir proben regelm\u00e4\u00dfig, lernen neue Lieder und bereiten Auftritte bei Schulveranstaltungen vor. Wenn du gerne Musik machst und Teil einer Band sein willst, bist du in der **Sch\u00fclerband AG** genau richtig!<\/p>\n\n\n\n<figure class=\"wp-block-image size-large is-resized\"><img loading=\"lazy\" decoding=\"async\" width=\"1200\" height=\"675\" src=\"https:\/\/wordpress.nibis.de\/foerderschule-ammerland\/files\/2026\/01\/IMG_0130-1200x675.jpeg\" alt=\"\" class=\"wp-image-458\" style=\"width:618px;height:auto\" srcset=\"https:\/\/wordpress.nibis.de\/foerderschule-ammerland\/files\/2026\/01\/IMG_0130-1200x675.jpeg 1200w, https:\/\/wordpress.nibis.de\/foerderschule-ammerland\/files\/2026\/01\/IMG_0130-850x478.jpeg 850w, https:\/\/wordpress.nibis.de\/foerderschule-ammerland\/files\/2026\/01\/IMG_0130-250x141.jpeg 250w\" sizes=\"auto, (max-width: 1200px) 100vw, 1200px\" \/><\/figure>\n\n\n\n<p><\/p>\n","protected":false},"excerpt":{"rendered":"<p>Sch\u00fclerband AG \u2013 Musik verbindet!** In der **Sch\u00fclerband AG** dreht sich alles um Musik, Rhythmus und Teamwork. Hier kannst du gemeinsam mit anderen musikbegeisterten Sch\u00fclerinnen und Sch\u00fclern verschiedene Instrumente spielen, singen, Songs einstudieren und als Band auftreten. Egal, ob du schon Erfahrung hast oder einfach Lust, Musik auszuprobieren \u2013 bei uns z\u00e4hlt der Spa\u00df am [&hellip;]<\/p>\n","protected":false},"author":9192954,"featured_media":0,"parent":0,"menu_order":0,"comment_status":"closed","ping_status":"closed","template":"","meta":{"footnotes":""},"class_list":["post-139","page","type-page","status-publish","hentry"],"_links":{"self":[{"href":"https:\/\/wordpress.nibis.de\/foerderschule-ammerland\/wp-json\/wp\/v2\/pages\/139","targetHints":{"allow":["GET"]}}],"collection":[{"href":"https:\/\/wordpress.nibis.de\/foerderschule-ammerland\/wp-json\/wp\/v2\/pages"}],"about":[{"href":"https:\/\/wordpress.nibis.de\/foerderschule-ammerland\/wp-json\/wp\/v2\/types\/page"}],"author":[{"embeddable":true,"href":"https:\/\/wordpress.nibis.de\/foerderschule-ammerland\/wp-json\/wp\/v2\/users\/9192954"}],"replies":[{"embeddable":true,"href":"https:\/\/wordpress.nibis.de\/foerderschule-ammerland\/wp-json\/wp\/v2\/comments?post=139"}],"version-history":[{"count":4,"href":"https:\/\/wordpress.nibis.de\/foerderschule-ammerland\/wp-json\/wp\/v2\/pages\/139\/revisions"}],"predecessor-version":[{"id":467,"href":"https:\/\/wordpress.nibis.de\/foerderschule-ammerland\/wp-json\/wp\/v2\/pages\/139\/revisions\/467"}],"wp:attachment":[{"href":"https:\/\/wordpress.nibis.de\/foerderschule-ammerland\/wp-json\/wp\/v2\/media?parent=139"}],"curies":[{"name":"wp","href":"https:\/\/api.w.org\/{rel}","templated":true}]}}