{"id":159,"date":"2025-09-05T13:11:29","date_gmt":"2025-09-05T11:11:29","guid":{"rendered":"https:\/\/wordpress.nibis.de\/foerderschule-ammerland\/?page_id=159"},"modified":"2025-09-12T12:37:53","modified_gmt":"2025-09-12T10:37:53","slug":"schulhund","status":"publish","type":"page","link":"https:\/\/wordpress.nibis.de\/foerderschule-ammerland\/schulhund\/","title":{"rendered":"Schulhund (Frau Unger)"},"content":{"rendered":"\n<p>Die Hunde AG In der Hunde AG lernt man richtig viel \u00fcber Hunde und Hunde rase, man spielt da spiele wie Z.B. Hunde Bingo wenn das Wetter sch\u00f6n ist geht Mann dann mit dem Hund und Frau Unger spazieren, in der Hunde AG backt man auch Leckerlis das k\u00f6nnen wir auch essen, anschlie\u00dfend lernt man auch was Hunde essen d\u00fcrfen oder was nicht. in der Hunde AG lernt man auch wie man sich verhalten soll wenn ein Hund zum Beispiel angreift wie man sich in der Situation verhalten soll. Die Hunde AG macht Frau Unger: Der Hund hei\u00dft Gandhi.<\/p>\n","protected":false},"excerpt":{"rendered":"<p>Die Hunde AG In der Hunde AG lernt man richtig viel \u00fcber Hunde und Hunde rase, man spielt da spiele wie Z.B. Hunde Bingo wenn das Wetter sch\u00f6n ist geht Mann dann mit dem Hund und Frau Unger spazieren, in der Hunde AG backt man auch Leckerlis das k\u00f6nnen wir auch essen, anschlie\u00dfend lernt man [&hellip;]<\/p>\n","protected":false},"author":9192954,"featured_media":0,"parent":0,"menu_order":0,"comment_status":"closed","ping_status":"closed","template":"","meta":{"footnotes":""},"class_list":["post-159","page","type-page","status-publish","hentry"],"_links":{"self":[{"href":"https:\/\/wordpress.nibis.de\/foerderschule-ammerland\/wp-json\/wp\/v2\/pages\/159","targetHints":{"allow":["GET"]}}],"collection":[{"href":"https:\/\/wordpress.nibis.de\/foerderschule-ammerland\/wp-json\/wp\/v2\/pages"}],"about":[{"href":"https:\/\/wordpress.nibis.de\/foerderschule-ammerland\/wp-json\/wp\/v2\/types\/page"}],"author":[{"embeddable":true,"href":"https:\/\/wordpress.nibis.de\/foerderschule-ammerland\/wp-json\/wp\/v2\/users\/9192954"}],"replies":[{"embeddable":true,"href":"https:\/\/wordpress.nibis.de\/foerderschule-ammerland\/wp-json\/wp\/v2\/comments?post=159"}],"version-history":[{"count":3,"href":"https:\/\/wordpress.nibis.de\/foerderschule-ammerland\/wp-json\/wp\/v2\/pages\/159\/revisions"}],"predecessor-version":[{"id":203,"href":"https:\/\/wordpress.nibis.de\/foerderschule-ammerland\/wp-json\/wp\/v2\/pages\/159\/revisions\/203"}],"wp:attachment":[{"href":"https:\/\/wordpress.nibis.de\/foerderschule-ammerland\/wp-json\/wp\/v2\/media?parent=159"}],"curies":[{"name":"wp","href":"https:\/\/api.w.org\/{rel}","templated":true}]}}