{"id":652,"date":"2020-09-27T10:31:43","date_gmt":"2020-09-27T08:31:43","guid":{"rendered":"https:\/\/wordpress.nibis.de\/fz-hude\/?page_id=652"},"modified":"2023-11-20T09:41:34","modified_gmt":"2023-11-20T08:41:34","slug":"ast-ueberblick","status":"publish","type":"page","link":"https:\/\/wordpress.nibis.de\/fz-hude\/ast-ueberblick\/","title":{"rendered":"Klasse 10-12 \u00dcbersicht"},"content":{"rendered":"<p>Die Sch\u00fclerinnen und Sch\u00fcler werden jahrgangs\u00fcbergreifen in Klassen von sechs bis zehn Sch\u00fclern unterrichtet.<\/p>\n<p><span style=\"text-decoration: underline\">Am Ende der zw\u00f6lften Klasse ist die Schulpflicht beendet.<\/span><\/p>\n<p><em>Im Einzelnen geht es um die Vermittlung von Kompetenzen in den Bereichen der Autonomie,Verantwortung, Berufsfindung, Partizipation, Mitbestimmung und pers\u00f6nlicher Zukunftsplanung.<\/em><\/p>\n<p>Die jungen Menschen sollen ein m\u00f6glichst hohes Ma\u00df an Selbstst\u00e4ndigkeit und Normalit\u00e4t in sozialer Integration erreichen.<\/p>\n<p><strong>Die \u00fcbergeordneten Ziele<\/strong> finden ihre p\u00e4dagogische Entsprechung in dem Kerncurriculum f\u00fcr den F\u00f6rderschwerpunkt Geistige Entwicklung (2016) sowie den schuleigenen Arbeitspl\u00e4nen und Konzepten. <br \/>Die darin ausgewiesenen drei Bildungsbereiche sowie deren jeweilige Themenbereiche\u00a0 sind eng miteinander vernetzt.<\/p>\n<ul>\n<li>Personale Bildung<img loading=\"lazy\" decoding=\"async\" class=\" wp-image-653 alignright\" src=\"https:\/\/wordpress.nibis.de\/fz-hude\/files\/2020\/09\/AST-300x168.jpg\" alt=\"\" width=\"313\" height=\"175\" srcset=\"https:\/\/wordpress.nibis.de\/fz-hude\/files\/2020\/09\/AST-300x168.jpg 300w, https:\/\/wordpress.nibis.de\/fz-hude\/files\/2020\/09\/AST.jpg 764w\" sizes=\"auto, (max-width: 313px) 100vw, 313px\" \/><\/li>\n<li>Gesellschaftliche Bildung<\/li>\n<li>Vorberufliche Bildung<br \/><a href=\"https:\/\/wordpress.nibis.de\/fz-hude\/klasse-10-12-infomationen\/\">Mehr lesen<\/a><\/li>\n<\/ul>\n<p>\u00a0<\/p>\n<p>\u00a0<\/p>\n<p style=\"text-align: right\">\u00a0<\/p>\n\n\n<p class=\"has-text-align-right\"><a href=\"#top\">nach oben \u2191<\/a><\/p>\n","protected":false},"excerpt":{"rendered":"<p>Die Sch\u00fclerinnen und Sch\u00fcler werden jahrgangs\u00fcbergreifen in Klassen von sechs bis zehn Sch\u00fclern unterrichtet. Am Ende der zw\u00f6lften Klasse ist die Schulpflicht beendet. Im Einzelnen geht es um die Vermittlung von Kompetenzen in den Bereichen der Autonomie,Verantwortung, Berufsfindung, Partizipation, Mitbestimmung und pers\u00f6nlicher Zukunftsplanung. Die jungen Menschen sollen ein m\u00f6glichst hohes Ma\u00df an Selbstst\u00e4ndigkeit und Normalit\u00e4t &hellip; <a href=\"https:\/\/wordpress.nibis.de\/fz-hude\/ast-ueberblick\/\" class=\"more-link\"><span class=\"screen-reader-text\">Klasse 10-12 \u00dcbersicht<\/span> weiterlesen <span class=\"meta-nav\">&rarr;<\/span><\/a><\/p>\n","protected":false},"author":9193473,"featured_media":0,"parent":0,"menu_order":0,"comment_status":"closed","ping_status":"closed","template":"","meta":{"footnotes":""},"class_list":["post-652","page","type-page","status-publish","hentry"],"_links":{"self":[{"href":"https:\/\/wordpress.nibis.de\/fz-hude\/wp-json\/wp\/v2\/pages\/652","targetHints":{"allow":["GET"]}}],"collection":[{"href":"https:\/\/wordpress.nibis.de\/fz-hude\/wp-json\/wp\/v2\/pages"}],"about":[{"href":"https:\/\/wordpress.nibis.de\/fz-hude\/wp-json\/wp\/v2\/types\/page"}],"author":[{"embeddable":true,"href":"https:\/\/wordpress.nibis.de\/fz-hude\/wp-json\/wp\/v2\/users\/9193473"}],"replies":[{"embeddable":true,"href":"https:\/\/wordpress.nibis.de\/fz-hude\/wp-json\/wp\/v2\/comments?post=652"}],"version-history":[{"count":11,"href":"https:\/\/wordpress.nibis.de\/fz-hude\/wp-json\/wp\/v2\/pages\/652\/revisions"}],"predecessor-version":[{"id":1183,"href":"https:\/\/wordpress.nibis.de\/fz-hude\/wp-json\/wp\/v2\/pages\/652\/revisions\/1183"}],"wp:attachment":[{"href":"https:\/\/wordpress.nibis.de\/fz-hude\/wp-json\/wp\/v2\/media?parent=652"}],"curies":[{"name":"wp","href":"https:\/\/api.w.org\/{rel}","templated":true}]}}