{"id":72,"date":"2020-03-29T17:27:09","date_gmt":"2020-03-29T15:27:09","guid":{"rendered":"https:\/\/wordpress.nibis.de\/fz-hude\/?page_id=72"},"modified":"2025-10-06T09:51:44","modified_gmt":"2025-10-06T07:51:44","slug":"impressum","status":"publish","type":"page","link":"https:\/\/wordpress.nibis.de\/fz-hude\/impressum\/","title":{"rendered":"Impressum"},"content":{"rendered":"<p>Land Niedersachsen (Diensteanbieter im Sinne des Telemediengesetzes)<br \/>\nDas Land Niedersachsen ist eine juristische Person des \u00f6ffentlichen Rechts<br \/>\nvertreten durch<\/p>\n<p>Schulleitung:<br \/>\nSchulleiter Bj\u00f6rn Werner<br \/>\nF\u00f6SKR&#8217;n Katrin Wientges, stellvertretende Schulleiterin<\/p>\n<p>Schule Vielstedter Stra\u00dfe<br \/>\nVielstedter Stra\u00dfe 39<br \/>\n27798 Hude<\/p>\n<p>Telefon: (0 44 08) 980 090<br \/>\nTelefax: (0 44 08) 980 0925<br \/>\nEmail: <a href=\"https:\/\/wordpress.nibis.de\/fz-hude\/kontakt\/\">Kontakt<\/a><\/p>\n<p style=\"text-align: right\"><a href=\"#top\" target=\"_self\" rel=\"noopener noreferrer\">nach oben <\/a><a href=\"#top\" target=\"_self\" rel=\"noopener noreferrer\">\u2191<\/a><\/p>\n","protected":false},"excerpt":{"rendered":"<p>Land Niedersachsen (Diensteanbieter im Sinne des Telemediengesetzes) Das Land Niedersachsen ist eine juristische Person des \u00f6ffentlichen Rechts vertreten durch Schulleitung: Schulleiter Bj\u00f6rn Werner F\u00f6SKR&#8217;n Katrin Wientges, stellvertretende Schulleiterin Schule Vielstedter Stra\u00dfe Vielstedter Stra\u00dfe 39 27798 Hude Telefon: (0 44 08) 980 090 Telefax: (0 44 08) 980 0925 Email: Kontakt nach oben \u2191<\/p>\n","protected":false},"author":9193171,"featured_media":0,"parent":0,"menu_order":0,"comment_status":"closed","ping_status":"closed","template":"","meta":{"footnotes":""},"class_list":["post-72","page","type-page","status-publish","hentry"],"_links":{"self":[{"href":"https:\/\/wordpress.nibis.de\/fz-hude\/wp-json\/wp\/v2\/pages\/72","targetHints":{"allow":["GET"]}}],"collection":[{"href":"https:\/\/wordpress.nibis.de\/fz-hude\/wp-json\/wp\/v2\/pages"}],"about":[{"href":"https:\/\/wordpress.nibis.de\/fz-hude\/wp-json\/wp\/v2\/types\/page"}],"author":[{"embeddable":true,"href":"https:\/\/wordpress.nibis.de\/fz-hude\/wp-json\/wp\/v2\/users\/9193171"}],"replies":[{"embeddable":true,"href":"https:\/\/wordpress.nibis.de\/fz-hude\/wp-json\/wp\/v2\/comments?post=72"}],"version-history":[{"count":15,"href":"https:\/\/wordpress.nibis.de\/fz-hude\/wp-json\/wp\/v2\/pages\/72\/revisions"}],"predecessor-version":[{"id":1305,"href":"https:\/\/wordpress.nibis.de\/fz-hude\/wp-json\/wp\/v2\/pages\/72\/revisions\/1305"}],"wp:attachment":[{"href":"https:\/\/wordpress.nibis.de\/fz-hude\/wp-json\/wp\/v2\/media?parent=72"}],"curies":[{"name":"wp","href":"https:\/\/api.w.org\/{rel}","templated":true}]}}