{"id":104,"date":"2025-03-26T17:37:08","date_gmt":"2025-03-26T16:37:08","guid":{"rendered":"https:\/\/wordpress.nibis.de\/fz-jrs\/?page_id=104"},"modified":"2025-04-02T17:13:24","modified_gmt":"2025-04-02T15:13:24","slug":"studienseminar","status":"publish","type":"page","link":"https:\/\/wordpress.nibis.de\/fz-jrs\/studienseminar\/","title":{"rendered":"Studienseminar"},"content":{"rendered":"\n<h2 class=\"wp-block-heading\">Studienseminar L\u00fcneburg f\u00fcr das Lehramt f\u00fcr Sonderp\u00e4dagogik<\/h2>\n\n\n\n<p>Wir sehen und bewusst als Ausbildungsschule \u2013 in L\u00fcneburg f\u00fcr L\u00fcneburg!<\/p>\n\n\n\n<p>In Zusammenarbeit mit dem Studienseminar und den Regelschulen bilden wir F\u00f6rderschullehrkr\u00e4fte mit unterschiedlichen sonderp\u00e4dagogischen Fachrichtungen aus, die sich oft nach ihrer Ausbildung daf\u00fcr entschlie\u00dfen, weiter in L\u00fcneburg zu unterrichten. Wir leisten damit im Rahmen dieser Zusammenarbeit einen wichtigen Beitrag zur inklusiven Versorgung in L\u00fcneburg.<\/p>\n\n\n\n<p>Aus dem Kollegium des F\u00f6rderzentrums Johannes-Rabeler-Schule arbeiten zurzeit sechs Kolleginnen und Kollegen zeitgleich als Fachseminarleiterinnen und Fachseminarleiter im Studienseminar.<\/p>\n\n\n\n<p>Dieser zus\u00e4tzliche Erfahrungsraum bereichert die Arbeit in folgenden Punkten:<\/p>\n\n\n\n<ul class=\"wp-block-list\"><li>Die Vielzahl der durchgef\u00fchrten Unterrichts- und Beratungsbesuche erweitert den Blick auf die Umsetzung der sonderp\u00e4dagogischen Arbeit in inklusiven aber auch in nicht inklusiven Zusammenh\u00e4ngen.<\/li><li>Die Ausbildung der Lehramtsanw\u00e4rterinnen und Lehramtsanw\u00e4rtern erfordert Wissen \u00fcber den aktuellsten Stand rechtlicher Grundlagen, Diagnostik, Beratung, Gutachtenverfahren sowie Lehr- und Lernmaterial.<\/li><li>Die Ausbildung in vielen unterschiedlichen Schulen erm\u00f6glicht einen Austausch und eine Vernetzung mit Kolleginnen und Kollegen aber auch mit Schulleiterinnen und Schulleitern. Auf diesem Wege entsteht auch eine inklusive Vernetzung in L\u00fcneburg.<\/li><\/ul>\n\n\n\n<p>Zur Seite des Studienseminars gelangen sie hier: <a href=\"https:\/\/sts-lg-so.de\/\" target=\"_blank\" rel=\"noreferrer noopener\">sts-lg-so.de<\/a><\/p>\n","protected":false},"excerpt":{"rendered":"<p>Studienseminar L\u00fcneburg f\u00fcr das Lehramt f\u00fcr Sonderp\u00e4dagogik Wir sehen und bewusst als Ausbildungsschule \u2013 in L\u00fcneburg f\u00fcr L\u00fcneburg! In Zusammenarbeit mit dem Studienseminar und den Regelschulen bilden wir F\u00f6rderschullehrkr\u00e4fte mit unterschiedlichen sonderp\u00e4dagogischen Fachrichtungen aus, die sich oft nach ihrer Ausbildung daf\u00fcr entschlie\u00dfen, weiter in L\u00fcneburg zu unterrichten. Wir leisten damit im Rahmen dieser Zusammenarbeit einen wichtigen Beitrag zur inklusiven Versorgung in L\u00fcneburg. Aus dem Kollegium des F\u00f6rderzentrums Johannes-Rabeler-Schule arbeiten zurzeit sechs Kolleginnen und Kollegen zeitgleich als Fachseminarleiterinnen und Fachseminarleiter im&#8230;<\/p>\n<p class=\"read-more\"><a class=\"btn btn-default\" href=\"https:\/\/wordpress.nibis.de\/fz-jrs\/studienseminar\/\">Weiterlesen<span class=\"screen-reader-text\"> Weiterlesen<\/span><\/a><\/p>\n","protected":false},"author":9194559,"featured_media":0,"parent":0,"menu_order":0,"comment_status":"closed","ping_status":"closed","template":"","meta":{"footnotes":""},"class_list":["post-104","page","type-page","status-publish","hentry"],"_links":{"self":[{"href":"https:\/\/wordpress.nibis.de\/fz-jrs\/wp-json\/wp\/v2\/pages\/104","targetHints":{"allow":["GET"]}}],"collection":[{"href":"https:\/\/wordpress.nibis.de\/fz-jrs\/wp-json\/wp\/v2\/pages"}],"about":[{"href":"https:\/\/wordpress.nibis.de\/fz-jrs\/wp-json\/wp\/v2\/types\/page"}],"author":[{"embeddable":true,"href":"https:\/\/wordpress.nibis.de\/fz-jrs\/wp-json\/wp\/v2\/users\/9194559"}],"replies":[{"embeddable":true,"href":"https:\/\/wordpress.nibis.de\/fz-jrs\/wp-json\/wp\/v2\/comments?post=104"}],"version-history":[{"count":2,"href":"https:\/\/wordpress.nibis.de\/fz-jrs\/wp-json\/wp\/v2\/pages\/104\/revisions"}],"predecessor-version":[{"id":125,"href":"https:\/\/wordpress.nibis.de\/fz-jrs\/wp-json\/wp\/v2\/pages\/104\/revisions\/125"}],"wp:attachment":[{"href":"https:\/\/wordpress.nibis.de\/fz-jrs\/wp-json\/wp\/v2\/media?parent=104"}],"curies":[{"name":"wp","href":"https:\/\/api.w.org\/{rel}","templated":true}]}}