{"id":107,"date":"2025-03-26T17:39:25","date_gmt":"2025-03-26T16:39:25","guid":{"rendered":"https:\/\/wordpress.nibis.de\/fz-jrs\/?page_id=107"},"modified":"2025-04-02T17:07:09","modified_gmt":"2025-04-02T15:07:09","slug":"leuphana","status":"publish","type":"page","link":"https:\/\/wordpress.nibis.de\/fz-jrs\/leuphana\/","title":{"rendered":"Leuphana Universit\u00e4t L\u00fcneburg"},"content":{"rendered":"\n<h2 class=\"wp-block-heading\">ZZL-Netzwerk der Leuphana Universit\u00e4t L\u00fcneburg<\/h2>\n\n\n\n<p>Wir sehen uns bewusst als Projekt- und Entwicklungsschule \u2013 in L\u00fcneburg f\u00fcr L\u00fcneburg. Im Rahmen des Zukunftszentrum Lehrkr\u00e4ftebildung \u2013 Netzwerks (ZZL-Netz\u00adwerk) der Leuphana Universit\u00e4t L\u00fcneburg arbeiten wir mit in einem in\u00adsti\u00adtu\u00adtio\u00adnen- und pha\u00adsen\u00fcberg\u00adrei\u00adfen\u00adden For\u00adschungs- und Ent\u00adwick\u00adlungs\u00adprojekt.<\/p>\n\n\n\n<p>In diesem Projekt steht die enge Verzahnung von Theorie und Praxis im Mittelpunkt. So helfen Lehrkr\u00e4fte aus unserem Kollegium mit, Ausbildungsmodule, neue Ideen f\u00fcr Unterricht und Ausbildung sowie Weiterbildungen f\u00fcr Lehrkr\u00e4fte zu entwickeln, die anschlie\u00dfend in Unterricht und Schule erprobt werden, auch bei uns. Unterst\u00fctzt durch einen konstanten und regen Austausch profitieren alle Beteiligte vielseitig:<\/p>\n\n\n\n<ul class=\"wp-block-list\"><li>Sch\u00fclerinnen und Sch\u00fclern erproben neue Ideen von Unterricht und erweitern ihre Perspektiven,<\/li><li>unsere Lehrkr\u00e4fte bekommen neuste Erkenntnisse aus Lehre und Forschung und setzen diese im Unterricht um,<\/li><li>Studierende erhalten Einblicke in die Arbeit mit Sch\u00fclerinnen und Sch\u00fclern mit Unterst\u00fctzungsbedarfen, sowohl an der F\u00f6rder- als auch an der Regelschule,<\/li><li>Mitarbeitende der Universit\u00e4t gewinnen praxisnahe, neue Einblicke in Schule und Unterricht und haben die M\u00f6glichkeit, diese in ihre Forschungen mit einzubeziehen.<\/li><\/ul>\n\n\n\n<p>Gemeinsam entwickeln wir Schule und Unterricht weiter und dar\u00fcber auch unsere eigenen Kompetenzen. Durch Kooperationen wie diese arbeiten immer wieder junge Lehrkr\u00e4fte an unserer Schule oder werden von uns als F\u00f6rderzentrum an andere Schulen im Landkreis vermittelt \u2013 z.B. als Vertretungen, p\u00e4dagogische Mitarbeitende oder Schulbegleitungen.<\/p>\n\n\n\n<p>Weitere Informationen zum ZZL-Netzwerk der Leuphana-Universit\u00e4t L\u00fcneburg finden Sie hier: <a href=\"https:\/\/www.leuphana.de\/zentren\/zzl\/zzl-netzwerk.html\">https:\/\/www.leuphana.de\/zentren\/zzl\/zzl-netzwerk.html<\/a><\/p>\n","protected":false},"excerpt":{"rendered":"<p>ZZL-Netzwerk der Leuphana Universit\u00e4t L\u00fcneburg Wir sehen uns bewusst als Projekt- und Entwicklungsschule \u2013 in L\u00fcneburg f\u00fcr L\u00fcneburg. Im Rahmen des Zukunftszentrum Lehrkr\u00e4ftebildung \u2013 Netzwerks (ZZL-Netz\u00adwerk) der Leuphana Universit\u00e4t L\u00fcneburg arbeiten wir mit in einem in\u00adsti\u00adtu\u00adtio\u00adnen- und pha\u00adsen\u00fcberg\u00adrei\u00adfen\u00adden For\u00adschungs- und Ent\u00adwick\u00adlungs\u00adprojekt. In diesem Projekt steht die enge Verzahnung von Theorie und Praxis im Mittelpunkt. So helfen Lehrkr\u00e4fte aus unserem Kollegium mit, Ausbildungsmodule, neue Ideen f\u00fcr Unterricht und Ausbildung sowie Weiterbildungen f\u00fcr Lehrkr\u00e4fte zu entwickeln, die anschlie\u00dfend in Unterricht und Schule&#8230;<\/p>\n<p class=\"read-more\"><a class=\"btn btn-default\" href=\"https:\/\/wordpress.nibis.de\/fz-jrs\/leuphana\/\">Weiterlesen<span class=\"screen-reader-text\"> Weiterlesen<\/span><\/a><\/p>\n","protected":false},"author":9194559,"featured_media":0,"parent":0,"menu_order":0,"comment_status":"closed","ping_status":"closed","template":"","meta":{"footnotes":""},"class_list":["post-107","page","type-page","status-publish","hentry"],"_links":{"self":[{"href":"https:\/\/wordpress.nibis.de\/fz-jrs\/wp-json\/wp\/v2\/pages\/107","targetHints":{"allow":["GET"]}}],"collection":[{"href":"https:\/\/wordpress.nibis.de\/fz-jrs\/wp-json\/wp\/v2\/pages"}],"about":[{"href":"https:\/\/wordpress.nibis.de\/fz-jrs\/wp-json\/wp\/v2\/types\/page"}],"author":[{"embeddable":true,"href":"https:\/\/wordpress.nibis.de\/fz-jrs\/wp-json\/wp\/v2\/users\/9194559"}],"replies":[{"embeddable":true,"href":"https:\/\/wordpress.nibis.de\/fz-jrs\/wp-json\/wp\/v2\/comments?post=107"}],"version-history":[{"count":4,"href":"https:\/\/wordpress.nibis.de\/fz-jrs\/wp-json\/wp\/v2\/pages\/107\/revisions"}],"predecessor-version":[{"id":124,"href":"https:\/\/wordpress.nibis.de\/fz-jrs\/wp-json\/wp\/v2\/pages\/107\/revisions\/124"}],"wp:attachment":[{"href":"https:\/\/wordpress.nibis.de\/fz-jrs\/wp-json\/wp\/v2\/media?parent=107"}],"curies":[{"name":"wp","href":"https:\/\/api.w.org\/{rel}","templated":true}]}}