{"id":41,"date":"2025-03-25T11:16:10","date_gmt":"2025-03-25T10:16:10","guid":{"rendered":"https:\/\/wordpress.nibis.de\/fz-jrs\/?page_id=41"},"modified":"2025-03-25T11:16:10","modified_gmt":"2025-03-25T10:16:10","slug":"ueber-uns","status":"publish","type":"page","link":"https:\/\/wordpress.nibis.de\/fz-jrs\/ueber-uns\/","title":{"rendered":"\u00dcber uns"},"content":{"rendered":"\n<h2 class=\"wp-block-heading\">Wer wir sind&#8230;<\/h2>\n\n\n\n<p>Die Johannes-Rabeler-Schule ist eine F\u00f6rderschule mit dem Schwerpunkt Lernen, die inklusiv aufgestellt ist. An ihr werden zurzeit Kinder mit den Unterst\u00fctzungsbedarfen in den F\u00f6rderschwerpunkten Lernen, H\u00f6ren, Geistige Entwicklung, Sehen, ES und K\u00f6rperlich-motorische Entwicklung unterrichtet. Sie umfasst die Sekundarstufe 1.<\/p>\n\n\n\n<p><strong>Vom Mittelalter umzingelt<\/strong><\/p>\n\n\n\n<p>Das Umschauen bei uns lohnt sich: Die Johannes-Rabeler-Schule ist die am sch\u00f6nsten gelegene Schule Norddeutschlands. Unser Schulgeb\u00e4ude wird begrenzt von der m\u00e4chtigen St. Johanniskirche und schmalen, gepflasterter Gassen. Direkt vor unserem Schultor liegt der pr\u00e4chtigste Platz der alten Salzstadt L\u00fcneburg, Am Sande. Kurzum, wir sind vom Mittelalter umzingelt und genie\u00dfen die geschichtstr\u00e4chtige Sch\u00f6nheit unserer Umgebung tagt\u00e4glich. Trotzdem sind wir nat\u00fcrlich nicht von gestern!<\/p>\n\n\n\n<p><strong>Auf dem Weg zum modernen F\u00f6rderzentrum<\/strong><\/p>\n\n\n\n<p>Nein, wir verstehen uns als aktive Schule auf dem Weg zum modernen F\u00f6rderzentrum. Zum einen bilden verschiedenste Feiern und Veranstaltungen den verl\u00e4sslichen Rahmen unseres Schuljahres. Zum anderen profitieren im aktuellen Schuljahr 2024725 knapp 100 Sch\u00fclerinnen und Sch\u00fcler von interessanten Angeboten in der j\u00e4hrlichen Projektwoche und weiteren gemeinsamen Aktionen im Verlauf des Schuljahres.&nbsp;<\/p>\n\n\n\n<p><strong>Wir integrieren: Inklusion<\/strong><\/p>\n\n\n\n<p>Unsere Schule ist lebendig und in Bewegung: Schon seit&nbsp;vielen Jahren wurden unter dem Motto \u201eLernen unter einem Dach\u201c von uns ausgehend die Bem\u00fchungen organisiert, Kinder mit Lernproblemen an ihren heimatlichen Grundschulen zu belassen und vor Ort zu f\u00f6rdern. Seit dem Schuljahr 2011\/2012 unterst\u00fctzen wir auch Sch\u00fcler in den Regelschulen&nbsp;des Sekundarbereichs 1. Inzwischen arbeiten weitaus mehr Lehrer des F\u00f6rderzentrums Johannes-Rabeler-Schule in der inklusiven Beschulung als in unserer Stammschule mit ihren aktuell neun Klassen. Aktuell&nbsp;beraten und unterst\u00fctzen&nbsp;sie ihre Kollegen im Rahmen der landesweiten Inklusion an&nbsp;15 Grundschulen und&nbsp;5 Sekundarschulen in der Stadt und im Landkreis.&nbsp;&nbsp;<\/p>\n\n\n\n<p>Auch der Mobile Dienst H\u00f6ren, K\u00f6rperlich-Motorische Entwicklung, Sehen und der Mobile Dienst f\u00fcr Sch\u00fcler mit dem sonderp\u00e4dagogischen Unterst\u00fctzungsbedarf im emotional-sozialen Bereich (L\u00fcbus = L\u00fcneburger Beratungs- und Unterst\u00fctzungssystem) wird durch Kolleginnen&nbsp;unseres F\u00f6rderzentrums vertreten.&nbsp;<\/p>\n\n\n\n<p><strong>Wir f\u00f6rdern: Hauptschulabschluss<\/strong><\/p>\n\n\n\n<p>Als erste F\u00f6rderschule von Stadt und Landkreis boten wir neben dem F\u00f6rderschulabschluss am Ende der Klasse 9 den Sch\u00fclerinnen und Sch\u00fclern die M\u00f6glichkeit zum Erwerb des Hauptschulabschlusses. Dazu werden leistungsstarke und Sch\u00fcler in besonderen Klassen zusammengefasst und absolvieren ein zehntes Schuljahr.<\/p>\n\n\n\n<p><strong>Wir ebnen den Weg in den Beruf<\/strong><\/p>\n\n\n\n<p>Nicht zuletzt verzahnen wir uns zunehmend mit der regionalen Wirtschaft. Als erste F\u00f6rderschule der Region haben wir schon im Jahr 2004 den Praxistag verbindlich eingef\u00fchrt. Sch\u00fcler unserer Abschlussklassen dr\u00fccken nur noch an vier Wochentagen die Schulbank, arbeiten am f\u00fcnften Tag aber in Betrieben. Stolz sind wir nat\u00fcrlich auch darauf, dass seit 2009 Mitarbeiter der Berufseinstiegsbegleitung eigene R\u00e4umlichkeiten in der Johannes-Rabeler-Schule bezogen hatten, um unseren Sch\u00fclerinnen und Sch\u00fclern in den letzten beiden Schuljahren beim \u00dcbergang von Schule zum Beruf zur Seite zu stehen. Dieses EU-gef\u00f6rderte Projekt lief leider zum Schuljahr 2021\/22 aus. Die Angebote sollen aber \u00fcber eine verst\u00e4rkte Zusammenarbeit der Schulsozialarbeiterin, der Arge L\u00fcneburg und der beauftragten Lehrkraft f\u00fcr Berufsorientierung weitergef\u00fchrt werden. Zus\u00e4tzlich haben wir seit dem Schuljahr 23\/24 eine Kooperation mit den Berufsbildenen Schulen L\u00fcneburgs beschlossen. Im Rahmen dieser Kooperation lernen unsere Sch\u00fclerinnen und Sch\u00fcler der achten Klassen \u00fcber ein Halbjahr lang praxisorientiert verschiedene Berufszweige an den BBSen kennen.<\/p>\n\n\n\n<p><strong>Schulleiter:<\/strong><\/p>\n\n\n\n<p>Stefan Sp\u00f6hrer<\/p>\n","protected":false},"excerpt":{"rendered":"<p>Wer wir sind&#8230; Die Johannes-Rabeler-Schule ist eine F\u00f6rderschule mit dem Schwerpunkt Lernen, die inklusiv aufgestellt ist. An ihr werden zurzeit Kinder mit den Unterst\u00fctzungsbedarfen in den F\u00f6rderschwerpunkten Lernen, H\u00f6ren, Geistige Entwicklung, Sehen, ES und K\u00f6rperlich-motorische Entwicklung unterrichtet. Sie umfasst die Sekundarstufe 1. Vom Mittelalter umzingelt Das Umschauen bei uns lohnt sich: Die Johannes-Rabeler-Schule ist die am sch\u00f6nsten gelegene Schule Norddeutschlands. Unser Schulgeb\u00e4ude wird begrenzt von der m\u00e4chtigen St. Johanniskirche und schmalen, gepflasterter Gassen. Direkt vor unserem Schultor liegt der pr\u00e4chtigste&#8230;<\/p>\n<p class=\"read-more\"><a class=\"btn btn-default\" href=\"https:\/\/wordpress.nibis.de\/fz-jrs\/ueber-uns\/\">Weiterlesen<span class=\"screen-reader-text\"> Weiterlesen<\/span><\/a><\/p>\n","protected":false},"author":9194559,"featured_media":0,"parent":0,"menu_order":0,"comment_status":"closed","ping_status":"closed","template":"","meta":{"footnotes":""},"class_list":["post-41","page","type-page","status-publish","hentry"],"_links":{"self":[{"href":"https:\/\/wordpress.nibis.de\/fz-jrs\/wp-json\/wp\/v2\/pages\/41","targetHints":{"allow":["GET"]}}],"collection":[{"href":"https:\/\/wordpress.nibis.de\/fz-jrs\/wp-json\/wp\/v2\/pages"}],"about":[{"href":"https:\/\/wordpress.nibis.de\/fz-jrs\/wp-json\/wp\/v2\/types\/page"}],"author":[{"embeddable":true,"href":"https:\/\/wordpress.nibis.de\/fz-jrs\/wp-json\/wp\/v2\/users\/9194559"}],"replies":[{"embeddable":true,"href":"https:\/\/wordpress.nibis.de\/fz-jrs\/wp-json\/wp\/v2\/comments?post=41"}],"version-history":[{"count":2,"href":"https:\/\/wordpress.nibis.de\/fz-jrs\/wp-json\/wp\/v2\/pages\/41\/revisions"}],"predecessor-version":[{"id":50,"href":"https:\/\/wordpress.nibis.de\/fz-jrs\/wp-json\/wp\/v2\/pages\/41\/revisions\/50"}],"wp:attachment":[{"href":"https:\/\/wordpress.nibis.de\/fz-jrs\/wp-json\/wp\/v2\/media?parent=41"}],"curies":[{"name":"wp","href":"https:\/\/api.w.org\/{rel}","templated":true}]}}