{"id":68,"date":"2025-03-25T12:47:04","date_gmt":"2025-03-25T11:47:04","guid":{"rendered":"https:\/\/wordpress.nibis.de\/fz-jrs\/?page_id=68"},"modified":"2025-03-26T12:04:39","modified_gmt":"2025-03-26T11:04:39","slug":"impressum","status":"publish","type":"page","link":"https:\/\/wordpress.nibis.de\/fz-jrs\/impressum\/","title":{"rendered":"Impressum"},"content":{"rendered":"\n<p>F\u00f6rderzentrum Johannes-Rabeler-Schule<\/p>\n\n\n\n<p>F\u00f6rderschule mit dem Schwerpunkt Lernen<\/p>\n\n\n\n<p>Bei der St. Johanniskirche 21<\/p>\n\n\n\n<p>21335 L\u00fcneburg<\/p>\n\n\n\n<p>Tel: 04131-309 7830   \/  Fax: 04131-309 7840 <\/p>\n\n\n\n<p>e-Mail: info(at)johannes-rabeler-schule.lueneburg.de<\/p>\n","protected":false},"excerpt":{"rendered":"<p>F\u00f6rderzentrum Johannes-Rabeler-Schule F\u00f6rderschule mit dem Schwerpunkt Lernen Bei der St. Johanniskirche 21 21335 L\u00fcneburg Tel: 04131-309 7830 \/ Fax: 04131-309 7840 e-Mail: info(at)johannes-rabeler-schule.lueneburg.de<\/p>\n","protected":false},"author":9194559,"featured_media":0,"parent":0,"menu_order":0,"comment_status":"closed","ping_status":"closed","template":"","meta":{"footnotes":""},"class_list":["post-68","page","type-page","status-publish","hentry"],"_links":{"self":[{"href":"https:\/\/wordpress.nibis.de\/fz-jrs\/wp-json\/wp\/v2\/pages\/68","targetHints":{"allow":["GET"]}}],"collection":[{"href":"https:\/\/wordpress.nibis.de\/fz-jrs\/wp-json\/wp\/v2\/pages"}],"about":[{"href":"https:\/\/wordpress.nibis.de\/fz-jrs\/wp-json\/wp\/v2\/types\/page"}],"author":[{"embeddable":true,"href":"https:\/\/wordpress.nibis.de\/fz-jrs\/wp-json\/wp\/v2\/users\/9194559"}],"replies":[{"embeddable":true,"href":"https:\/\/wordpress.nibis.de\/fz-jrs\/wp-json\/wp\/v2\/comments?post=68"}],"version-history":[{"count":3,"href":"https:\/\/wordpress.nibis.de\/fz-jrs\/wp-json\/wp\/v2\/pages\/68\/revisions"}],"predecessor-version":[{"id":92,"href":"https:\/\/wordpress.nibis.de\/fz-jrs\/wp-json\/wp\/v2\/pages\/68\/revisions\/92"}],"wp:attachment":[{"href":"https:\/\/wordpress.nibis.de\/fz-jrs\/wp-json\/wp\/v2\/media?parent=68"}],"curies":[{"name":"wp","href":"https:\/\/api.w.org\/{rel}","templated":true}]}}