{"id":2,"date":"2024-09-19T11:04:00","date_gmt":"2024-09-19T09:04:00","guid":{"rendered":"https:\/\/wordpress.nibis.de\/klar03\/?page_id=2"},"modified":"2025-12-18T08:46:50","modified_gmt":"2025-12-18T07:46:50","slug":"impressum","status":"publish","type":"page","link":"https:\/\/wordpress.nibis.de\/georg-bloggt\/impressum\/","title":{"rendered":"Impressum"},"content":{"rendered":"\n<p><strong>Anschrift der Schule<br><\/strong>Georg-Christoph-Lichtenberg Gesamtschule G\u00f6ttingen<br>Schulweg 22<br>37083 G\u00f6ttingen<br>Telefon: +49 551 400 5134<br>E-Mail: &#x69;&#x67;&#x73;&#x40;&#x67;&#x6f;&#x65;&#x74;&#x74;&#x69;&#x6e;&#103;&#101;&#110;&#46;&#100;&#101;<\/p>\n\n\n\n<p>Homepage der Schule: <a href=\"https:\/\/www.igs-goe.de\" target=\"_blank\" rel=\"noreferrer noopener\">https:\/\/www.igs-goe.de<\/a><\/p>\n\n\n\n<p><strong>Verantwortlich f\u00fcr den Inhalt nach \u00a7 55 Abs. 2 RstV:<\/strong><br>Schulleiterin: Tanja Laspe <\/p>\n\n\n\n<p>Leitung der Sch\u00fcler:innenzeitung: Sebastian Wartini<\/p>\n\n\n\n<p><strong>Datenschutzerkl\u00e4rung<\/strong><\/p>\n\n\n\n<p>Die Betreiber dieser Seiten nehmen den Schutz Ihrer pers\u00f6nlichen Daten sehr ernst. Wir behandeln Ihre personenbezogenen Daten vertraulich und entsprechend der gesetzlichen Datenschutzvorschriften sowie dieser Datenschutzerkl\u00e4rung.Die Nutzung unserer Webseite ist in der Regel ohne Angabe personenbezogener Daten m\u00f6glich. Soweit auf unseren Seiten personenbezogene Daten (beispielsweise Name, Anschrift oder E-Mail-Adressen) erhoben werden, erfolgt dies, soweit m\u00f6glich, stets auf freiwilliger Basis. Diese Daten werden ohne Ihre ausdr\u00fcckliche Zustimmung nicht an Dritte weitergegeben.Wir weisen darauf hin, dass die Daten\u00fcbertragung im Internet (z.B. bei der Kommunikation per E-Mail) Sicherheitsl\u00fccken aufweisen kann. Ein l\u00fcckenloser Schutz der Daten vor dem Zugriff durch Dritte ist nicht m\u00f6glich.<\/p>\n\n\n\n<p><strong>Haftungsausschluss<\/strong><br>Die Informationen, die Sie auf diesem Internetauftritt vorfinden, wurden nach bestem Wissen und Gewissen sorgf\u00e4ltig zusammengestellt und gepr\u00fcft. Es wird jedoch keine Gew\u00e4hr \u2013 weder ausdr\u00fccklich noch stillschweigend \u2013 f\u00fcr die Vollst\u00e4ndigkeit, Richtigkeit, Aktualit\u00e4t oder Qualit\u00e4t und jederzeitige Verf\u00fcgbarkeit der bereit gestellten Informationen \u00fcbernommen. In keinem Fall wird f\u00fcr Sch\u00e4den, die sich aus der Verwendung der abgerufenen Informationen ergeben, eine Haftung \u00fcbernommen.<\/p>\n\n\n\n<p><strong>Internetseiten dritter Anbieter \/ Links<\/strong><br>Diese Internetseite enth\u00e4lt auch Links oder Verweise auf Internetauftritte Dritter. Diese Links zu den Internetauftritten Dritter stellen keine Zustimmung zu deren Inhalten durch den Herausgeber dar. Es wird keine Verantwortung f\u00fcr die Verf\u00fcgbarkeit oder den Inhalt solcher Internetauftritte \u00fcbernommen und keine Haftung f\u00fcr Sch\u00e4den oder Verletzungen, die aus der Nutzung \u2013 gleich welcher Art \u2013 solcher Inhalte entstehen. Mit den Links zu anderen Internetauftritten wird den Nutzern lediglich der Zugang zur Nutzung der Inhalte vermittelt. F\u00fcr illegale, fehlerhafte oder unvollst\u00e4ndige Inhalte und f\u00fcr Sch\u00e4den, die aus der Nutzung entstehen, haftet allein der Anbieter der Seite, auf welche verwiesen wurde.<\/p>\n\n\n\n<h3 class=\"wp-block-heading\"><strong>Widerspruch Werbe-Mails&nbsp;<\/strong><\/h3>\n\n\n\n<p>Der Nutzung von im Rahmen der Impressumspflicht ver\u00f6ffentlichten Kontaktdaten zur \u00dcbersendung von nicht ausdr\u00fccklich angeforderter Werbung und Informationsmaterialien wird hiermit widersprochen. Die Betreiber der Seiten behalten sich ausdr\u00fccklich rechtliche Schritte im Falle der unverlangten Zusendung von Werbeinformationen, etwa durch Spam-E-Mails, vor.<\/p>\n","protected":false},"excerpt":{"rendered":"<p>Anschrift der SchuleGeorg-Christoph-Lichtenberg Gesamtschule G\u00f6ttingenSchulweg 2237083 G\u00f6ttingenTelefon: +49 551 400 5134E-Mail: &#105;&#103;&#x73;&#x40;&#103;&#111;&#x65;&#x74;&#116;&#105;&#x6e;&#x67;&#101;&#110;&#x2e;&#x64;&#101; Homepage der Schule: https:\/\/www.igs-goe.de Verantwortlich f\u00fcr den Inhalt nach \u00a7 55 Abs. 2 RstV:Schulleiterin: Tanja Laspe Leitung der Sch\u00fcler:innenzeitung: Sebastian Wartini Datenschutzerkl\u00e4rung Die Betreiber dieser Seiten nehmen den Schutz Ihrer pers\u00f6nlichen Daten sehr ernst. Wir behandeln Ihre personenbezogenen Daten vertraulich und entsprechend der [&hellip;]<\/p>\n","protected":false},"author":9194620,"featured_media":0,"parent":0,"menu_order":0,"comment_status":"closed","ping_status":"open","template":"","meta":{"footnotes":""},"class_list":["post-2","page","type-page","status-publish","hentry"],"_links":{"self":[{"href":"https:\/\/wordpress.nibis.de\/georg-bloggt\/wp-json\/wp\/v2\/pages\/2","targetHints":{"allow":["GET"]}}],"collection":[{"href":"https:\/\/wordpress.nibis.de\/georg-bloggt\/wp-json\/wp\/v2\/pages"}],"about":[{"href":"https:\/\/wordpress.nibis.de\/georg-bloggt\/wp-json\/wp\/v2\/types\/page"}],"author":[{"embeddable":true,"href":"https:\/\/wordpress.nibis.de\/georg-bloggt\/wp-json\/wp\/v2\/users\/9194620"}],"replies":[{"embeddable":true,"href":"https:\/\/wordpress.nibis.de\/georg-bloggt\/wp-json\/wp\/v2\/comments?post=2"}],"version-history":[{"count":4,"href":"https:\/\/wordpress.nibis.de\/georg-bloggt\/wp-json\/wp\/v2\/pages\/2\/revisions"}],"predecessor-version":[{"id":656,"href":"https:\/\/wordpress.nibis.de\/georg-bloggt\/wp-json\/wp\/v2\/pages\/2\/revisions\/656"}],"wp:attachment":[{"href":"https:\/\/wordpress.nibis.de\/georg-bloggt\/wp-json\/wp\/v2\/media?parent=2"}],"curies":[{"name":"wp","href":"https:\/\/api.w.org\/{rel}","templated":true}]}}