{"id":13,"date":"2020-11-25T13:13:36","date_gmt":"2020-11-25T12:13:36","guid":{"rendered":"https:\/\/wordpress.nibis.de\/gfs\/?page_id=13"},"modified":"2021-01-21T14:28:20","modified_gmt":"2021-01-21T13:28:20","slug":"filmbestaende-in-niedersachsen","status":"publish","type":"page","link":"https:\/\/wordpress.nibis.de\/gfs\/filmbestaende-in-niedersachsen\/","title":{"rendered":"Filmbest\u00e4nde in Niedersachsen"},"content":{"rendered":"<p>Mit diesem von der GFS durchgef\u00fchrten Projekt ist Niedersachsen nach Nordrhein-Westfalen, Sachsen, Baden-W\u00fcrttemberg, Berlin und Brandenburg das sechste Bundesland, das eine Grundlagenerfassung seiner historischen Filmbest\u00e4nde anstrebt. In einer ersten, von M\u00e4rz 2011 bis August 2012 laufenden Projektphase wurden die Filmsammlungen der kommunalen Archive, Museen und Medienzentren abgefragt und summarisch erfasst. Gef\u00f6rdert wurde die erste Phase durch das <strong>Nieders\u00e4chsische Ministerium f\u00fcr Wissenschaft und Kultur\u00a0<\/strong>und\u00a0<strong>nordmedia<\/strong>, Mediengesellschaft und Filmf\u00f6rderung f\u00fcr Niedersachsen und Bremen. In einer zweiten Projektphase sollen die in Verb\u00e4nden, Vereinen, Gedenkst\u00e4tten und Wirtschaftsunternehmen gelagerten Filme erfasst werden.<\/p>\n<p>Die Ergebnisse des Projekts werden auf der Website<strong>\u00a0<a href=\"http:\/\/www.xn--historische-filmbestnde-in-niedersachsen-zmd.de\/\" target=\"_blank\" rel=\"noopener noreferrer\">Historische Filmbest\u00e4nde in Niedersachsen<\/a><\/strong><b>\u00a0<\/b>pr\u00e4sentiert und mittels Datenbank recherchierbar gemacht.<\/p>\n","protected":false},"excerpt":{"rendered":"<p>Mit diesem von der GFS durchgef\u00fchrten Projekt ist Niedersachsen nach Nordrhein-Westfalen, Sachsen, Baden-W\u00fcrttemberg, Berlin und Brandenburg das sechste Bundesland, das eine Grundlagenerfassung seiner historischen Filmbest\u00e4nde anstrebt. In einer ersten, von M\u00e4rz 2011 bis August 2012 laufenden Projektphase wurden die Filmsammlungen der kommunalen Archive, Museen und Medienzentren abgefragt und summarisch erfasst. Gef\u00f6rdert wurde die erste Phase [&hellip;]<\/p>\n","protected":false},"author":9193093,"featured_media":0,"parent":0,"menu_order":4,"comment_status":"closed","ping_status":"closed","template":"","meta":{"footnotes":""},"class_list":["post-13","page","type-page","status-publish","hentry"],"_links":{"self":[{"href":"https:\/\/wordpress.nibis.de\/gfs\/wp-json\/wp\/v2\/pages\/13","targetHints":{"allow":["GET"]}}],"collection":[{"href":"https:\/\/wordpress.nibis.de\/gfs\/wp-json\/wp\/v2\/pages"}],"about":[{"href":"https:\/\/wordpress.nibis.de\/gfs\/wp-json\/wp\/v2\/types\/page"}],"author":[{"embeddable":true,"href":"https:\/\/wordpress.nibis.de\/gfs\/wp-json\/wp\/v2\/users\/9193093"}],"replies":[{"embeddable":true,"href":"https:\/\/wordpress.nibis.de\/gfs\/wp-json\/wp\/v2\/comments?post=13"}],"version-history":[{"count":4,"href":"https:\/\/wordpress.nibis.de\/gfs\/wp-json\/wp\/v2\/pages\/13\/revisions"}],"predecessor-version":[{"id":261,"href":"https:\/\/wordpress.nibis.de\/gfs\/wp-json\/wp\/v2\/pages\/13\/revisions\/261"}],"wp:attachment":[{"href":"https:\/\/wordpress.nibis.de\/gfs\/wp-json\/wp\/v2\/media?parent=13"}],"curies":[{"name":"wp","href":"https:\/\/api.w.org\/{rel}","templated":true}]}}