{"id":18,"date":"2020-11-25T13:18:42","date_gmt":"2020-11-25T12:18:42","guid":{"rendered":"https:\/\/wordpress.nibis.de\/gfs\/?page_id=18"},"modified":"2021-01-18T13:14:12","modified_gmt":"2021-01-18T12:14:12","slug":"startseite","status":"publish","type":"page","link":"https:\/\/wordpress.nibis.de\/gfs\/","title":{"rendered":"Startseite"},"content":{"rendered":"<p>Herzlich willkommen auf der Website der\u00a0<strong>Gesellschaft f\u00fcr Filmstudien e.V. (GFS)<\/strong>\u00a0\u2013 dem Verein zur F\u00f6rderung\u00a0<strong>filmwissenschaftlicher Aktivit\u00e4ten in Niedersachsen<\/strong>. Seit unserer Gr\u00fcndung im Jahr 1989 haben wir uns etabliert als eine Anlaufstelle f\u00fcr Historiker, Filmwissenschaftler und Journalisten ebenso wie als Partner von Archiven und Institutionen. Insbesondere f\u00fchlen wir uns der Dokumentation und Sicherung des regionalen Filmerbes verpflichtet, was sich in der fortlaufenden DVD-Ver\u00f6ffentlichung von <strong>Hannover-Filmen<\/strong> niederschl\u00e4gt. Erfahren Sie mehr \u00fcber uns und die Geschichte der <a href=\"http:\/\/www.geschichte-projekte-hannover.de\/gfs\/uber-uns\/\">GFS<\/a>.<br \/>\nAktuelle Informationen \u00fcber unsere Aktivit\u00e4ten und Veranstaltungen erfahren Sie\u00a0<a href=\"http:\/\/www.geschichte-projekte-hannover.de\/gfs\/category\/aktuelles\/\">hier<\/a>.<br \/>\n<img loading=\"lazy\" decoding=\"async\" class=\"size-full wp-image-64 alignleft\" src=\"https:\/\/wordpress.nibis.de\/gfs\/files\/2020\/11\/buddenbrooks-Strand-2-1024x832-1.jpg\" alt=\"\" width=\"1024\" height=\"832\" srcset=\"https:\/\/wordpress.nibis.de\/gfs\/files\/2020\/11\/buddenbrooks-Strand-2-1024x832-1.jpg 1024w, https:\/\/wordpress.nibis.de\/gfs\/files\/2020\/11\/buddenbrooks-Strand-2-1024x832-1-300x244.jpg 300w, https:\/\/wordpress.nibis.de\/gfs\/files\/2020\/11\/buddenbrooks-Strand-2-1024x832-1-768x624.jpg 768w\" sizes=\"auto, (max-width: 1024px) 100vw, 1024px\" \/>Die GFS ist angesiedelt in den R\u00e4umlichkeiten des\u00a0<a href=\"http:\/\/filminstitut-hannover.de\/\" target=\"_blank\" rel=\"noopener noreferrer\">Filminstituts Hannover<\/a>\u00a0(bis 2016: Kulturarchiv an der Hochschule Hannover). Wenn Sie mit uns Kontakt aufnehmen m\u00f6chten, erreichen Sie uns unter der untenstehenden Adresse.<\/p>\n<p><strong>Ges. f. Filmstudien e.V.<\/strong><br \/>\nc\/o Hochschule Hannover<br \/>\nFakult\u00e4t Medien, Information und Design<br \/>\nFilminstitut Hannover<br \/>\nDr. Peter Stettner<br \/>\n<a href=\"&#109;&#x61;&#105;&#x6c;&#116;&#x6f;:&#x70;e&#116;&#x65;&#114;&#x2e;&#115;&#x74;e&#x74;t&#110;&#x65;&#114;&#x40;&#104;&#x73;&#45;&#x68;a&#x6e;n&#111;&#x76;&#101;&#x72;&#46;&#x64;e\">p&#101;&#116;&#x65;&#x72;&#46;s&#116;&#101;&#x74;&#x74;ne&#114;&#64;&#x68;&#x73;-h&#97;&#x6e;&#x6e;&#x6f;v&#101;&#114;&#x2e;&#x64;&#x65;<\/a><br \/>\nTel 0511\/9296-2629<br \/>\nFax 0511\/9296-2630<\/p>\n","protected":false},"excerpt":{"rendered":"<p>Herzlich willkommen auf der Website der\u00a0Gesellschaft f\u00fcr Filmstudien e.V. (GFS)\u00a0\u2013 dem Verein zur F\u00f6rderung\u00a0filmwissenschaftlicher Aktivit\u00e4ten in Niedersachsen. Seit unserer Gr\u00fcndung im Jahr 1989 haben wir uns etabliert als eine Anlaufstelle f\u00fcr Historiker, Filmwissenschaftler und Journalisten ebenso wie als Partner von Archiven und Institutionen. Insbesondere f\u00fchlen wir uns der Dokumentation und Sicherung des regionalen Filmerbes verpflichtet, [&hellip;]<\/p>\n","protected":false},"author":9193093,"featured_media":0,"parent":0,"menu_order":1,"comment_status":"closed","ping_status":"closed","template":"","meta":{"footnotes":""},"class_list":["post-18","page","type-page","status-publish","hentry"],"_links":{"self":[{"href":"https:\/\/wordpress.nibis.de\/gfs\/wp-json\/wp\/v2\/pages\/18","targetHints":{"allow":["GET"]}}],"collection":[{"href":"https:\/\/wordpress.nibis.de\/gfs\/wp-json\/wp\/v2\/pages"}],"about":[{"href":"https:\/\/wordpress.nibis.de\/gfs\/wp-json\/wp\/v2\/types\/page"}],"author":[{"embeddable":true,"href":"https:\/\/wordpress.nibis.de\/gfs\/wp-json\/wp\/v2\/users\/9193093"}],"replies":[{"embeddable":true,"href":"https:\/\/wordpress.nibis.de\/gfs\/wp-json\/wp\/v2\/comments?post=18"}],"version-history":[{"count":9,"href":"https:\/\/wordpress.nibis.de\/gfs\/wp-json\/wp\/v2\/pages\/18\/revisions"}],"predecessor-version":[{"id":260,"href":"https:\/\/wordpress.nibis.de\/gfs\/wp-json\/wp\/v2\/pages\/18\/revisions\/260"}],"wp:attachment":[{"href":"https:\/\/wordpress.nibis.de\/gfs\/wp-json\/wp\/v2\/media?parent=18"}],"curies":[{"name":"wp","href":"https:\/\/api.w.org\/{rel}","templated":true}]}}