{"id":21,"date":"2020-11-25T13:25:23","date_gmt":"2020-11-25T12:25:23","guid":{"rendered":"https:\/\/wordpress.nibis.de\/gfs\/?page_id=21"},"modified":"2020-11-25T16:28:15","modified_gmt":"2020-11-25T15:28:15","slug":"aktive-mitglieder","status":"publish","type":"page","link":"https:\/\/wordpress.nibis.de\/gfs\/gesellschaft-fuer-filmstudien\/aktive-mitglieder\/","title":{"rendered":"Aktive Mitglieder"},"content":{"rendered":"<table>\n<tbody>\n<tr>\n<td><strong>Peter Stettner<\/strong><br \/>\n<img loading=\"lazy\" decoding=\"async\" class=\"size-full wp-image-87 alignleft\" src=\"https:\/\/wordpress.nibis.de\/gfs\/files\/2020\/11\/Peter-Stettner-223x300-1.jpg\" alt=\"\" width=\"223\" height=\"300\" \/>Dr. phil., geboren am 2. M\u00e4rz 1955 in Bonn, studierte Germanistik, Politikwissenschaft und Geschichte (H\u00f6heres Lehramt) in Hannover, 2. Staatssexamen in Braunschweig. Nach der Promotion (Einflussfaktoren auf die nieders\u00e4chsische Filmwirtschaft nach 1945) wissenschaftlicher Mitarbeiter am Historischen Seminar der Universit\u00e4t Hannover.<br \/>\nSchwerpunkte der weiteren Forschung und Publikation bilden der Deutsche Nachkriegsfilm, Biografien Filmschaffender sowie historische Filmdokumente der Stadt Hannover.<br \/>\n1989 Gr\u00fcndungsmitglied der Gesellschaft f\u00fcr Filmstudien e.V., Schatzmeister und Funktion des Gesch\u00e4ftsf\u00fchrers.<br \/>\nSeit 1995 Leiter des Filminstituts Hannover (bis 2016: Kulturarchiv der Hannoverschen Hochschulen).<br \/>\nN\u00e4heres zur Person zur Person\u00a0<a href=\"http:\/\/stettner.wp.hs-hannover.de\/\" target=\"_blank\" rel=\"noopener noreferrer\">hier<\/a>.<\/td>\n<\/tr>\n<\/tbody>\n<\/table>\n<table>\n<tbody>\n<tr>\n<td><strong><img loading=\"lazy\" decoding=\"async\" class=\"size-full wp-image-89 alignleft\" src=\"https:\/\/wordpress.nibis.de\/gfs\/files\/2020\/11\/Thomas-Garzke-300x225-1.jpg\" alt=\"\" width=\"300\" height=\"225\" \/>Thomas Garzke<\/strong><br \/>\nJahrgang 1948, geboren in Berlin. 1966\/67 Austauschsch\u00fcler in den USA. Abitur 1968 und anschlie\u00dfend Studium der Physik. Arbeit als wissenschaftlicher Mitarbeiter am Institut f\u00fcr Biophysik, Hannover. T\u00e4tigkeit an der Kinderklinik Cecilienstift: Langzeitdokumentationen (16-mm-Film) von Behandlungen (k\u00f6rperlich) behinderter Kinder. Eigene 16-mm-Kurzfilmarbeiten. Kursust\u00e4tigkeit in der Stadtbildstelle Hannover (Film- und Videoger\u00e4tebedienung). Wechsel in die Landesmedienstelle: Medienverleih, Information und Dokumentation \u2013 Aufbau der EDV, Bildarchiv. Zeitweise kommissarischer Leiter der Dienststelle. Ehrenamtliche T\u00e4tigkeit f\u00fcr das Filminstitut Hannover.<\/td>\n<\/tr>\n<\/tbody>\n<\/table>\n<table>\n<tbody>\n<tr>\n<td><strong><img loading=\"lazy\" decoding=\"async\" class=\"size-full wp-image-91 alignleft\" src=\"https:\/\/wordpress.nibis.de\/gfs\/files\/2020\/11\/Peter-Struck-300x225-1.jpg\" alt=\"\" width=\"300\" height=\"225\" \/>Peter Struck<\/strong><br \/>\nDr. phil., geboren am 13. August 1967 in Hannover, studierte Angewandte Kulturwissenschaften in Hildesheim und lie\u00df sich in Hamburg zum Fachzeitschriftenredakteur ausbilden. Zur Bau- und Kulturgeschichte der Region ver\u00f6ffentlichte er verschiedene Publikationen, kuratierte mehrere Ausstellungen und konzipierte diverse F\u00fchrungen und Exkursionen.<br \/>\nSchwerpunkte seiner Forschungs- und Lehrt\u00e4tigkeit bilden die Europ\u00e4ische Gartenkunst und Baugeschichte sowie die Filmwissenschaft. Peter Struck lebt als freier Publizist, Kurator und Dozent in Hannover und leitet dort seit 2007 den\u00a0<strong>KRONEN SIEBEN FilmKunstRaum<\/strong>. Dort pr\u00e4sentiert er an jedem 7. des Monats historische Kurzfilme auf 16 mm.<br \/>\nN\u00e4heres zur Person zur Person unter\u00a0<a href=\"http:\/\/www.p-struck.de\/\" target=\"_blank\" rel=\"noopener noreferrer\">www.p-struck.de<\/a>\u00a0und zu aktuellen Veranstaltungen unter\u00a0<a href=\"http:\/\/www.kronensieben.de\/\" target=\"_blank\" rel=\"noopener noreferrer\">www.kronensieben.de<\/a>.<\/td>\n<\/tr>\n<\/tbody>\n<\/table>\n<table>\n<tbody>\n<tr>\n<td><strong><img loading=\"lazy\" decoding=\"async\" class=\"size-full wp-image-93 alignleft\" src=\"https:\/\/wordpress.nibis.de\/gfs\/files\/2020\/11\/Endeward-1.jpg\" alt=\"\" width=\"199\" height=\"250\" \/>Detlef Endeward<br \/>\n<\/strong>M.A., geboren 08.Juli 1951, studierte Geschichte, Politikwissenschaften und Philosophie (H\u00f6heres Lehramt) in Hannover und arbeitete anschlie\u00dfend an Schulen und in der au\u00dferschulischen Bildung. Seit Anfang der 80er Jahre ist er im Bereich der in der historisch-politischen Bildung und Medienbildung t\u00e4tig, zun\u00e4chst in der Landesmedienstelle Niedersachsen und im Nds. Lehrerfortbildungsinstitut (NLI), dann von 2000 bis 2003 Mitglied der Projektgruppe n-21 im Nds. Kultusministerium. Von 2004 bis 2018 war er Fachbereichsleiter Medienbildung im Nds. Landesinstitut (NLQ) und 1918\/19 Fachbereichsleiter Politische Bildung.<br \/>\nArbeitsschwerpunkte waren Medienkonzeptentwicklung an Schulen, Unterrichtsentwicklung und gegenw\u00e4rtig historisch-politisches Lernen mit Medien sowie Film und Geschichte.<\/td>\n<\/tr>\n<\/tbody>\n<\/table>\n","protected":false},"excerpt":{"rendered":"<p>Peter Stettner Dr. phil., geboren am 2. M\u00e4rz 1955 in Bonn, studierte Germanistik, Politikwissenschaft und Geschichte (H\u00f6heres Lehramt) in Hannover, 2. Staatssexamen in Braunschweig. Nach der Promotion (Einflussfaktoren auf die nieders\u00e4chsische Filmwirtschaft nach 1945) wissenschaftlicher Mitarbeiter am Historischen Seminar der Universit\u00e4t Hannover. Schwerpunkte der weiteren Forschung und Publikation bilden der Deutsche Nachkriegsfilm, Biografien Filmschaffender sowie [&hellip;]<\/p>\n","protected":false},"author":9193093,"featured_media":0,"parent":5,"menu_order":0,"comment_status":"closed","ping_status":"closed","template":"","meta":{"footnotes":""},"class_list":["post-21","page","type-page","status-publish","hentry"],"_links":{"self":[{"href":"https:\/\/wordpress.nibis.de\/gfs\/wp-json\/wp\/v2\/pages\/21","targetHints":{"allow":["GET"]}}],"collection":[{"href":"https:\/\/wordpress.nibis.de\/gfs\/wp-json\/wp\/v2\/pages"}],"about":[{"href":"https:\/\/wordpress.nibis.de\/gfs\/wp-json\/wp\/v2\/types\/page"}],"author":[{"embeddable":true,"href":"https:\/\/wordpress.nibis.de\/gfs\/wp-json\/wp\/v2\/users\/9193093"}],"replies":[{"embeddable":true,"href":"https:\/\/wordpress.nibis.de\/gfs\/wp-json\/wp\/v2\/comments?post=21"}],"version-history":[{"count":8,"href":"https:\/\/wordpress.nibis.de\/gfs\/wp-json\/wp\/v2\/pages\/21\/revisions"}],"predecessor-version":[{"id":95,"href":"https:\/\/wordpress.nibis.de\/gfs\/wp-json\/wp\/v2\/pages\/21\/revisions\/95"}],"up":[{"embeddable":true,"href":"https:\/\/wordpress.nibis.de\/gfs\/wp-json\/wp\/v2\/pages\/5"}],"wp:attachment":[{"href":"https:\/\/wordpress.nibis.de\/gfs\/wp-json\/wp\/v2\/media?parent=21"}],"curies":[{"name":"wp","href":"https:\/\/api.w.org\/{rel}","templated":true}]}}