{"id":35,"date":"2020-11-25T13:55:06","date_gmt":"2020-11-25T12:55:06","guid":{"rendered":"https:\/\/wordpress.nibis.de\/gfs\/?page_id=35"},"modified":"2021-01-26T14:27:54","modified_gmt":"2021-01-26T13:27:54","slug":"35-2","status":"publish","type":"page","link":"https:\/\/wordpress.nibis.de\/gfs\/35-2\/","title":{"rendered":"Hannover-Filme"},"content":{"rendered":"<p><strong>Sicherung, Nutzbarmachung und Pr\u00e4sentation<\/strong><\/p>\n<p>Die Filme, die die Geschichte Hannovers im 20. Jahrhundert spiegeln, sind vom Zerfall bedroht. Viele Dutzend 16-mm-Kopien, die meisten durch zahllose Vorf\u00fchrungen verschlissen, lagern verteilt in verschiedenen Institutionen. Die Filme waren kaum dokumentiert und archivisch nicht gesichert. In einigen Jahren w\u00e4re mit einem Totalverlust vieler Filme zu rechnen gewesen. Seit 2004 f\u00fchrt die Gesellschaft f\u00fcr Filmstudien deshalb unter der Leitung von Peter Stettner das Projekt zur \u201eSicherung, Nutzbarmachung und Pr\u00e4sentation der Hannover Filme\u201c durch. Hierbei werden ausgew\u00e4hlte Zelluloid-Filme sukzessive restauriert und archivisch gesichert, sowie inhaltlich erfasst und in einer eigens entwickelten Datenbank gespeichert, die den filmaufbewahrenden Institutionen zur Verf\u00fcgung gestellt wird. F\u00f6rderer des Projektes waren bisher: nordmedia Fonds GmbH in Niedersachsen und Bremen; die Stiftung der Sparkasse Hannover und das Kulturb\u00fcro der Stadt Hannover als Kooperationspartner.<\/p>\n<p><strong>Pr\u00e4sentation:<\/strong><\/p>\n<p>Die restaurierten und neu gesicherten Hannover-Filme werden regelm\u00e4\u00dfig im Hannoverschen\u00a0<a href=\"http:\/\/www.koki-hannover.de\/\" target=\"_blank\" rel=\"noopener noreferrer\">\u201eKino im K\u00fcnstlerhaus\u201c<\/a>\u00a0(KoKi, Sophienstr. 2) gezeigt. Diese Pr\u00e4sentationen, bei denen auch kurze Einf\u00fchrungen gegeben werden, sto\u00dfen beim anwesenden Publikum auf begeisterte Resonanz. Es empfiehlt sich daher, Karten unter Tel.: 0511 \u2013 1684-5522 (werktags 12-18 Uhr) vorzubestellen.<\/p>\n<p><strong><img loading=\"lazy\" decoding=\"async\" class=\"size-full wp-image-262 alignleft\" src=\"https:\/\/wordpress.nibis.de\/gfs\/files\/2021\/01\/GFS_DVD.jpg\" alt=\"\" width=\"313\" height=\"443\" srcset=\"https:\/\/wordpress.nibis.de\/gfs\/files\/2021\/01\/GFS_DVD.jpg 313w, https:\/\/wordpress.nibis.de\/gfs\/files\/2021\/01\/GFS_DVD-212x300.jpg 212w\" sizes=\"auto, (max-width: 313px) 100vw, 313px\" \/>DVD-Edition:<\/strong><\/p>\n<p>Sie k\u00f6nnen einzelne Filme auch als DVD erwerben. In der Reihe \u201eHannover-Filme\u201c sind bisher erschienen:<b><\/b><\/p>\n<p><strong>1.\u00a0<a href=\"https:\/\/wordpress.nibis.de\/film-ge\/2020\/09\/03\/rote-pubnkt-aktion-1969\/\" target=\"_blank\" rel=\"noopener noreferrer\">Rote-Punkt-Aktion<\/a><\/strong>, 1969 (6 Min., 8 Seiten Booklet, 6 \u20ac)<br \/>\n<strong>2.\u00a0<a href=\"https:\/\/wordpress.nibis.de\/film-ge\/2020\/08\/28\/der-kriminalfall-in-hannover-1924\/\" target=\"_blank\" rel=\"noopener noreferrer\">Der Kriminalfall in Hannover<\/a>,<\/strong>\u00a01924, Fragment (6 Min., 8 Seiten Booklet, 6 \u20ac)<br \/>\n<strong>3.\u00a0<a href=\"https:\/\/wordpress.nibis.de\/film-ge\/2020\/09\/01\/menschen-am-sonntag-1961\/\" target=\"_blank\" rel=\"noopener noreferrer\">Menschen am Sonntag \u2013 Impressionen einer Stadt<\/a><\/strong>, 1961 (15 Min., 8 Seiten Booklet, 8 \u20ac)<br \/>\n<strong>4.\u00a0<a href=\"https:\/\/wordpress.nibis.de\/film-ge\/2020\/09\/04\/ein-sommertag-im-zoo-1971\/\" target=\"_blank\" rel=\"noopener noreferrer\">Ein Sommertag im Zoo<\/a><\/strong>, 1971 (13 Min., 12 Seiten Booklet, 8 \u20ac)<br \/>\n<strong>5.\u00a0<a href=\"https:\/\/wordpress.nibis.de\/film-ge\/2020\/08\/29\/blumenkorso-1954-die-singende-stadt\/\" target=\"_blank\" rel=\"noopener noreferrer\">Blumenkorso 1954 Hannover<\/a><\/strong>, 1954 (10 Min., 16 Seiten Booklet, 8 \u20ac)<br \/>\n<strong>6.\u00a0<a href=\"https:\/\/wordpress.nibis.de\/film-ge\/2020\/08\/31\/alle-machen-mit-1960\/\" target=\"_blank\" rel=\"noopener noreferrer\">Alle machen mit. Der Wiederaufbau in Hannover<\/a><\/strong>, 1960 (25 Min, 8 Seiten Booklet, 8 \u20ac).<br \/>\n<strong>7.\u00a0<a href=\"https:\/\/wordpress.nibis.de\/film-ge\/2020\/09\/04\/die-kunst-geht-auf-die-strasse-1970\/\" target=\"_blank\" rel=\"noopener noreferrer\">Die Kunst geht auf die Stra\u00dfe<\/a><\/strong>, 1970 (27 min, 12 Seiten Booklet, 10 \u20ac)<br \/>\n<strong>8.\u00a0<a href=\"https:\/\/wordpress.nibis.de\/film-ge\/2020\/08\/31\/mosaik-einer-stadt-1961\/\" target=\"_blank\" rel=\"noopener noreferrer\">Mosaik einer Stadt<\/a><\/strong>, 1960 (12 Min, 8 Seiten Booklet, 6 \u20ac)<br \/>\n<strong>9.\u00a0<a href=\"https:\/\/wordpress.nibis.de\/film-ge\/2020\/08\/28\/das-gesicht-einer-stadt-1932\/\" target=\"_blank\" rel=\"noopener noreferrer\">Das Gesicht einer Stadt<\/a><\/strong>, 1932 (37 min, 12 Seiten Booklet, 10 \u20ac)<br \/>\n<strong>10.\u00a0Kunstaktionen in Hannover \u2013 F\u00fcnf Filme von Rudolf Dornis<\/strong> (10 \u20ac) <a href=\"https:\/\/wordpress.nibis.de\/film-ge\/2020\/09\/07\/kinder-malen-fuer-kinder-1977\/\" target=\"_blank\" rel=\"noopener noreferrer\">Kinder malen f\u00fcr Kinder<\/a> (1977), <a href=\"https:\/\/wordpress.nibis.de\/film-ge\/2020\/09\/07\/das-schicksal-nehme-also-seinen-lauf-1979\/\" target=\"_blank\" rel=\"noopener noreferrer\">Das Schicksal nehme also seinen Lauf<\/a> (1979), <a href=\"https:\/\/wordpress.nibis.de\/film-ge\/2020\/10\/02\/kornbrennerei-1988\/\" target=\"_blank\" rel=\"noopener noreferrer\">Kornbrennerei<\/a> (1988), <a href=\"https:\/\/wordpress.nibis.de\/film-ge\/2020\/10\/02\/brennende-kamera-1990\/\" target=\"_blank\" rel=\"noopener noreferrer\">Brennende Kamera<\/a> (1990), <a href=\"https:\/\/wordpress.nibis.de\/film-ge\/2020\/10\/02\/reden-vor-einer-wand-1994\/\" target=\"_blank\" rel=\"noopener noreferrer\">Reden vor einer Wand<\/a> (1994)<br \/>\n<strong>11.\u00a0<a href=\"https:\/\/wordpress.nibis.de\/film-ge\/2020\/08\/30\/2367\/\" target=\"_blank\" rel=\"noopener noreferrer\">Begegnung mit Herrenhausen<\/a><\/strong>, 1959 (24 min, 8 Seiten Booklet, 10 \u20ac)<br \/>\n<strong>12.\u00a0<a href=\"http:\/\/www.geschichte-projekte-hannover.de\/filmundgeschichte\/hannover_im_film\/die-filme\/grosse-garten-der\/dvd-16.html\" target=\"_blank\" rel=\"noopener noreferrer\">Der Gro\u00dfe Garten<\/a><\/strong>, 1965 (11 min, 12 Seiten Booklet, 10 \u20ac)<br \/>\n<strong>13. \u201eZweiter Weltkrieg und Wiederaufbau \u2013 Sechs Filmdokumente 1940-1950\u201c <\/strong>(37 min, 12 Seiten Booklet, 10 \u20ac)<strong><br \/>\n<\/strong><a href=\"https:\/\/wordpress.nibis.de\/film-ge\/2020\/08\/28\/siegesparade-hannover-september-1940\/\" target=\"_blank\" rel=\"noopener noreferrer\">Siegesparade \u2013 Hannover September 1940<\/a>, <a href=\"https:\/\/wordpress.nibis.de\/film-ge\/2020\/08\/28\/mission-to-hanover-26-july-1943-1943\/\" target=\"_blank\" rel=\"noopener noreferrer\">Mission to Hanover 26 July 1943<\/a>, <a href=\"https:\/\/wordpress.nibis.de\/film-ge\/2020\/08\/28\/naechtliche-bombardierung-hannovers-22-23-09-1943\/\" target=\"_blank\" rel=\"noopener noreferrer\">N\u00e4chtliche Bombardierung Hannovers 22.\/23.09.1943<\/a>,\u00a0<a href=\"https:\/\/wordpress.nibis.de\/film-ge\/2020\/08\/28\/hannover-april-1945-flug-ueber-die-zerstoerte-stadt\/\" target=\"_blank\" rel=\"noopener noreferrer\">Hannover April 1945 \u2013 Flug \u00fcber die zerst\u00f6rte Stadt<\/a>,\u00a0<a href=\"https:\/\/wordpress.nibis.de\/film-ge\/2020\/08\/28\/hannover-hauptbahnhof-11-april-1945\/\" target=\"_blank\" rel=\"noopener noreferrer\">Hannover Hauptbahnhof \u2013 11. April 1945<\/a>,\u00a0<a href=\"https:\/\/wordpress.nibis.de\/film-ge\/2020\/08\/28\/hannover-1949-1950\/\" target=\"_blank\" rel=\"noopener noreferrer\">Hannover 1949-50<\/a><br \/>\n<strong>14.\u00a0<a href=\"https:\/\/wordpress.nibis.de\/film-ge\/2020\/10\/02\/georg-ludwig-friedrich-laves-1788-1864-1988\/\" target=\"_blank\" rel=\"noopener noreferrer\">Georg Ludwig Friedrich Laves 1788-1864<\/a>,\u00a0<\/strong>1988 (26 Min, 12 Seiten Booklet, 10 \u20ac)<strong><br \/>\n15. \u201eDie \u201abunten\u2018 Siebziger\u201c (<\/strong>32 min, 12 Seiten Booklet, 10 \u20ac)<strong><br \/>\n<\/strong><a href=\"https:\/\/wordpress.nibis.de\/film-ge\/2020\/09\/03\/flohmarkt-1668-69\/\" target=\"_blank\" rel=\"noopener noreferrer\">Flohmarkt<\/a>(1968\/69),\u00a0<a href=\"https:\/\/wordpress.nibis.de\/film-ge\/2020\/09\/06\/wochenende-1974\/\" target=\"_blank\" rel=\"noopener noreferrer\">Wochenende\u00a0<\/a>(1974),<a href=\"https:\/\/wordpress.nibis.de\/film-ge\/2020\/09\/07\/der-rote-faden-1975\/\" target=\"_blank\" rel=\"noopener noreferrer\">Der Rote Faden\u00a0<\/a>(1975)<strong><br \/>\n16.\u00a0<a href=\"https:\/\/wordpress.nibis.de\/film-ge\/2020\/09\/01\/sinnvolle-freizeit-1962\/\" target=\"_blank\" rel=\"noopener noreferrer\">Sinnvolle Freizeit<\/a><\/strong>, 1962 (20 min, 12 Seiten Booklet, 6 \u20ac)<strong><br \/>\n17.\u00a0<a href=\"https:\/\/wordpress.nibis.de\/film-ge\/2020\/09\/02\/elisabeth-ii-in-hannover-1965\/\" target=\"_blank\" rel=\"noopener noreferrer\">Elisabeth II. in Hannover<\/a><\/strong>, 1965 (9 min, 8 Seiten Booklet, 6 \u20ac)<br \/>\n<strong>18.\u00a0<a href=\"https:\/\/wordpress.nibis.de\/film-ge\/2020\/09\/04\/die-stadt-menschlicher-machen-1972\/\" target=\"_blank\" rel=\"noopener noreferrer\">Die Stadt menschlicher machen \u2013 Hannover 1972<\/a><\/strong>, 1972 (21 min, 8 Seiten Booklet, 10 \u20ac)<br \/>\n<strong>19. Der Schienenzeppelin \u2013 Speed \u2026 speed \u2026 more speed<\/strong>,\u00a0<strong>Eilenriederennen 1931<\/strong>,\u00a0<strong>Eilenriederennen 1934<\/strong>,\u00a0<strong>Hannover im Verkehrsfilm<\/strong>,\u00a0<strong>Ausflug mit der Roten Elf<\/strong>, 1931-1939 (30 min, 12 Seiten Booklet, 10 \u20ac)<br \/>\n<strong>20.\u00a0\u201eDamals \u2013 mit der \u00dcSTRA unterwegs\u201c<br \/>\n<\/strong>Von fr\u00fch bis sp\u00e4t<strong> (1955),\u00a0<\/strong><a href=\"https:\/\/wordpress.nibis.de\/film-ge\/2020\/09\/02\/verkehrsprobleme-einer-stadt-1965\/\" target=\"_blank\" rel=\"noopener noreferrer\">Verkehrsprobleme einer Stadt<\/a> <strong>(1965),\u00a0<\/strong><a href=\"https:\/\/wordpress.nibis.de\/film-ge\/2020\/09\/07\/neue-schienen-neue-wege-1976\/\" target=\"_blank\" rel=\"noopener noreferrer\">Neue Schienen \u2013 neue Wege<\/a><strong><a href=\"https:\/\/wordpress.nibis.de\/film-ge\/2020\/09\/07\/neue-schienen-neue-wege-1976\/\" target=\"_blank\" rel=\"noopener noreferrer\"> (1976)<\/a>,\u00a0<\/strong>(64 min, 12 Seiten Booklet, 10 \u20ac)<br \/>\n<strong>21.\u00a0<a href=\"https:\/\/wordpress.nibis.de\/film-ge\/2020\/08\/28\/bau-der-schachtschleuse-anderten-bei-hannover-1928\/\" target=\"_blank\" rel=\"noopener noreferrer\">Bau der Schachtschleuse Anderten bei Hannover<\/a>,\u00a0<a href=\"https:\/\/wordpress.nibis.de\/film-ge\/2020\/08\/28\/vom-bau-des-anzeiger-hochhauses-1929\/\" target=\"_blank\" rel=\"noopener noreferrer\">Vom Bau des Anzeiger-Hochhauses<\/a>,\u00a0<\/strong>1928\/1929 (23 min, 12 Seiten Booklet, 10 \u20ac)<\/p>\n<p><strong>Verkaufsstellen:<\/strong><\/p>\n<ul>\n<li>B\u00fcro der GFS, Expo Plaza 12, 30539 Hannover (1.OG, Raum 1.11);<\/li>\n<li>Kino im K\u00fcnstlerhaus, Abendkasse im Kino-Foyer;<\/li>\n<li>Antiquariat Becker, Lister Meile 49;<\/li>\n<li>Historisches Museum, Pferdestra\u00dfe 6<\/li>\n<\/ul>\n<p>Weitere Projektinformationen finden Sie im Internet in der\u00a0<strong><a href=\"https:\/\/wordpress.nibis.de\/film-ge\/\" target=\"_blank\" rel=\"noopener noreferrer\">Lernwerkstatt Film und Geschichte<\/a><\/strong> im Bereich <strong><a href=\"https:\/\/wordpress.nibis.de\/film-ge\/nds-film-und-kinogeschichte\/hannover-im-film\/\">Hannover im Film<\/a><\/strong>.<\/p>\n","protected":false},"excerpt":{"rendered":"<p>Sicherung, Nutzbarmachung und Pr\u00e4sentation Die Filme, die die Geschichte Hannovers im 20. Jahrhundert spiegeln, sind vom Zerfall bedroht. Viele Dutzend 16-mm-Kopien, die meisten durch zahllose Vorf\u00fchrungen verschlissen, lagern verteilt in verschiedenen Institutionen. Die Filme waren kaum dokumentiert und archivisch nicht gesichert. In einigen Jahren w\u00e4re mit einem Totalverlust vieler Filme zu rechnen gewesen. Seit 2004 [&hellip;]<\/p>\n","protected":false},"author":9193093,"featured_media":0,"parent":0,"menu_order":3,"comment_status":"closed","ping_status":"closed","template":"","meta":{"footnotes":""},"class_list":["post-35","page","type-page","status-publish","hentry"],"_links":{"self":[{"href":"https:\/\/wordpress.nibis.de\/gfs\/wp-json\/wp\/v2\/pages\/35","targetHints":{"allow":["GET"]}}],"collection":[{"href":"https:\/\/wordpress.nibis.de\/gfs\/wp-json\/wp\/v2\/pages"}],"about":[{"href":"https:\/\/wordpress.nibis.de\/gfs\/wp-json\/wp\/v2\/types\/page"}],"author":[{"embeddable":true,"href":"https:\/\/wordpress.nibis.de\/gfs\/wp-json\/wp\/v2\/users\/9193093"}],"replies":[{"embeddable":true,"href":"https:\/\/wordpress.nibis.de\/gfs\/wp-json\/wp\/v2\/comments?post=35"}],"version-history":[{"count":4,"href":"https:\/\/wordpress.nibis.de\/gfs\/wp-json\/wp\/v2\/pages\/35\/revisions"}],"predecessor-version":[{"id":263,"href":"https:\/\/wordpress.nibis.de\/gfs\/wp-json\/wp\/v2\/pages\/35\/revisions\/263"}],"wp:attachment":[{"href":"https:\/\/wordpress.nibis.de\/gfs\/wp-json\/wp\/v2\/media?parent=35"}],"curies":[{"name":"wp","href":"https:\/\/api.w.org\/{rel}","templated":true}]}}