{"id":38,"date":"2020-11-25T13:58:08","date_gmt":"2020-11-25T12:58:08","guid":{"rendered":"https:\/\/wordpress.nibis.de\/gfs\/?page_id=38"},"modified":"2020-11-25T19:14:56","modified_gmt":"2020-11-25T18:14:56","slug":"ausstellungen","status":"publish","type":"page","link":"https:\/\/wordpress.nibis.de\/gfs\/ausstellungen\/","title":{"rendered":"Ausstellungen"},"content":{"rendered":"<p>1991 erarbeitete\u00a0<strong>Pamela M\u00fcller<\/strong>\u00a0im Auftrag der GFS die Ausstellung\u00a0<a href=\"http:\/\/www.geschichte-projekte-hannover.de\/gfs\/lichtspieltraume\/\">\u201eLichtspieltr\u00e4ume. Kino in Hannover 1896-1991\u201c<\/a>, die vom 6. Oktober bis 24. November 1991 im Theater am Aegi in Hannover zu sehen war und 1992\/93 durch f\u00fcnf nieders\u00e4chsische St\u00e4dte wanderte, wo sie um die jeweils lokale Filmgeschichte erg\u00e4nzt wurde.<\/p>\n<p>1994\/95 folgte die von<strong>\u00a0Susanne H\u00f6bermann (jetzt Susanne Lange)<\/strong>\u00a0und\u00a0<strong>Pamela M\u00fcller<\/strong>\u00a0kuratierte Ausstellung\u00a0<a href=\"http:\/\/www.geschichte-projekte-hannover.de\/gfs\/wir-wunderkinder\/\">\u201eWir Wunderkinder \u2013 100 Jahre Filmproduktion in Niedersachsen\u201c<\/a>, die vom 15. Oktober 1995 bis 14. Januar 1996 im Historischen Museum in Hannover und anschlie\u00dfend in verschiedenen nieders\u00e4chsischen St\u00e4dten gezeigt wurde.<\/p>\n<p><img loading=\"lazy\" decoding=\"async\" class=\"alignnone size-full wp-image-101\" src=\"https:\/\/wordpress.nibis.de\/gfs\/files\/2020\/11\/JFU_Grossfilme.jpg\" alt=\"\" width=\"453\" height=\"650\" srcset=\"https:\/\/wordpress.nibis.de\/gfs\/files\/2020\/11\/JFU_Grossfilme.jpg 453w, https:\/\/wordpress.nibis.de\/gfs\/files\/2020\/11\/JFU_Grossfilme-209x300.jpg 209w\" sizes=\"auto, (max-width: 453px) 100vw, 453px\" \/><\/p>\n<p><em>Ausstellungstafel aus &#8222;Wir Wunderkinder&#8220;<\/em><\/p>\n","protected":false},"excerpt":{"rendered":"<p>1991 erarbeitete\u00a0Pamela M\u00fcller\u00a0im Auftrag der GFS die Ausstellung\u00a0\u201eLichtspieltr\u00e4ume. Kino in Hannover 1896-1991\u201c, die vom 6. Oktober bis 24. November 1991 im Theater am Aegi in Hannover zu sehen war und 1992\/93 durch f\u00fcnf nieders\u00e4chsische St\u00e4dte wanderte, wo sie um die jeweils lokale Filmgeschichte erg\u00e4nzt wurde. 1994\/95 folgte die von\u00a0Susanne H\u00f6bermann (jetzt Susanne Lange)\u00a0und\u00a0Pamela M\u00fcller\u00a0kuratierte Ausstellung\u00a0\u201eWir [&hellip;]<\/p>\n","protected":false},"author":9193093,"featured_media":0,"parent":0,"menu_order":5,"comment_status":"closed","ping_status":"closed","template":"","meta":{"footnotes":""},"class_list":["post-38","page","type-page","status-publish","hentry"],"_links":{"self":[{"href":"https:\/\/wordpress.nibis.de\/gfs\/wp-json\/wp\/v2\/pages\/38","targetHints":{"allow":["GET"]}}],"collection":[{"href":"https:\/\/wordpress.nibis.de\/gfs\/wp-json\/wp\/v2\/pages"}],"about":[{"href":"https:\/\/wordpress.nibis.de\/gfs\/wp-json\/wp\/v2\/types\/page"}],"author":[{"embeddable":true,"href":"https:\/\/wordpress.nibis.de\/gfs\/wp-json\/wp\/v2\/users\/9193093"}],"replies":[{"embeddable":true,"href":"https:\/\/wordpress.nibis.de\/gfs\/wp-json\/wp\/v2\/comments?post=38"}],"version-history":[{"count":2,"href":"https:\/\/wordpress.nibis.de\/gfs\/wp-json\/wp\/v2\/pages\/38\/revisions"}],"predecessor-version":[{"id":102,"href":"https:\/\/wordpress.nibis.de\/gfs\/wp-json\/wp\/v2\/pages\/38\/revisions\/102"}],"wp:attachment":[{"href":"https:\/\/wordpress.nibis.de\/gfs\/wp-json\/wp\/v2\/media?parent=38"}],"curies":[{"name":"wp","href":"https:\/\/api.w.org\/{rel}","templated":true}]}}