{"id":40,"date":"2020-11-25T14:01:40","date_gmt":"2020-11-25T13:01:40","guid":{"rendered":"https:\/\/wordpress.nibis.de\/gfs\/?page_id=40"},"modified":"2020-11-25T16:10:19","modified_gmt":"2020-11-25T15:10:19","slug":"lichtspieltraeume","status":"publish","type":"page","link":"https:\/\/wordpress.nibis.de\/gfs\/ausstellungen\/lichtspieltraeume\/","title":{"rendered":"Lichtspieltr\u00e4ume"},"content":{"rendered":"<p>Die Ausstellung<strong>\u00a0\u201eLichtspieltr\u00e4ume. Kino in Hannover 1896 -1991\u201c<\/strong>\u00a0wurde 1991 von Pamela M\u00fcller im Auftrag der Gesellschaft f\u00fcr Filmstudien erarbeitet und war vom 6. Oktober bis 24. November 1991 im Theater am Aegi in Hannover zu sehen.<\/p>\n<p>Ausstellungsschwerpunkte waren:<\/p>\n<p>\u2013 Hannoversche Kinoanf\u00e4nge<br \/>\u2013 Kino unterm Hakenkreuz<br \/>\u2013 Hannoversche Kinos in der Nachkriegszeit<br \/>\u2013 Film und Werbung<br \/>\u2013 Kino als belehrender Ort<br \/>\u2013 Film und Politik<br \/>\u2013 Geschichte Hannovers im Dokumentar- und Kulturfilm<\/p>\n<p>In den Jahren 1992 und 1993 wanderte die Ausstellung durch f\u00fcnf nieders\u00e4chsische St\u00e4dte, erg\u00e4nzt um die jeweilige lokale Filmgeschichte.<\/p>\n<p><img loading=\"lazy\" decoding=\"async\" class=\"size-full wp-image-68 alignleft\" src=\"https:\/\/wordpress.nibis.de\/gfs\/files\/2020\/11\/Lichtspieltr\u00e4ume.jpg\" alt=\"\" width=\"200\" height=\"287\" \/><\/p>\n<p><em>Der\u00a0<strong>Katalog zur Ausstellung<\/strong>, der einzelne Aspekte der Thematik vertiefend behandelt, kann bei der GFS bezogen werden.<\/em><\/p>\n<p>\u00a0<\/p>\n<hr \/>\n<h2>Kinogeschichte Hannovers<\/h2>\n<p><img loading=\"lazy\" decoding=\"async\" class=\"size-full wp-image-71 alignright\" src=\"https:\/\/wordpress.nibis.de\/gfs\/files\/2020\/11\/Vor_dem_Kino2.jpg\" alt=\"\" width=\"410\" height=\"290\" srcset=\"https:\/\/wordpress.nibis.de\/gfs\/files\/2020\/11\/Vor_dem_Kino2.jpg 410w, https:\/\/wordpress.nibis.de\/gfs\/files\/2020\/11\/Vor_dem_Kino2-300x212.jpg 300w\" sizes=\"auto, (max-width: 410px) 100vw, 410px\" \/>Das Foto zeigt das Hannoversche Premierenkino \u201eWeltspiele\u201c im Jahr 1953. In den f\u00fcnfziger Jahren erlebten die \u201eWeltspiele\u201c ihre Bl\u00fctezeit als Erst- und Urauff\u00fchrungstheater. Das Kino hatte 1160 Sitzpl\u00e4tze und war seinerzeit das gr\u00f6\u00dfte Hannovers. In seinen besten Zeiten besch\u00e4ftigten die \u201eWeltspiele\u201c 22 Platzanweiserinnen, f\u00fcnf Kassiererinnen, vier Vorf\u00fchrer, zwei Portiers und einen Pagen in Uniform.<\/p>\n<p>Mehr zur Kinogeschichte Hannovers sowie einen \u00dcberblick \u00fcber die Ausstellungsinhalte der\u00a0<strong>\u201eLichstspieltr\u00e4ume\u201c<\/strong>\u00a0und die einzelnen Ausstellungstafeln nebst einer interaktiven Karte zur Entwicklung der hannoverschen Kinolandschaft finden Sie in der\u00a0<a href=\"https:\/\/wordpress.nibis.de\/film-ge\/nds-film-und-kinogeschichte\/kinogeschichte\/\" target=\"_blank\" rel=\"noopener noreferrer\">Lernwerkstatt Film und Geschichte<\/a><\/p>\n\n","protected":false},"excerpt":{"rendered":"<p>Die Ausstellung\u00a0\u201eLichtspieltr\u00e4ume. Kino in Hannover 1896 -1991\u201c\u00a0wurde 1991 von Pamela M\u00fcller im Auftrag der Gesellschaft f\u00fcr Filmstudien erarbeitet und war vom 6. Oktober bis 24. November 1991 im Theater am Aegi in Hannover zu sehen. Ausstellungsschwerpunkte waren: \u2013 Hannoversche Kinoanf\u00e4nge\u2013 Kino unterm Hakenkreuz\u2013 Hannoversche Kinos in der Nachkriegszeit\u2013 Film und Werbung\u2013 Kino als belehrender Ort\u2013 [&hellip;]<\/p>\n","protected":false},"author":9193093,"featured_media":0,"parent":38,"menu_order":1,"comment_status":"closed","ping_status":"closed","template":"","meta":{"footnotes":""},"class_list":["post-40","page","type-page","status-publish","hentry"],"_links":{"self":[{"href":"https:\/\/wordpress.nibis.de\/gfs\/wp-json\/wp\/v2\/pages\/40","targetHints":{"allow":["GET"]}}],"collection":[{"href":"https:\/\/wordpress.nibis.de\/gfs\/wp-json\/wp\/v2\/pages"}],"about":[{"href":"https:\/\/wordpress.nibis.de\/gfs\/wp-json\/wp\/v2\/types\/page"}],"author":[{"embeddable":true,"href":"https:\/\/wordpress.nibis.de\/gfs\/wp-json\/wp\/v2\/users\/9193093"}],"replies":[{"embeddable":true,"href":"https:\/\/wordpress.nibis.de\/gfs\/wp-json\/wp\/v2\/comments?post=40"}],"version-history":[{"count":5,"href":"https:\/\/wordpress.nibis.de\/gfs\/wp-json\/wp\/v2\/pages\/40\/revisions"}],"predecessor-version":[{"id":73,"href":"https:\/\/wordpress.nibis.de\/gfs\/wp-json\/wp\/v2\/pages\/40\/revisions\/73"}],"up":[{"embeddable":true,"href":"https:\/\/wordpress.nibis.de\/gfs\/wp-json\/wp\/v2\/pages\/38"}],"wp:attachment":[{"href":"https:\/\/wordpress.nibis.de\/gfs\/wp-json\/wp\/v2\/media?parent=40"}],"curies":[{"name":"wp","href":"https:\/\/api.w.org\/{rel}","templated":true}]}}