{"id":5,"date":"2020-11-25T13:02:36","date_gmt":"2020-11-25T12:02:36","guid":{"rendered":"https:\/\/wordpress.nibis.de\/gfs\/?page_id=5"},"modified":"2020-11-25T19:14:41","modified_gmt":"2020-11-25T18:14:41","slug":"gesellschaft-fuer-filmstudien","status":"publish","type":"page","link":"https:\/\/wordpress.nibis.de\/gfs\/gesellschaft-fuer-filmstudien\/","title":{"rendered":"\u00dcber uns"},"content":{"rendered":"\n<p>Die Gesellschaft f\u00fcr Filmstudien e.V. (GFS) wurde 1989 als \u201eVerein zur F\u00f6rderung filmwissenschaftlicher Aktivit\u00e4ten in Niedersachsen\u201c gegr\u00fcndet, wesentlich initiiert durch Irmgard Wilharm, Professorin am Historischen Seminar der Leibniz Universit\u00e4t Hannover. Zur Verwirklichung ihrer Aktivit\u00e4ten kooperiert die GFS mit dem<strong>\u00a0Filminstitut Hannover<\/strong>\u00a0(bis 2016: Kulturarchiv an der Hochschule Hannover), in dessen R\u00e4umlichkeiten sie seit 1996 beheimatet ist.<br \/>Seit ihrer Gr\u00fcndung ist die GFS durch verschiedene Projekte in der wissenschaftlichen Erforschung und Pr\u00e4sentation filmhistorischer Themen hervorgetreten. Dazu z\u00e4hlen die\u00a0<strong>Ausstellungen<\/strong>\u00a0<b>\u201e<a title=\"Lichtspieltr\u00e4ume\" href=\"http:\/\/www.geschichte-projekte-hannover.de\/gfs\/lichtspieltraume\/\">Lichtspieltr\u00e4ume. Kino in Hannover 1896-1991<\/a>\u201c\u00a0<\/b>(1991) und\u00a0<b>\u201e<a title=\"Wir Wunderkinder\" href=\"http:\/\/www.geschichte-projekte-hannover.de\/gfs\/wir-wunderkinder\/\">Wir Wunderkinder. Filmproduktion in Niedersachsen 1896-1995<\/a>\u201e<\/b>(1995), ferner die Mitarbeit an der Deutschen Filmographie 1895-1998 des\u00a0<a href=\"https:\/\/www.kinematheksverbund.de\/\" target=\"_blank\" rel=\"noopener noreferrer\">Deutschen Kinematheksverbundes<\/a>, f\u00fcr den die GFS Datens\u00e4tze f\u00fcr den Zeitraum 1933 bis 1945 beisteuerte. Die Projektergebnisse wurden ver\u00f6ffentlicht als CD-Rom\u00a0<em>\u201eDie deutschen Filme. Deutsche Filmographie 1895-1998. Die Top 100\u201c<\/em>.<b><\/b><\/p>\n<p>Zu den Aktivit\u00e4ten der GFS geh\u00f6rt auch die\u00a0<strong>Konzeption und Durchf\u00fchrung von Filmreihen<\/strong>\u00a0zu verschiedenen Themenschwerpunkten, beispielsweise: \u201eMigration, Flucht und Exil\u201c oder \u201eFilm und Geschichte\u201c. Ein gr\u00f6\u00dferes Projekt war im Jahr 2006 die Organisation eines filmischen Begleitprogramms zur Wanderausstellung \u201e60 Jahre Niedersachsen\u201c. Von April bis November tourte das Programm \u201e60 Jahre Niedersachsen \u2013 eine filmische Landpartie\u201c durch Hildesheim, G\u00f6ttingen, B\u00fcckeburg, Aurich, Winsen, Stade, L\u00fcneburg und Hannover.<\/p>\n<div id=\"attachment_64\" class=\"wp-caption alignleft\"><a href=\"http:\/\/www.geschichte-projekte-hannover.de\/gfs\/wp-content\/uploads\/2013\/03\/gfs-01.jpg\"><img loading=\"lazy\" decoding=\"async\" class=\"size-full wp-image-64\" src=\"http:\/\/www.geschichte-projekte-hannover.de\/gfs\/wp-content\/uploads\/2013\/03\/gfs-01.jpg\" alt=\"Kinoplakat\" width=\"200\" height=\"290\" \/><\/a>\n<p class=\"wp-caption-text\">Kinoplakat<\/p>\n<\/div>\n<p>Im Rahmen ihrer<strong>\u00a0archivisch-dokumentarischen Arbeit<\/strong>\u00a0hat die GFS die Nachl\u00e4sse der Filmproduktionsfirmen\u00a0<strong>Filmaufbau GmbH G\u00f6ttingen<\/strong>\u00a0und\u00a0<strong>R.W. Kipp-Filmproduktion<\/strong>\u00a0(Hamburg) \u00fcbernommen und aufgearbeitet. Diese Nachl\u00e4sse werden gemeinsam mit dem der\u00a0<strong>Junge Film-Union Bendestorf<\/strong>\u00a0und anderen filmhistorischen Materialien im Filminstitut Hannover aufbewahrt und stehen der Forschung und interessierten \u00d6ffentlichkeit zur Verf\u00fcgung. Detaillierte Infos und Fotos finden sich auf der Website des\u00a0<a href=\"http:\/\/filminstitut-hannover.de\/\" target=\"_blank\" rel=\"noopener noreferrer\">Filminstituts Hannover<\/a>. Neben der Archivierung von Nachl\u00e4ssen erweitert die GFS fortlaufend ihre Sammlungen. Archiviert werden z.B. Materialien, wie Fotos, Presseberichte und Plakate zu einzelnen Filmen, Personen, Filmfirmen, Kinos u.s.w. Erg\u00e4nzt werden diese Sammlungen durch ein Film- und Videopr\u00e4senzarchiv.<\/p>\n<p>2004 rief die GFS das Projekt\u00a0<a href=\"http:\/\/www.geschichte-projekte-hannover.de\/gfs\/hannover-filme\/\" target=\"_blank\" rel=\"noopener noreferrer\"><b>\u201eHannover-Filme\u201c<\/b><\/a><b>\u00a0<\/b>ins Leben \u2013 mit dem Ziel, das vom Zerfall bedrohte Filmerbe Hannovers zu sichern. Ausgew\u00e4hlte Filme, die die Geschichte Hannovers im 20. Jahrhundert spiegeln, werden aufw\u00e4ndig restauriert, nutzbar gemacht, ggf. restauriert und nicht zuletzt pr\u00e4sentiert. Hierzu z\u00e4hlt auch eine DVD-Edition.<\/p>\n<div>\n<p>In diesen Kontext geh\u00f6rt auch das Projekt \u201cHistorische Filmbest\u00e4nde in Niedersachsen\u201d, das im M\u00e4rz 2011 von der GFS gestartet wurde. N\u00e4here Informationen dazu finden Sie unter\u00a0<a href=\"http:\/\/www.geschichte-projekte-hannover.de\/gfs\/filmbestande-in-niedersachsen\/\">\u201eFilmbest\u00e4nde in Niedersachsen\u201c<\/a>.<\/p>\n<p>Eine Auswahl\u00a0<strong>aktiver Mitglieder<\/strong>\u00a0finden Sie\u00a0<a href=\"http:\/\/www.geschichte-projekte-hannover.de\/gfs\/aktive-mitglieder\/\">hier<\/a>.<\/p>\n<\/div>\n","protected":false},"excerpt":{"rendered":"<p>Die Gesellschaft f\u00fcr Filmstudien e.V. (GFS) wurde 1989 als \u201eVerein zur F\u00f6rderung filmwissenschaftlicher Aktivit\u00e4ten in Niedersachsen\u201c gegr\u00fcndet, wesentlich initiiert durch Irmgard Wilharm, Professorin am Historischen Seminar der Leibniz Universit\u00e4t Hannover. Zur Verwirklichung ihrer Aktivit\u00e4ten kooperiert die GFS mit dem\u00a0Filminstitut Hannover\u00a0(bis 2016: Kulturarchiv an der Hochschule Hannover), in dessen R\u00e4umlichkeiten sie seit 1996 beheimatet ist.Seit ihrer [&hellip;]<\/p>\n","protected":false},"author":9193093,"featured_media":0,"parent":0,"menu_order":6,"comment_status":"closed","ping_status":"closed","template":"","meta":{"footnotes":""},"class_list":["post-5","page","type-page","status-publish","hentry"],"_links":{"self":[{"href":"https:\/\/wordpress.nibis.de\/gfs\/wp-json\/wp\/v2\/pages\/5","targetHints":{"allow":["GET"]}}],"collection":[{"href":"https:\/\/wordpress.nibis.de\/gfs\/wp-json\/wp\/v2\/pages"}],"about":[{"href":"https:\/\/wordpress.nibis.de\/gfs\/wp-json\/wp\/v2\/types\/page"}],"author":[{"embeddable":true,"href":"https:\/\/wordpress.nibis.de\/gfs\/wp-json\/wp\/v2\/users\/9193093"}],"replies":[{"embeddable":true,"href":"https:\/\/wordpress.nibis.de\/gfs\/wp-json\/wp\/v2\/comments?post=5"}],"version-history":[{"count":2,"href":"https:\/\/wordpress.nibis.de\/gfs\/wp-json\/wp\/v2\/pages\/5\/revisions"}],"predecessor-version":[{"id":15,"href":"https:\/\/wordpress.nibis.de\/gfs\/wp-json\/wp\/v2\/pages\/5\/revisions\/15"}],"wp:attachment":[{"href":"https:\/\/wordpress.nibis.de\/gfs\/wp-json\/wp\/v2\/media?parent=5"}],"curies":[{"name":"wp","href":"https:\/\/api.w.org\/{rel}","templated":true}]}}