{"id":80,"date":"2020-11-25T16:16:28","date_gmt":"2020-11-25T15:16:28","guid":{"rendered":"https:\/\/wordpress.nibis.de\/gfs\/?page_id=80"},"modified":"2020-11-25T16:20:08","modified_gmt":"2020-11-25T15:20:08","slug":"wir-wunderkinder","status":"publish","type":"page","link":"https:\/\/wordpress.nibis.de\/gfs\/ausstellungen\/wir-wunderkinder\/","title":{"rendered":"Wir Wunderkinder"},"content":{"rendered":"<p>Die Ausstellung\u00a0<strong>\u201eWir Wunderkinder \u2013 100 Jahre Filmproduktion in Niedersachsen\u201c<\/strong>\u00a0wurde 1994\/95 von Susanne H\u00f6bermann (jetzt Susanne Lange) und Pamela M\u00fcller im Auftrag der Gesellschaft f\u00fcr Filmstudien erarbeitet und war vom 15. Oktober 1995 bis 14. Januar 1996 im Historischen Museum in Hannover zu sehen. Anschlie\u00dfend wanderte sie durch verschiedene nieders\u00e4chsische St\u00e4dte.<\/p>\n<p>Schwerpunkte der Ausstellung waren:<\/p>\n<p>\u2013 Filmpioniere aus Niedersachsen<br \/>\u2013 fr\u00fche Filmproduktion im Kaiserreich und in der Weimarer Republik<br \/>\u2013 Filmschauplatz Niedersachsen<br \/>\u2013 Filmaufbau GmbH G\u00f6ttingen und Filmatelier G\u00f6ttingen<br \/>\u2013 Junge Film-Union Bendestorf und Studio Bendestorf<br \/>\u2013 Perspektiven der Filmproduktion in Niedersachsen<br \/>\u2013 Filmprominenz aus Niedersachsen<\/p>\n<p><img loading=\"lazy\" decoding=\"async\" class=\"size-full wp-image-75 alignleft\" src=\"https:\/\/wordpress.nibis.de\/gfs\/files\/2020\/11\/gfs-06.jpg\" alt=\"\" width=\"200\" height=\"288\" \/><\/p>\n<p>Neben zahlreichen Exponaten und Begleitveranstaltungen bestand sie aus insgesamt 63 Ausstellungstafeln, die heute noch f\u00fcr Ausstellungszwecke zur Verf\u00fcgung stehen.<\/p>\n<p>Der Katalog zur Ausstellung, der einzelne Aspekte der Thematik vertiefend behandelt, kann bei der GFS bezogen werden.<\/p>\n<p>Einen \u00dcberblick \u00fcber die Ausstellungsinhalte und die einzelnen Ausstellungstafeln finden Sie im Internet in der\u00a0<strong><a href=\"https:\/\/wordpress.nibis.de\/film-ge\/2020\/09\/25\/wir-wunderkinder-100-jahre-filmproduktion-in-niedersachsen\/\">Lernwerkstatt Film und Geschichte<\/a>.<\/strong><\/p>\n<p><em>\u00a0<\/em><\/p>\n<table>\n<tbody>\n<tr>\n<td><em><img loading=\"lazy\" decoding=\"async\" class=\"size-full wp-image-76 alignleft\" src=\"https:\/\/wordpress.nibis.de\/gfs\/files\/2020\/11\/gfs-05-1.jpg\" alt=\"\" width=\"300\" height=\"220\" \/>Szenenfoto aus\u00a0<strong>\u201cRosen f\u00fcr den Staatsanwalt\u201d<\/strong>\u00a0(1960) mit Martin Held, Wolfgang Wahl und Walter Giller (v.l.), gedreht im Filmatelier G\u00f6ttingen, Quelle: Stiftung Deutsche Kinemathek<\/em><\/td>\n<\/tr>\n<\/tbody>\n<\/table>\n","protected":false},"excerpt":{"rendered":"<p>Die Ausstellung\u00a0\u201eWir Wunderkinder \u2013 100 Jahre Filmproduktion in Niedersachsen\u201c\u00a0wurde 1994\/95 von Susanne H\u00f6bermann (jetzt Susanne Lange) und Pamela M\u00fcller im Auftrag der Gesellschaft f\u00fcr Filmstudien erarbeitet und war vom 15. Oktober 1995 bis 14. Januar 1996 im Historischen Museum in Hannover zu sehen. Anschlie\u00dfend wanderte sie durch verschiedene nieders\u00e4chsische St\u00e4dte. Schwerpunkte der Ausstellung waren: \u2013 [&hellip;]<\/p>\n","protected":false},"author":9193093,"featured_media":0,"parent":38,"menu_order":2,"comment_status":"closed","ping_status":"closed","template":"","meta":{"footnotes":""},"class_list":["post-80","page","type-page","status-publish","hentry"],"_links":{"self":[{"href":"https:\/\/wordpress.nibis.de\/gfs\/wp-json\/wp\/v2\/pages\/80","targetHints":{"allow":["GET"]}}],"collection":[{"href":"https:\/\/wordpress.nibis.de\/gfs\/wp-json\/wp\/v2\/pages"}],"about":[{"href":"https:\/\/wordpress.nibis.de\/gfs\/wp-json\/wp\/v2\/types\/page"}],"author":[{"embeddable":true,"href":"https:\/\/wordpress.nibis.de\/gfs\/wp-json\/wp\/v2\/users\/9193093"}],"replies":[{"embeddable":true,"href":"https:\/\/wordpress.nibis.de\/gfs\/wp-json\/wp\/v2\/comments?post=80"}],"version-history":[{"count":6,"href":"https:\/\/wordpress.nibis.de\/gfs\/wp-json\/wp\/v2\/pages\/80\/revisions"}],"predecessor-version":[{"id":86,"href":"https:\/\/wordpress.nibis.de\/gfs\/wp-json\/wp\/v2\/pages\/80\/revisions\/86"}],"up":[{"embeddable":true,"href":"https:\/\/wordpress.nibis.de\/gfs\/wp-json\/wp\/v2\/pages\/38"}],"wp:attachment":[{"href":"https:\/\/wordpress.nibis.de\/gfs\/wp-json\/wp\/v2\/media?parent=80"}],"curies":[{"name":"wp","href":"https:\/\/api.w.org\/{rel}","templated":true}]}}