{"id":100,"date":"2020-04-25T21:00:18","date_gmt":"2020-04-25T19:00:18","guid":{"rendered":"https:\/\/wordpress.nibis.de\/ghsrueni\/?page_id=100"},"modified":"2026-04-15T08:25:03","modified_gmt":"2026-04-15T06:25:03","slug":"oeffnungszeiten","status":"publish","type":"page","link":"https:\/\/wordpress.nibis.de\/ghsrueni\/oeffnungszeiten\/","title":{"rendered":"Erreichbarkeit"},"content":{"rendered":"\n<h2 style=\"text-align: center\"><strong>Wie Sie uns erreichen k\u00f6nnen!<\/strong><\/h2>\n\n\n\n<table style=\"height: 139px;width: 100%\" width=\"100%\">\n<tbody>\n<tr style=\"height: 64px\">\n<td style=\"height: 64px;text-align: center;border-style: solid;border-color: #0cbef0\" colspan=\"6\" width=\"100%\">\n<p><strong>\u00d6ffnungszeiten<\/strong><\/p>\n<\/td>\n<\/tr>\n<tr style=\"height: 10px\">\n<td style=\"height: 10px;text-align: center;border-style: solid;border-color: #0cbef0\" width=\"22%\">&nbsp;<\/td>\n<td style=\"height: 10px;text-align: center;border-style: solid;border-color: #0cbef0\" width=\"15%\">\n<p><strong>Mo<\/strong><\/p>\n<\/td>\n<td style=\"height: 10px;text-align: center;border-style: solid;border-color: #0cbef0\" width=\"15%\">\n<p><strong>Di<\/strong><\/p>\n<\/td>\n<td style=\"height: 10px;text-align: center;border-style: solid;border-color: #0cbef0\" width=\"15%\">\n<p><strong>Mi<\/strong><\/p>\n<\/td>\n<td style=\"height: 10px;text-align: center;border-style: solid;border-color: #0cbef0\" width=\"15%\">\n<p><strong>Do<\/strong><\/p>\n<\/td>\n<td style=\"height: 10px;text-align: center;border-style: solid;border-color: #0cbef0\" width=\"15%\">\n<p><strong>Fr<\/strong><\/p>\n<\/td>\n<\/tr>\n<tr style=\"height: 10px\">\n<td style=\"height: 10px;text-align: center;border-style: solid;border-color: #0cbef0\" width=\"22%\">\n<p>Telefonische<br>Krankmeldungen<\/p>\n<\/td>\n<td style=\"height: 10px;text-align: center;border-style: solid;border-color: #0cbef0\" colspan=\"5\" width=\"77%\">\n<p>07.00 \u2013 08.00<\/p>\n<\/td>\n<\/tr>\n<tr style=\"height: 45px\">\n<td style=\"height: 45px;text-align: center;border-style: solid;border-color: #0cbef0\" width=\"22%\">\n<p>B\u00fcrozeiten<\/p>\n<\/td>\n<td style=\"height: 45px;text-align: center;border-style: solid;border-color: #0cbef0\" width=\"15%\">\n<p>07.30<br>&#8211;<br>13.30<\/p>\n<\/td>\n<td style=\"height: 45px;text-align: center;border-style: solid;border-color: #0cbef0\" width=\"15%\">\n<p>07.30<br>&#8211;<br>13.30<\/p>\n<\/td>\n<td style=\"height: 45px;text-align: center;border-style: solid;border-color: #0cbef0\" width=\"15%\">\n<p>10.00<br>&#8211;<br>13.30<\/p>\n<\/td>\n<td style=\"height: 45px;text-align: center;border-style: solid;border-color: #0cbef0\" width=\"15%\">\n<p>07.30<br>&#8211;<br>13.30<\/p>\n<\/td>\n<td style=\"height: 45px;text-align: center;border-style: solid;border-color: #0cbef0\" width=\"15%\">\n<p>07.30<br>&#8211;<br>10.30<\/p>\n<\/td>\n<\/tr>\n<tr style=\"height: 10px\">\n<td style=\"height: 10px;text-align: center;border-style: solid;border-color: #0cbef0\" colspan=\"6\" width=\"100%\">\n<p><strong><em>Erreichbarkeit au\u00dferhalb der \u00d6ffnungszeiten nach Terminabsprache!<\/em><\/strong><\/p>\n<\/td>\n<\/tr>\n<\/tbody>\n<\/table>\n\n\n\n<table style=\"height: 20px;width: 100%\" width=\"100%\">\n<tbody>\n<tr style=\"height: 10px\">\n<td style=\"text-align: center;height: 10px;border-style: solid;border-color: #0fbdf2\" width=\"53%\">\n<p><strong>telefonisch<\/strong><\/p>\n<\/td>\n<td style=\"text-align: center;height: 10px;border-style: solid;border-color: #0fbdf2\" width=\"46%\">\n<p><strong>schriftlich<\/strong><\/p>\n<\/td>\n<\/tr>\n<tr style=\"height: 10px\">\n<td style=\"text-align: center;height: 10px;border-style: solid;border-color: #0fbdf2\" width=\"53%\">\n<p><strong>Tel 0531 287503-0<\/strong><\/p>\n<p><strong>Fax 0531 287503-30<\/strong><\/p>\n<\/td>\n<td style=\"text-align: center;height: 10px;border-style: solid;border-color: #0fbdf2\" width=\"46%\">\n<p>GHS R\u00fcningen<br>Thiedestra\u00dfe 24a<br>38122 Braunschweig<\/p>\n<\/td>\n<\/tr>\n<\/tbody>\n<\/table>\n\n\n\n<table style=\"height: 398px;width: 100%\" width=\"100%\">\n<tbody>\n<tr style=\"height: 64px\">\n<td style=\"height: 64px;border-style: solid;border-color: #0acdf0;text-align: center\" width=\"100%\">\n<p><strong>per eMail<\/strong><\/p>\n<\/td>\n<\/tr>\n<tr style=\"height: 10px\">\n<td style=\"height: 10px;border-style: solid;border-color: #0acdf0;text-align: center\" width=\"100%\">\n<p>Alle Lehrkr\u00e4fte sind per Mail nach dem folgenden Schema zu erreichen:<br \/><strong><em>nachname<\/em>@ghs-rueningen.de<\/strong><\/p>\n<\/td>\n<\/tr>\n<tr style=\"height: 72px\">\n<td style=\"height: 72px;border-style: solid;border-color: #0acdf0;text-align: center\" width=\"100%\">\n<p>Alle Sch\u00fcler sind per Mail nach dem folgenden Schema zu erreichen:<br \/><strong><em>v&#111;&#x72;&#x6e;a&#109;&#101;&#x2e;&#x6e;a&#99;&#104;&#x6e;&#x61;m&#101;&#x40;&#x67;&#x68;s&#45;&#x72;&#x75;e&#110;&#105;&#x6e;&#x67;e&#110;&#46;&#x64;&#x65;<\/em><\/strong><br \/>Sie k\u00f6nnen sich folgenderma\u00dfen einloggen:<br \/><strong>Account: vorname.nachname<\/strong><br \/><strong>Erstes Passwort: <em>vorname.nachname<\/em><\/strong><br \/><strong><em>Nach der ersten Anmeldung werden Sie aufgefordert ihr Passwort selbst zu w\u00e4hlen.<\/em><\/strong><\/p>\n<\/td>\n<\/tr>\n<tr style=\"height: 10px\">\n<td style=\"height: 10px;border-style: solid;border-color: #0acdf0;text-align: center\" width=\"100%\">\n<p>Alle Elternvertreter der Klassen sind per Mail nach dem folgenden Schema zu erreichen:<br \/><strong><em>&#x76;o&#x72;&#110;&#x61;&#109;&#x65;&#x2e;n&#x61;&#99;&#x68;&#110;&#x61;&#109;e&#x40;&#103;&#x68;&#115;&#x2d;&#114;u&#x65;&#110;&#x69;&#110;&#x67;&#101;n&#x2e;d&#x65;<\/em><\/strong><br \/>Sie k\u00f6nnen sich folgenderma\u00dfen einloggen:<br \/><strong>Account: vorname.nachname<\/strong><br \/><strong>Erstes Passwort: <em>vorname.nachname<\/em><\/strong><br \/><strong><em>Nach der ersten Anmeldung werden Sie aufgefordert ihr Passwort selbst zu w\u00e4hlen.<\/em><\/strong><\/p>\n<\/td>\n<\/tr>\n<tr style=\"height: 242px\">\n<td style=\"height: 242px;border-style: solid;border-color: #0acdf0;text-align: center\" width=\"100%\">\n<p>Folgende eMail-Adressen sind zur schnelleren Kommunikation eingerichtet worden:<br \/><strong>&#115;c&#x68;u&#x6c;e&#x6c;&#116;&#x65;&#114;&#x6e;&#114;a&#x74;&#64;&#x67;h&#x73;&#45;&#x72;&#117;&#x65;&#110;&#x69;&#110;g&#x65;n&#x2e;d&#x65;<\/strong><br \/><strong>&#x73;&#99;&#104;u&#x65;&#x6c;&#101;r&#x76;&#x65;&#114;t&#x72;&#x65;&#116;u&#x6e;&#x67;&#64;g&#x68;&#x73;&#45;r&#x75;&#x65;&#110;&#105;n&#x67;&#x65;&#110;&#46;&#x64;&#x65;<\/strong><br \/><strong>le&#105;&#116;&#x75;&#x6e;&#x67;&#x40;gh&#115;&#45;&#x72;&#x75;&#x65;&#x6e;in&#103;&#101;&#110;&#x2e;&#x64;&#x65;<\/strong><br \/><strong>&#x73;&#99;h&#x75;&#108;v&#x6f;&#x72;&#115;&#x74;&#x61;&#110;d&#x40;&#103;h&#x73;&#x2d;&#114;&#x75;&#x65;&#110;i&#x6e;&#103;e&#x6e;&#x2e;&#100;&#x65;<\/strong><br \/><strong>&#x62;&#x65;&#x72;&#x61;&#x74;&#x75;&#110;&#103;&#64;&#103;hs-r&#x75;&#x65;&#x6e;&#x69;&#x6e;&#x67;&#101;&#110;&#46;&#100;&#101;<\/strong><br \/><strong>&#x62;e&#x72;&#117;&#x66;&#115;&#x6f;&#x72;i&#x65;&#110;&#x74;&#105;&#x65;&#114;u&#x6e;&#103;&#x40;&#103;&#x68;&#115;-&#x72;&#117;&#x65;&#110;&#x69;&#110;g&#x65;n&#x2e;&#100;&#x65;<\/strong><br \/><strong>&#x74;&#x72;&#x61;&#x69;&#x6e;&#x69;&#x6e;&#x67;&#x73;&#x72;&#x61;&#x75;&#x6d;&#x40;&#x67;&#x68;&#x73;&#x2d;&#x72;&#x75;&#x65;&#x6e;&#x69;&#x6e;&#x67;&#x65;&#x6e;&#x2e;&#x64;&#x65;<\/strong><br \/><strong>&#100;&#x61;&#116;&#x65;&#110;&#x73;c&#x68;u&#116;&#x7a;&#64;&#x67;&#104;&#x73;-&#x72;u&#101;&#x6e;&#105;&#x6e;&#103;&#x65;&#110;&#x2e;d&#x65;<\/strong><\/p>\n<\/td>\n<\/tr>\n<\/tbody>\n<\/table>\n","protected":false},"excerpt":{"rendered":"<p>Wie Sie uns erreichen k\u00f6nnen! \u00d6ffnungszeiten &nbsp; Mo Di Mi Do Fr TelefonischeKrankmeldungen 07.00 \u2013 08.00 B\u00fcrozeiten 07.30&#8211;13.30 07.30&#8211;13.30 10.00&#8211;13.30 07.30&#8211;13.30 07.30&#8211;10.30 Erreichbarkeit au\u00dferhalb der \u00d6ffnungszeiten nach Terminabsprache! telefonisch schriftlich Tel 0531 287503-0 Fax 0531 287503-30 GHS R\u00fcningenThiedestra\u00dfe 24a38122 Braunschweig per eMail Alle Lehrkr\u00e4fte sind per Mail nach dem folgenden Schema zu erreichen:&#x6e;&#x61;&#x63;&#x68;&#x6e;&#x61;&#x6d;&#x65;&#64;&#103;&#104;&#115;&#45;&#114;&#117;enin&#x67;&#x65;&#x6e;&#x2e;&#x64;&#x65; Alle Sch\u00fcler [&hellip;]<\/p>\n","protected":false},"author":9193196,"featured_media":0,"parent":0,"menu_order":0,"comment_status":"closed","ping_status":"closed","template":"","meta":{"footnotes":""},"class_list":["post-100","page","type-page","status-publish","hentry"],"_links":{"self":[{"href":"https:\/\/wordpress.nibis.de\/ghsrueni\/wp-json\/wp\/v2\/pages\/100","targetHints":{"allow":["GET"]}}],"collection":[{"href":"https:\/\/wordpress.nibis.de\/ghsrueni\/wp-json\/wp\/v2\/pages"}],"about":[{"href":"https:\/\/wordpress.nibis.de\/ghsrueni\/wp-json\/wp\/v2\/types\/page"}],"author":[{"embeddable":true,"href":"https:\/\/wordpress.nibis.de\/ghsrueni\/wp-json\/wp\/v2\/users\/9193196"}],"replies":[{"embeddable":true,"href":"https:\/\/wordpress.nibis.de\/ghsrueni\/wp-json\/wp\/v2\/comments?post=100"}],"version-history":[{"count":16,"href":"https:\/\/wordpress.nibis.de\/ghsrueni\/wp-json\/wp\/v2\/pages\/100\/revisions"}],"predecessor-version":[{"id":2704,"href":"https:\/\/wordpress.nibis.de\/ghsrueni\/wp-json\/wp\/v2\/pages\/100\/revisions\/2704"}],"wp:attachment":[{"href":"https:\/\/wordpress.nibis.de\/ghsrueni\/wp-json\/wp\/v2\/media?parent=100"}],"curies":[{"name":"wp","href":"https:\/\/api.w.org\/{rel}","templated":true}]}}