{"id":118,"date":"2020-04-25T21:00:20","date_gmt":"2020-04-25T19:00:20","guid":{"rendered":"https:\/\/wordpress.nibis.de\/ghsrueni\/?page_id=118"},"modified":"2020-06-11T22:05:42","modified_gmt":"2020-06-11T20:05:42","slug":"leitbild","status":"publish","type":"page","link":"https:\/\/wordpress.nibis.de\/ghsrueni\/leitbild\/","title":{"rendered":"Leitbild"},"content":{"rendered":"\n<h1 style=\"text-align: left\"><em><span style=\"color: #333333\"><strong>&#8222;Wir bilden St\u00e4rken im Team&#8220;<\/strong><\/span><\/em><\/h1>\n<p>&nbsp;<\/p>\n\n\n\n<h3 id=\"E95\"><strong><span id=\"E96\">Bildung<\/span><\/strong><\/h3>\n<h3><span id=\"E88\" class=\"qowt-font4-Tahoma\">Wir stehen f\u00fcr gute Bildung und sorgen f\u00fcr eine friedliche Lernatmosph\u00e4re mit Regeln und Konsequenzen.<\/span><\/h3>\n<h3><span id=\"E104\" class=\"qowt-font4-Tahoma\">Wir vernetzen uns vielf\u00e4ltig und schaffen Plattformen durch Kooperation mit au\u00dferschulischen Partnern.<\/span><\/h3>\n<h4>\u00a0<\/h4>\n<h3><strong><span class=\"qowt-font4-Tahoma\"><span id=\"E124\">St\u00e4rken<\/span><\/span><\/strong><\/h3>\n<h3 id=\"E114\"><span id=\"E115\" class=\"qowt-font4-Tahoma\">Wir bilden Sch\u00fclerinnen und Sch\u00fcler zu selbstst\u00e4ndigen, eigenverantwortlichen und gesells<\/span><span id=\"E116\" class=\"qowt-font4-Tahoma\">chaftsf\u00e4higen Pers\u00f6nlichkeiten.<\/span><\/h3>\n<h3 id=\"E131\"><span id=\"E132\" class=\"qowt-font4-Tahoma\">Wir bauen St\u00e4rken aus und f\u00f6rdern Freude am Lernen, Bewegen und Leben.<\/span><\/h3>\n<h4>\u00a0<\/h4>\n<h3><strong>Team<\/strong><\/h3>\n<h3 id=\"E140\"><span id=\"E141\" class=\"qowt-font4-Tahoma\">Wir respektieren und achten uns in unserer Vie<\/span><span id=\"E142\" class=\"qowt-font4-Tahoma\">lfalt und Verschiedenartigkeit.<\/span><\/h3>\n<h3 id=\"E157\"><span id=\"E158\" class=\"qowt-font4-Tahoma\">Wir tragen zu einem freundlichen, wertsch\u00e4tzenden und respektvollen Umgang bei.<\/span><\/h3>\n<h3 id=\"E166\"><span id=\"E167\" class=\"qowt-font4-Tahoma\">Wir legen Wert auf Zusammenarbeit und unterst\u00fctzen uns gegenseitig.<\/span><\/h3>\n<p>\u00a0<\/p>\n","protected":false},"excerpt":{"rendered":"<p>&#8222;Wir bilden St\u00e4rken im Team&#8220; &nbsp;<\/p>\n","protected":false},"author":9193196,"featured_media":0,"parent":0,"menu_order":0,"comment_status":"closed","ping_status":"closed","template":"","meta":{"footnotes":""},"class_list":["post-118","page","type-page","status-publish","hentry"],"_links":{"self":[{"href":"https:\/\/wordpress.nibis.de\/ghsrueni\/wp-json\/wp\/v2\/pages\/118","targetHints":{"allow":["GET"]}}],"collection":[{"href":"https:\/\/wordpress.nibis.de\/ghsrueni\/wp-json\/wp\/v2\/pages"}],"about":[{"href":"https:\/\/wordpress.nibis.de\/ghsrueni\/wp-json\/wp\/v2\/types\/page"}],"author":[{"embeddable":true,"href":"https:\/\/wordpress.nibis.de\/ghsrueni\/wp-json\/wp\/v2\/users\/9193196"}],"replies":[{"embeddable":true,"href":"https:\/\/wordpress.nibis.de\/ghsrueni\/wp-json\/wp\/v2\/comments?post=118"}],"version-history":[{"count":21,"href":"https:\/\/wordpress.nibis.de\/ghsrueni\/wp-json\/wp\/v2\/pages\/118\/revisions"}],"predecessor-version":[{"id":1984,"href":"https:\/\/wordpress.nibis.de\/ghsrueni\/wp-json\/wp\/v2\/pages\/118\/revisions\/1984"}],"wp:attachment":[{"href":"https:\/\/wordpress.nibis.de\/ghsrueni\/wp-json\/wp\/v2\/media?parent=118"}],"curies":[{"name":"wp","href":"https:\/\/api.w.org\/{rel}","templated":true}]}}