{"id":119,"date":"2020-04-25T21:00:20","date_gmt":"2020-04-25T19:00:20","guid":{"rendered":"https:\/\/wordpress.nibis.de\/ghsrueni\/?page_id=119"},"modified":"2020-05-02T18:06:31","modified_gmt":"2020-05-02T16:06:31","slug":"schulordnung","status":"publish","type":"page","link":"https:\/\/wordpress.nibis.de\/ghsrueni\/schulordnung\/","title":{"rendered":"Schulordnung"},"content":{"rendered":"\n<h4><em>Wir (&#8230;) sorgen f\u00fcr eine friedliche Lernatmosph\u00e4re mit Regeln und Konsequenzen.<\/em><\/h4>\n<h4><em>Wir tragen zu einem freundlichen, wertsch\u00e4tzenden und respektvollen Umgang bei.<\/em><\/h4>\n<p>\u00a0<\/p>\n<h3>Unsere Schulordnung liefert dazu einen verl\u00e4sslichen Rahmen f\u00fcr den Umgang untereinander.<\/h3>\n<h3>Sie ist f\u00fcr alle Personen an unserer Schule bindend.<\/h3>\n<h3>Der Hygieneplan und unsere Brandschutzordnung erg\u00e4nzen die Schulordnung sinnvoll.<\/h3>\n\n\n\n<div class=\"wp-block-file\"><a href=\"https:\/\/wordpress.nibis.de\/ghsrueni\/files\/2020\/05\/2020-03-04-Schulordnung-GHS-R\u00fcningen.pdf\">Schulordnung GHS R\u00fcningen<\/a><\/div>\n\n\n\n<div class=\"wp-block-file\"><a href=\"https:\/\/wordpress.nibis.de\/ghsrueni\/files\/2020\/05\/2020-04-20-Hygieneregeln-\u2013-Erg\u00e4nzung-zur-Schulordnung.pdf\">Hygieneregeln \u2013 Erg\u00e4nzung zur Schulordnung in Corona-Zeiten<\/a><\/div>\n\n\n\n<div class=\"wp-block-file\"><a href=\"https:\/\/wordpress.nibis.de\/ghsrueni\/files\/2020\/05\/Brandschutzordnung-GHS-R\u00fcningen.pdf\">Brandschutzordnung GHS R\u00fcningen<\/a><\/div>\n\n\n\n<div class=\"wp-block-file\"><a href=\"https:\/\/wordpress.nibis.de\/ghsrueni\/files\/2020\/05\/Hygieneplan-GHS-R\u00fcningen.pdf\">Hygieneplan GHS R\u00fcningen<\/a><\/div>\n","protected":false},"excerpt":{"rendered":"<p>Wir (&#8230;) sorgen f\u00fcr eine friedliche Lernatmosph\u00e4re mit Regeln und Konsequenzen. Wir tragen zu einem freundlichen, wertsch\u00e4tzenden und respektvollen Umgang bei. \u00a0 Unsere Schulordnung liefert dazu einen verl\u00e4sslichen Rahmen f\u00fcr den Umgang untereinander. Sie ist f\u00fcr alle Personen an unserer Schule bindend. Der Hygieneplan und unsere Brandschutzordnung erg\u00e4nzen die Schulordnung sinnvoll.<\/p>\n","protected":false},"author":9193196,"featured_media":0,"parent":0,"menu_order":0,"comment_status":"closed","ping_status":"closed","template":"","meta":{"footnotes":""},"class_list":["post-119","page","type-page","status-publish","hentry"],"_links":{"self":[{"href":"https:\/\/wordpress.nibis.de\/ghsrueni\/wp-json\/wp\/v2\/pages\/119","targetHints":{"allow":["GET"]}}],"collection":[{"href":"https:\/\/wordpress.nibis.de\/ghsrueni\/wp-json\/wp\/v2\/pages"}],"about":[{"href":"https:\/\/wordpress.nibis.de\/ghsrueni\/wp-json\/wp\/v2\/types\/page"}],"author":[{"embeddable":true,"href":"https:\/\/wordpress.nibis.de\/ghsrueni\/wp-json\/wp\/v2\/users\/9193196"}],"replies":[{"embeddable":true,"href":"https:\/\/wordpress.nibis.de\/ghsrueni\/wp-json\/wp\/v2\/comments?post=119"}],"version-history":[{"count":3,"href":"https:\/\/wordpress.nibis.de\/ghsrueni\/wp-json\/wp\/v2\/pages\/119\/revisions"}],"predecessor-version":[{"id":646,"href":"https:\/\/wordpress.nibis.de\/ghsrueni\/wp-json\/wp\/v2\/pages\/119\/revisions\/646"}],"wp:attachment":[{"href":"https:\/\/wordpress.nibis.de\/ghsrueni\/wp-json\/wp\/v2\/media?parent=119"}],"curies":[{"name":"wp","href":"https:\/\/api.w.org\/{rel}","templated":true}]}}