{"id":120,"date":"2020-04-25T21:00:20","date_gmt":"2020-04-25T19:00:20","guid":{"rendered":"https:\/\/wordpress.nibis.de\/ghsrueni\/?page_id=120"},"modified":"2020-05-09T16:58:20","modified_gmt":"2020-05-09T14:58:20","slug":"ags","status":"publish","type":"page","link":"https:\/\/wordpress.nibis.de\/ghsrueni\/ags\/","title":{"rendered":"Arbeitsgemeinschaften"},"content":{"rendered":"\n<div style=\"height:50px\" aria-hidden=\"true\" class=\"wp-block-spacer\"><\/div>\n\n\n\n<p><span style=\"color: #333333;font-size: 20px\">In unserer Schule k\u00f6nnen die Sch\u00fclerinnen und Sch\u00fcler nicht nur ihr Wissen erweitern.<\/span><\/p>\n<p><span style=\"color: #333333;font-size: 20px\">Wir bieten f\u00fcr den Freizeit- und Nachmittagsbereich ein breit gef\u00e4chertes Angebot an Arbeitsgemeinschaften f\u00fcr alle Klassenstufen an.<\/span><\/p>\n<p><span style=\"color: #333333;font-size: 20px\">Dazu haben wir uns im Lauf der letzten Jahre viele Kooperationspartner \u201eins Boot\u201c geholt, um unsere Sch\u00fcler unter fachkundiger Leitung neben ganz viel Spa\u00df auch Wissen, einen guten Umgang miteinander und Interesse an verschiedenen Wissensgebieten und Aktivit\u00e4ten zu vermitteln.<\/span><\/p>\n<p><span style=\"color: #333333;font-size: 20px\">Viele der Arbeitsgemeinschaften finden jahrgangs\u00fcbergreifend statt, so dass sich gro\u00dfe und kleine Sch\u00fcler und sogar Grund- und Hauptsch\u00fcler gegenseitig erg\u00e4nzen, helfen und miteinander lernen k\u00f6nnen.<\/span><\/p>\n<p>\u00a0<\/p>\n<p><span style=\"color: #333333;font-size: 20px\"><strong>Zu unserem Freizeitangebot geh\u00f6ren unter anderem:<\/strong><\/span><\/p>\n<p><span style=\"color: #333333;font-size: 20px\">Flag- Football, Tischtennis, Schlagzeug- AG, Keyboard- AG, Lauf- AG, Gitarre spielen, Schulchor, PC- AG, Cajon, Schminken, Tanz- AG, Fu\u00dfball, Segeln, Kanu, Schulsanit\u00e4tsdienst, Trampolin turnen, Theater- AG, Mountainbike und Zweiradmechanik, Schwimmen, Skaten, Crazy Kitchen-Koch-AG &#8230;<\/span><\/p>\n<p><span style=\"color: #333333;font-size: 20px\">Wir sind jederzeit offen und aufgeschlossen daf\u00fcr, neue und interessante Angebote f\u00fcr unsere Sch\u00fclerinnen und Sch\u00fcler zu finden.<\/span><\/p>\n","protected":false},"excerpt":{"rendered":"<p>In unserer Schule k\u00f6nnen die Sch\u00fclerinnen und Sch\u00fcler nicht nur ihr Wissen erweitern. Wir bieten f\u00fcr den Freizeit- und Nachmittagsbereich ein breit gef\u00e4chertes Angebot an Arbeitsgemeinschaften f\u00fcr alle Klassenstufen an. Dazu haben wir uns im Lauf der letzten Jahre viele Kooperationspartner \u201eins Boot\u201c geholt, um unsere Sch\u00fcler unter fachkundiger Leitung neben ganz viel Spa\u00df auch [&hellip;]<\/p>\n","protected":false},"author":9193196,"featured_media":0,"parent":0,"menu_order":0,"comment_status":"closed","ping_status":"closed","template":"","meta":{"footnotes":""},"class_list":["post-120","page","type-page","status-publish","hentry"],"_links":{"self":[{"href":"https:\/\/wordpress.nibis.de\/ghsrueni\/wp-json\/wp\/v2\/pages\/120","targetHints":{"allow":["GET"]}}],"collection":[{"href":"https:\/\/wordpress.nibis.de\/ghsrueni\/wp-json\/wp\/v2\/pages"}],"about":[{"href":"https:\/\/wordpress.nibis.de\/ghsrueni\/wp-json\/wp\/v2\/types\/page"}],"author":[{"embeddable":true,"href":"https:\/\/wordpress.nibis.de\/ghsrueni\/wp-json\/wp\/v2\/users\/9193196"}],"replies":[{"embeddable":true,"href":"https:\/\/wordpress.nibis.de\/ghsrueni\/wp-json\/wp\/v2\/comments?post=120"}],"version-history":[{"count":3,"href":"https:\/\/wordpress.nibis.de\/ghsrueni\/wp-json\/wp\/v2\/pages\/120\/revisions"}],"predecessor-version":[{"id":1512,"href":"https:\/\/wordpress.nibis.de\/ghsrueni\/wp-json\/wp\/v2\/pages\/120\/revisions\/1512"}],"wp:attachment":[{"href":"https:\/\/wordpress.nibis.de\/ghsrueni\/wp-json\/wp\/v2\/media?parent=120"}],"curies":[{"name":"wp","href":"https:\/\/api.w.org\/{rel}","templated":true}]}}