{"id":233,"date":"2020-04-25T21:44:09","date_gmt":"2020-04-25T19:44:09","guid":{"rendered":"https:\/\/wordpress.nibis.de\/ghsrueni\/?page_id=233"},"modified":"2026-04-15T15:04:13","modified_gmt":"2026-04-15T13:04:13","slug":"startseite","status":"publish","type":"page","link":"https:\/\/wordpress.nibis.de\/ghsrueni\/","title":{"rendered":"Herzlich Willkommen auf der Homepage der Grund- und Hauptschule R\u00fcningen!"},"content":{"rendered":"\n<h2 class=\"wp-block-heading has-text-align-center\"><mark>Warnstreik des Linienverkehrs am Montag und Dienstag<\/mark><\/h2>\n\n\n\n<pre class=\"wp-block-preformatted\">Voraussichtlich werden am <strong>Montag, den 20. April, und Dienstag, den 21. April<\/strong> Busse und Bahnen der Stadt Braunschweig bestreikt. Somit wird es keinen Linienverkehr geben. Ausgenommen ist der freigestellte Sch\u00fclerverkehr zu den Grundschulen und zur\u00fcck. Dieser findet wie gewohnt statt.<br><br>Weiterf\u00fchrende Infos dazu unter: <a href=\"https:\/\/www.bsvg.net\/startseite\/aktuelles-detailansicht?tx_news_pi1%5Baction%5D=detail&amp;tx_news_pi1%5Bcontroller%5D=News&amp;tx_news_pi1%5Bnews%5D=811&amp;cHash=e09bb13bfed060e62d7b7d095279fcbf\" data-type=\"link\" data-id=\"https:\/\/www.bsvg.net\/startseite\/aktuelles-detailansicht?tx_news_pi1%5Baction%5D=detail&amp;tx_news_pi1%5Bcontroller%5D=News&amp;tx_news_pi1%5Bnews%5D=811&amp;cHash=e09bb13bfed060e62d7b7d095279fcbf\">BSVG<\/a><br><br><strong><mark>An beiden Tagen gilt trotz Streik die Schulpflicht. Wir bitte die Eltern und Erziehungsberechtigten sich bei Bedarf um alternative Transportm\u00f6glichkeiten ihrer Kinder zu bem\u00fchen.<\/mark><\/strong><\/pre>\n\n\n\n<hr class=\"wp-block-separator has-css-opacity\" \/>\n\n\n\n<figure class=\"wp-block-gallery has-nested-images columns-3 is-style-tw-img-rounded tw-gutter-large wp-block-gallery-1 is-layout-flex wp-block-gallery-is-layout-flex\">\n<figure class=\"wp-block-image size-large\"><a href=\"https:\/\/wordpress.nibis.de\/ghsrueni\/files\/2025\/05\/SP1.jpg\"><img loading=\"lazy\" decoding=\"async\" width=\"480\" height=\"640\" data-id=\"2457\" src=\"https:\/\/wordpress.nibis.de\/ghsrueni\/files\/2025\/05\/SP1.jpg\" alt=\"\" class=\"wp-image-2457\" \/><\/a><\/figure>\n\n\n\n<figure class=\"wp-block-image size-large\"><a href=\"https:\/\/wordpress.nibis.de\/ghsrueni\/files\/2025\/05\/SP2.jpg\"><img loading=\"lazy\" decoding=\"async\" width=\"480\" height=\"640\" data-id=\"2456\" src=\"https:\/\/wordpress.nibis.de\/ghsrueni\/files\/2025\/05\/SP2.jpg\" alt=\"\" class=\"wp-image-2456\" \/><\/a><\/figure>\n\n\n\n<figure class=\"wp-block-image size-large\"><a href=\"https:\/\/wordpress.nibis.de\/ghsrueni\/files\/2025\/05\/SP3.jpg\"><img loading=\"lazy\" decoding=\"async\" width=\"480\" height=\"640\" data-id=\"2455\" src=\"https:\/\/wordpress.nibis.de\/ghsrueni\/files\/2025\/05\/SP3.jpg\" alt=\"\" class=\"wp-image-2455\" \/><\/a><\/figure>\n<\/figure>\n\n\n\n<h2 class=\"wp-block-heading has-text-align-center\"><a href=\"https:\/\/wordpress.nibis.de\/ghsrueni\/unser-nachhaltigkeitstag-am-28-april-2025\/\" data-type=\"page\" data-id=\"2412\">Unser Nachhaltigkeitstag am 28. April 2025<\/a><\/h2>\n\n\n\n<hr class=\"wp-block-separator has-css-opacity\" \/>\n\n\n\n<h3 class=\"wp-block-heading has-text-align-center\">Wichtige Formulare befinden sich im Bereich <a href=\"https:\/\/wordpress.nibis.de\/ghsrueni\/downloads\/\">Downloads<\/a>!<\/h3>\n\n\n\n<div style=\"height:20px\" aria-hidden=\"true\" class=\"wp-block-spacer\"><\/div>\n","protected":false},"excerpt":{"rendered":"<p>Warnstreik des Linienverkehrs am Montag und Dienstag Voraussichtlich werden am Montag, den 20. April, und Dienstag, den 21. April Busse und Bahnen der Stadt Braunschweig bestreikt. Somit wird es keinen Linienverkehr geben. Ausgenommen ist der freigestellte Sch\u00fclerverkehr zu den Grundschulen und zur\u00fcck. Dieser findet wie gewohnt statt.Weiterf\u00fchrende Infos dazu unter: BSVGAn beiden Tagen gilt trotz [&hellip;]<\/p>\n","protected":false},"author":9193196,"featured_media":0,"parent":0,"menu_order":0,"comment_status":"closed","ping_status":"closed","template":"","meta":{"footnotes":""},"class_list":["post-233","page","type-page","status-publish","hentry"],"_links":{"self":[{"href":"https:\/\/wordpress.nibis.de\/ghsrueni\/wp-json\/wp\/v2\/pages\/233","targetHints":{"allow":["GET"]}}],"collection":[{"href":"https:\/\/wordpress.nibis.de\/ghsrueni\/wp-json\/wp\/v2\/pages"}],"about":[{"href":"https:\/\/wordpress.nibis.de\/ghsrueni\/wp-json\/wp\/v2\/types\/page"}],"author":[{"embeddable":true,"href":"https:\/\/wordpress.nibis.de\/ghsrueni\/wp-json\/wp\/v2\/users\/9193196"}],"replies":[{"embeddable":true,"href":"https:\/\/wordpress.nibis.de\/ghsrueni\/wp-json\/wp\/v2\/comments?post=233"}],"version-history":[{"count":71,"href":"https:\/\/wordpress.nibis.de\/ghsrueni\/wp-json\/wp\/v2\/pages\/233\/revisions"}],"predecessor-version":[{"id":2774,"href":"https:\/\/wordpress.nibis.de\/ghsrueni\/wp-json\/wp\/v2\/pages\/233\/revisions\/2774"}],"wp:attachment":[{"href":"https:\/\/wordpress.nibis.de\/ghsrueni\/wp-json\/wp\/v2\/media?parent=233"}],"curies":[{"name":"wp","href":"https:\/\/api.w.org\/{rel}","templated":true}]}}