{"id":543,"date":"2020-05-01T18:36:37","date_gmt":"2020-05-01T16:36:37","guid":{"rendered":"https:\/\/wordpress.nibis.de\/ghsrueni\/?page_id=543"},"modified":"2020-05-21T14:05:27","modified_gmt":"2020-05-21T12:05:27","slug":"schulvorstand","status":"publish","type":"page","link":"https:\/\/wordpress.nibis.de\/ghsrueni\/schulvorstand\/","title":{"rendered":"Schulvorstand"},"content":{"rendered":"\n<p><span style=\"color: #333333;font-size: 24px\">Der Schulvorstand der GHS R\u00fcningen setzt sich aus insgesamt 12 Vertretern der Sch\u00fcler (3) , der Eltern (3), des Kollegiums (5) und der Schulleitung (1) zusammen.<\/span><\/p>\n<p><span style=\"color: #333333;font-size: 24px\">Die Vertreter der Eltern und Sch\u00fcler werden j\u00e4hrlich zu Beginn jedes Schuljahres neu gew\u00e4hlt. Wir sind froh, dass meistens die Vertreter des Vorjahres best\u00e4tigt werden, so dass eine kontinuierliche und verl\u00e4ssliche Arbeit m\u00f6glich ist.<\/span><\/p>\n<p><span style=\"color: #333333;font-size: 24px\">Die Vertreter des Kollegiums werden grunds\u00e4tzlich alle zwei Jahre gew\u00e4hlt.<\/span><\/p>\n<p><span style=\"color: #333333;font-size: 24px\">Die Wahl wird in der Gesamtkonferenz best\u00e4tigt.<\/span><\/p>\n<p><span style=\"color: #333333;font-size: 24px\">Der Schulleiter ist st\u00e4ndiges Mitglied und Vorsitzender des Schulvorstands.<\/span><\/p>\n<p>\u00a0<\/p>\n\n\n\n<div style=\"height:20px\" aria-hidden=\"true\" class=\"wp-block-spacer\"><\/div>\n","protected":false},"excerpt":{"rendered":"<p>Der Schulvorstand der GHS R\u00fcningen setzt sich aus insgesamt 12 Vertretern der Sch\u00fcler (3) , der Eltern (3), des Kollegiums (5) und der Schulleitung (1) zusammen. Die Vertreter der Eltern und Sch\u00fcler werden j\u00e4hrlich zu Beginn jedes Schuljahres neu gew\u00e4hlt. Wir sind froh, dass meistens die Vertreter des Vorjahres best\u00e4tigt werden, so dass eine kontinuierliche [&hellip;]<\/p>\n","protected":false},"author":9193196,"featured_media":0,"parent":0,"menu_order":0,"comment_status":"closed","ping_status":"closed","template":"","meta":{"footnotes":""},"class_list":["post-543","page","type-page","status-publish","hentry"],"_links":{"self":[{"href":"https:\/\/wordpress.nibis.de\/ghsrueni\/wp-json\/wp\/v2\/pages\/543","targetHints":{"allow":["GET"]}}],"collection":[{"href":"https:\/\/wordpress.nibis.de\/ghsrueni\/wp-json\/wp\/v2\/pages"}],"about":[{"href":"https:\/\/wordpress.nibis.de\/ghsrueni\/wp-json\/wp\/v2\/types\/page"}],"author":[{"embeddable":true,"href":"https:\/\/wordpress.nibis.de\/ghsrueni\/wp-json\/wp\/v2\/users\/9193196"}],"replies":[{"embeddable":true,"href":"https:\/\/wordpress.nibis.de\/ghsrueni\/wp-json\/wp\/v2\/comments?post=543"}],"version-history":[{"count":4,"href":"https:\/\/wordpress.nibis.de\/ghsrueni\/wp-json\/wp\/v2\/pages\/543\/revisions"}],"predecessor-version":[{"id":1959,"href":"https:\/\/wordpress.nibis.de\/ghsrueni\/wp-json\/wp\/v2\/pages\/543\/revisions\/1959"}],"wp:attachment":[{"href":"https:\/\/wordpress.nibis.de\/ghsrueni\/wp-json\/wp\/v2\/media?parent=543"}],"curies":[{"name":"wp","href":"https:\/\/api.w.org\/{rel}","templated":true}]}}