{"id":567,"date":"2020-05-01T18:46:39","date_gmt":"2020-05-01T16:46:39","guid":{"rendered":"https:\/\/wordpress.nibis.de\/ghsrueni\/?page_id=567"},"modified":"2020-05-21T13:06:47","modified_gmt":"2020-05-21T11:06:47","slug":"schulsanitaetsdienst","status":"publish","type":"page","link":"https:\/\/wordpress.nibis.de\/ghsrueni\/schulsanitaetsdienst\/","title":{"rendered":"Schulsanit\u00e4tsdienst"},"content":{"rendered":"\n<p><span style=\"color: #333333;font-size: 20px\">Wir, der Schulsanit\u00e4tsdienst, setzen uns aus ca. 18 Sch\u00fclerinnen und Sch\u00fclern aus der 5. \u2013 10. Klasse zusammen. Unsere Aufgabe ist es, verletzten Mitsch\u00fclerinnen und Mitsch\u00fclern zu helfen und uns um sie zu k\u00fcmmern.<\/span><\/p>\n<p><span style=\"color: #333333;font-size: 20px\">Die Malteser bilden uns daf\u00fcr an verschiedenen Wochenenden in Erster-Hilfe aus.<\/span><\/p>\n\n\n\n<div class=\"wp-block-media-text alignwide is-stacked-on-mobile\"><figure class=\"wp-block-media-text__media\"><img loading=\"lazy\" decoding=\"async\" width=\"1200\" height=\"675\" src=\"https:\/\/wordpress.nibis.de\/ghsrueni\/files\/2020\/05\/Sanit\u00e4ter-Danke-f\u00fcr-die-Decke-3-1200x675.jpg\" alt=\"\" class=\"wp-image-1935\" srcset=\"https:\/\/wordpress.nibis.de\/ghsrueni\/files\/2020\/05\/Sanit\u00e4ter-Danke-f\u00fcr-die-Decke-3-1200x675.jpg 1200w, https:\/\/wordpress.nibis.de\/ghsrueni\/files\/2020\/05\/Sanit\u00e4ter-Danke-f\u00fcr-die-Decke-3-250x141.jpg 250w, https:\/\/wordpress.nibis.de\/ghsrueni\/files\/2020\/05\/Sanit\u00e4ter-Danke-f\u00fcr-die-Decke-3-850x478.jpg 850w, https:\/\/wordpress.nibis.de\/ghsrueni\/files\/2020\/05\/Sanit\u00e4ter-Danke-f\u00fcr-die-Decke-3-768x432.jpg 768w\" sizes=\"auto, (max-width: 1200px) 100vw, 1200px\" \/><\/figure><div class=\"wp-block-media-text__content\">\n<p style=\"font-size:17px\">Wir bedanken uns beim DRK f\u00fcr die neue W\u00e4rmedecke.<\/p>\n<\/div><\/div>\n\n\n\n<p><span style=\"color: #333333;font-size: 20px\">W\u00e4hrend des Schultages und bei Schulveranstaltungen \u00fcbernehmen immer zwei bis drei von uns den Sanit\u00e4tsdienst. Einmal w\u00f6chentlich treffen wir uns in der Schulsanit\u00e4tsdienst-AG. Dort besprechen wir wichtige Vorkommnisse, wiederholen unsere Erste-Hilfe-Kenntnisse und \u00fcberpr\u00fcfen diese in Fallbeispielen.<\/span><\/p>\n\n\n\n<div class=\"wp-block-media-text alignwide has-media-on-the-right is-stacked-on-mobile\"><figure class=\"wp-block-media-text__media\"><img loading=\"lazy\" decoding=\"async\" width=\"1200\" height=\"675\" src=\"https:\/\/wordpress.nibis.de\/ghsrueni\/files\/2020\/05\/Sanit\u00e4ter-Training-AG-1200x675.jpg\" alt=\"\" class=\"wp-image-1936\" srcset=\"https:\/\/wordpress.nibis.de\/ghsrueni\/files\/2020\/05\/Sanit\u00e4ter-Training-AG-1200x675.jpg 1200w, https:\/\/wordpress.nibis.de\/ghsrueni\/files\/2020\/05\/Sanit\u00e4ter-Training-AG-250x141.jpg 250w, https:\/\/wordpress.nibis.de\/ghsrueni\/files\/2020\/05\/Sanit\u00e4ter-Training-AG-850x478.jpg 850w, https:\/\/wordpress.nibis.de\/ghsrueni\/files\/2020\/05\/Sanit\u00e4ter-Training-AG-768x432.jpg 768w\" sizes=\"auto, (max-width: 1200px) 100vw, 1200px\" \/><\/figure><div class=\"wp-block-media-text__content\">\n<p>Training w\u00e4hrend der AG-Zeit<\/p>\n<\/div><\/div>\n\n\n\n<p><span style=\"color: #333333;font-size: 20px\">Bei Interesse stehen wir und Frau Sue euch f\u00fcr Fragen gerne zur Verf\u00fcgung. Ihr findet uns immer in jeder gro\u00dfen Pause in der Pausenhalle.<\/span><\/p>\n\n\n\n<div class=\"wp-block-media-text alignwide is-stacked-on-mobile\"><figure class=\"wp-block-media-text__media\"><img loading=\"lazy\" decoding=\"async\" width=\"1200\" height=\"675\" src=\"https:\/\/wordpress.nibis.de\/ghsrueni\/files\/2020\/05\/Sanit\u00e4ter-Wettkampf-1200x675.jpg\" alt=\"\" class=\"wp-image-1937\" srcset=\"https:\/\/wordpress.nibis.de\/ghsrueni\/files\/2020\/05\/Sanit\u00e4ter-Wettkampf-1200x675.jpg 1200w, https:\/\/wordpress.nibis.de\/ghsrueni\/files\/2020\/05\/Sanit\u00e4ter-Wettkampf-250x141.jpg 250w, https:\/\/wordpress.nibis.de\/ghsrueni\/files\/2020\/05\/Sanit\u00e4ter-Wettkampf-850x478.jpg 850w, https:\/\/wordpress.nibis.de\/ghsrueni\/files\/2020\/05\/Sanit\u00e4ter-Wettkampf-768x432.jpg 768w\" sizes=\"auto, (max-width: 1200px) 100vw, 1200px\" \/><\/figure><div class=\"wp-block-media-text__content\">\n<p>Wir nehmen auch an Wettk\u00e4mpfen teil und messen uns mit anderen Sani-Teams<\/p>\n<\/div><\/div>\n","protected":false},"excerpt":{"rendered":"<p>Wir, der Schulsanit\u00e4tsdienst, setzen uns aus ca. 18 Sch\u00fclerinnen und Sch\u00fclern aus der 5. \u2013 10. Klasse zusammen. Unsere Aufgabe ist es, verletzten Mitsch\u00fclerinnen und Mitsch\u00fclern zu helfen und uns um sie zu k\u00fcmmern. Die Malteser bilden uns daf\u00fcr an verschiedenen Wochenenden in Erster-Hilfe aus. Wir bedanken uns beim DRK f\u00fcr die neue W\u00e4rmedecke. W\u00e4hrend [&hellip;]<\/p>\n","protected":false},"author":9193196,"featured_media":0,"parent":0,"menu_order":0,"comment_status":"closed","ping_status":"closed","template":"","meta":{"footnotes":""},"class_list":["post-567","page","type-page","status-publish","hentry"],"_links":{"self":[{"href":"https:\/\/wordpress.nibis.de\/ghsrueni\/wp-json\/wp\/v2\/pages\/567","targetHints":{"allow":["GET"]}}],"collection":[{"href":"https:\/\/wordpress.nibis.de\/ghsrueni\/wp-json\/wp\/v2\/pages"}],"about":[{"href":"https:\/\/wordpress.nibis.de\/ghsrueni\/wp-json\/wp\/v2\/types\/page"}],"author":[{"embeddable":true,"href":"https:\/\/wordpress.nibis.de\/ghsrueni\/wp-json\/wp\/v2\/users\/9193196"}],"replies":[{"embeddable":true,"href":"https:\/\/wordpress.nibis.de\/ghsrueni\/wp-json\/wp\/v2\/comments?post=567"}],"version-history":[{"count":5,"href":"https:\/\/wordpress.nibis.de\/ghsrueni\/wp-json\/wp\/v2\/pages\/567\/revisions"}],"predecessor-version":[{"id":1938,"href":"https:\/\/wordpress.nibis.de\/ghsrueni\/wp-json\/wp\/v2\/pages\/567\/revisions\/1938"}],"wp:attachment":[{"href":"https:\/\/wordpress.nibis.de\/ghsrueni\/wp-json\/wp\/v2\/media?parent=567"}],"curies":[{"name":"wp","href":"https:\/\/api.w.org\/{rel}","templated":true}]}}