{"id":99,"date":"2020-04-25T21:00:18","date_gmt":"2020-04-25T19:00:18","guid":{"rendered":"https:\/\/wordpress.nibis.de\/ghsrueni\/?page_id=99"},"modified":"2020-05-12T20:45:43","modified_gmt":"2020-05-12T18:45:43","slug":"stundenplan","status":"publish","type":"page","link":"https:\/\/wordpress.nibis.de\/ghsrueni\/stundenplan\/","title":{"rendered":"Stundentakt"},"content":{"rendered":"\n<p><span style=\"font-size: 20px;color: #333333\">Als Grund- und Hauptschule organisieren wir t\u00e4glich den Unterricht f\u00fcr die Jahrgangsstufen 1 &#8211; 10.<\/span><\/p>\n<p><span style=\"font-size: 20px;color: #333333\">F\u00fcr die Grundsch\u00fcler \u00f6ffnen wir verl\u00e4sslich unser Haus von 07.45 &#8211; 12:45 Uhr.<\/span><\/p>\n<p><span style=\"font-size: 20px;color: #333333\">Der Unterricht der Hauptsch\u00fcler beginnt t\u00e4glich um 08:00 Uhr.<\/span><\/p>\n<p><span style=\"font-size: 20px;color: #333333\">Au\u00dferdem sind wir offene <a style=\"color: #333333\" href=\"https:\/\/wordpress.nibis.de\/ghsrueni\/ganztag\/\">Ganztagsschule<\/a>.<\/span><\/p>\n<p><span style=\"font-size: 20px;color: #333333\">Das bedeutet, dass an manchen Tagen sowohl Unterricht als auch au\u00dfenunterrichtliche Angebote in den Stunden nach dem Mittagessen liegen.<\/span><\/p>\n<p><span style=\"font-size: 20px;color: #333333\">Jeden Tag gibt es drei Pausen.\u00a0Zwei gro\u00dfe Spielpausen und eine Mittagspause.<\/span><\/p>\n<p><span style=\"font-size: 20px;color: #333333\">Ein Schultag kann so bis 15:00 Uhr bzw. 15:30 Uhr gehen.<\/span><\/p>\n","protected":false},"excerpt":{"rendered":"<p>Als Grund- und Hauptschule organisieren wir t\u00e4glich den Unterricht f\u00fcr die Jahrgangsstufen 1 &#8211; 10. F\u00fcr die Grundsch\u00fcler \u00f6ffnen wir verl\u00e4sslich unser Haus von 07.45 &#8211; 12:45 Uhr. Der Unterricht der Hauptsch\u00fcler beginnt t\u00e4glich um 08:00 Uhr. Au\u00dferdem sind wir offene Ganztagsschule. Das bedeutet, dass an manchen Tagen sowohl Unterricht als auch au\u00dfenunterrichtliche Angebote in [&hellip;]<\/p>\n","protected":false},"author":9193196,"featured_media":0,"parent":0,"menu_order":0,"comment_status":"closed","ping_status":"closed","template":"","meta":{"footnotes":""},"class_list":["post-99","page","type-page","status-publish","hentry"],"_links":{"self":[{"href":"https:\/\/wordpress.nibis.de\/ghsrueni\/wp-json\/wp\/v2\/pages\/99","targetHints":{"allow":["GET"]}}],"collection":[{"href":"https:\/\/wordpress.nibis.de\/ghsrueni\/wp-json\/wp\/v2\/pages"}],"about":[{"href":"https:\/\/wordpress.nibis.de\/ghsrueni\/wp-json\/wp\/v2\/types\/page"}],"author":[{"embeddable":true,"href":"https:\/\/wordpress.nibis.de\/ghsrueni\/wp-json\/wp\/v2\/users\/9193196"}],"replies":[{"embeddable":true,"href":"https:\/\/wordpress.nibis.de\/ghsrueni\/wp-json\/wp\/v2\/comments?post=99"}],"version-history":[{"count":3,"href":"https:\/\/wordpress.nibis.de\/ghsrueni\/wp-json\/wp\/v2\/pages\/99\/revisions"}],"predecessor-version":[{"id":1914,"href":"https:\/\/wordpress.nibis.de\/ghsrueni\/wp-json\/wp\/v2\/pages\/99\/revisions\/1914"}],"wp:attachment":[{"href":"https:\/\/wordpress.nibis.de\/ghsrueni\/wp-json\/wp\/v2\/media?parent=99"}],"curies":[{"name":"wp","href":"https:\/\/api.w.org\/{rel}","templated":true}]}}