{"id":128,"date":"2017-06-06T10:53:05","date_gmt":"2017-06-06T08:53:05","guid":{"rendered":"http:\/\/wordpress.nibis.de\/grafik\/?page_id=128"},"modified":"2017-06-06T13:46:40","modified_gmt":"2017-06-06T11:46:40","slug":"darktable","status":"publish","type":"page","link":"https:\/\/wordpress.nibis.de\/grafik\/darktable\/","title":{"rendered":"Darktable"},"content":{"rendered":"<p>Darktable ist ein Programm, dass sich vor allem zur Bildoptimierung und Bildverwaltung eignet.<\/p>\n<p>Es ist in seiner Gestaltung und in seinem Funktionsumfang stark an das kommerzielle Produkt Lightroom aus dem Hause Adobe angelehnt. Die offizielle Version ist nur f\u00fcr Linux und Macs zu haben &#8211; es gibt aber auch eine inoffizielle Umsetzung f\u00fcr Windows, auf die hier aber nicht n\u00e4her eingegangen werden soll.<\/p>\n<p>Darktable ist besonders f\u00fcr den Umgang mit RAW-Dateien geeignet und bietet einen gro\u00dfen Funktionsumfang &#8211; von einfachen Kontrast- und Farbver\u00e4nderungen bis hin zum Arbeiten mit Masken und das \u00dcbertragen von gemachten Einstellungen auf folgende Bilder.<\/p>\n<p>Darktable ist das richtige f\u00fcr Sie, wenn Sie schon Vorerfahrungen mit professioneller Bildnachbearbeitung haben oder aber bereit sind, hier Zeit zu investieren, um das Programm und sein Potential auszusch\u00f6pfen. Das Programm ist auf deutsch erh\u00e4ltlich &#8211; die Anleitung im Moment leider nur auf Englisch.<\/p>\n<p>Mehr Informationen unter <a href=\"http:\/\/www.darktable.org\" target=\"_blank\" rel=\"noopener noreferrer\">www.darktable.org<\/a>.<\/p>\n","protected":false},"excerpt":{"rendered":"<p>Darktable ist ein Programm, dass sich vor allem zur Bildoptimierung und Bildverwaltung eignet. Es ist in seiner Gestaltung und in seinem Funktionsumfang stark an das kommerzielle Produkt Lightroom aus dem Hause Adobe angelehnt. Die offizielle Version ist nur f\u00fcr Linux und Macs zu haben &#8211; es gibt aber auch eine inoffizielle Umsetzung f\u00fcr Windows, auf &hellip; <a href=\"https:\/\/wordpress.nibis.de\/grafik\/darktable\/\" class=\"more-link\"><span class=\"screen-reader-text\">Darktable<\/span> weiterlesen <span class=\"meta-nav\">&rarr;<\/span><\/a><\/p>\n","protected":false},"author":1272,"featured_media":134,"parent":0,"menu_order":0,"comment_status":"closed","ping_status":"closed","template":"","meta":{"footnotes":""},"class_list":["post-128","page","type-page","status-publish","has-post-thumbnail","hentry"],"_links":{"self":[{"href":"https:\/\/wordpress.nibis.de\/grafik\/wp-json\/wp\/v2\/pages\/128","targetHints":{"allow":["GET"]}}],"collection":[{"href":"https:\/\/wordpress.nibis.de\/grafik\/wp-json\/wp\/v2\/pages"}],"about":[{"href":"https:\/\/wordpress.nibis.de\/grafik\/wp-json\/wp\/v2\/types\/page"}],"author":[{"embeddable":true,"href":"https:\/\/wordpress.nibis.de\/grafik\/wp-json\/wp\/v2\/users\/1272"}],"replies":[{"embeddable":true,"href":"https:\/\/wordpress.nibis.de\/grafik\/wp-json\/wp\/v2\/comments?post=128"}],"version-history":[{"count":3,"href":"https:\/\/wordpress.nibis.de\/grafik\/wp-json\/wp\/v2\/pages\/128\/revisions"}],"predecessor-version":[{"id":133,"href":"https:\/\/wordpress.nibis.de\/grafik\/wp-json\/wp\/v2\/pages\/128\/revisions\/133"}],"wp:featuredmedia":[{"embeddable":true,"href":"https:\/\/wordpress.nibis.de\/grafik\/wp-json\/wp\/v2\/media\/134"}],"wp:attachment":[{"href":"https:\/\/wordpress.nibis.de\/grafik\/wp-json\/wp\/v2\/media?parent=128"}],"curies":[{"name":"wp","href":"https:\/\/api.w.org\/{rel}","templated":true}]}}