{"id":22,"date":"2017-05-16T13:52:34","date_gmt":"2017-05-16T11:52:34","guid":{"rendered":"http:\/\/wordpress.nibis.de\/grafik\/?page_id=22"},"modified":"2019-12-03T15:00:53","modified_gmt":"2019-12-03T14:00:53","slug":"gimp","status":"publish","type":"page","link":"https:\/\/wordpress.nibis.de\/grafik\/gimp\/","title":{"rendered":"GIMP"},"content":{"rendered":"<p>Seit GIMP 1995 erstmals als Testversion verf\u00fcgbar war, entwickelt von zwei Studenten als Studienarbeit, wurde das Programm immer weiter entwickelt und erfreut sich weltweit gro\u00dfer Beliebtheit. Es ist kostenlos und geh\u00f6rt zur freien Software, der Quelltext ist also f\u00fcr alle Interessierten verf\u00fcbar.<\/p>\n<p>Wer GIMP erstmalig startet erschrickt m\u00f6glicherweise auf Grund der Komplexit\u00e4t &#8211; doch das kann dem Programm auch als Vorteil angerechnet werden.<br \/>\nF\u00fcr Windowsnutzer ungewohnt ist der modulare Aufbau, der ganz typisch f\u00fcr Linux-basierte Programme ist. Es gibt also nicht nur ein, sondern mehrere Programmfenster, die frei verschoben werden k\u00f6nnen. Der Umfang der Funktionen ist f\u00fcr Neueinsteiger schwer zu \u00fcberblicken &#8211; aber keine Angst: Viele Funktionen sind selbsterkl\u00e4rend und wenn man sich einfach ran traut.<\/p>\n<p>Eine Besonderheit von GIMP ist die M\u00f6glichkeit, mit <a href=\"http:\/\/wordpress.nibis.de\/grafik\/arbeiten-mit-ebenen-in-gimp\/\">Ebenen zu Arbeiten<\/a>.<br \/>\nEs eignet sich auch, um Sch\u00fclerinnen und Sch\u00fclern eine Einf\u00fchrung in die Bildbearbeitung zu geben. Ein gro\u00dfer Vorteil: Die Sch\u00fclerinnen und Sch\u00fcler k\u00f6nnen die Software auch auf ihren eigenen Rechnern installieren ohne das Kosten entstehen.<\/p>\n<p>Die offizielle Seite von GIMP ist <a href=\"https:\/\/www.gimp.org\/\" target=\"_blank\" rel=\"noopener noreferrer\">www.gimp.org<\/a>. Bei der Installation kann Deutsch als Sprache gew\u00e4hlt werden.<\/p>\n","protected":false},"excerpt":{"rendered":"<p>Seit GIMP 1995 erstmals als Testversion verf\u00fcgbar war, entwickelt von zwei Studenten als Studienarbeit, wurde das Programm immer weiter entwickelt und erfreut sich weltweit gro\u00dfer Beliebtheit. Es ist kostenlos und geh\u00f6rt zur freien Software, der Quelltext ist also f\u00fcr alle Interessierten verf\u00fcbar. Wer GIMP erstmalig startet erschrickt m\u00f6glicherweise auf Grund der Komplexit\u00e4t &#8211; doch das &hellip; <a href=\"https:\/\/wordpress.nibis.de\/grafik\/gimp\/\" class=\"more-link\"><span class=\"screen-reader-text\">GIMP<\/span> weiterlesen <span class=\"meta-nav\">&rarr;<\/span><\/a><\/p>\n","protected":false},"author":1272,"featured_media":40,"parent":0,"menu_order":0,"comment_status":"closed","ping_status":"closed","template":"","meta":{"footnotes":""},"class_list":["post-22","page","type-page","status-publish","has-post-thumbnail","hentry"],"_links":{"self":[{"href":"https:\/\/wordpress.nibis.de\/grafik\/wp-json\/wp\/v2\/pages\/22","targetHints":{"allow":["GET"]}}],"collection":[{"href":"https:\/\/wordpress.nibis.de\/grafik\/wp-json\/wp\/v2\/pages"}],"about":[{"href":"https:\/\/wordpress.nibis.de\/grafik\/wp-json\/wp\/v2\/types\/page"}],"author":[{"embeddable":true,"href":"https:\/\/wordpress.nibis.de\/grafik\/wp-json\/wp\/v2\/users\/1272"}],"replies":[{"embeddable":true,"href":"https:\/\/wordpress.nibis.de\/grafik\/wp-json\/wp\/v2\/comments?post=22"}],"version-history":[{"count":3,"href":"https:\/\/wordpress.nibis.de\/grafik\/wp-json\/wp\/v2\/pages\/22\/revisions"}],"predecessor-version":[{"id":163,"href":"https:\/\/wordpress.nibis.de\/grafik\/wp-json\/wp\/v2\/pages\/22\/revisions\/163"}],"wp:featuredmedia":[{"embeddable":true,"href":"https:\/\/wordpress.nibis.de\/grafik\/wp-json\/wp\/v2\/media\/40"}],"wp:attachment":[{"href":"https:\/\/wordpress.nibis.de\/grafik\/wp-json\/wp\/v2\/media?parent=22"}],"curies":[{"name":"wp","href":"https:\/\/api.w.org\/{rel}","templated":true}]}}