{"id":24,"date":"2017-05-16T13:52:58","date_gmt":"2017-05-16T11:52:58","guid":{"rendered":"http:\/\/wordpress.nibis.de\/grafik\/?page_id=24"},"modified":"2017-05-19T11:43:32","modified_gmt":"2017-05-19T09:43:32","slug":"inkscape","status":"publish","type":"page","link":"https:\/\/wordpress.nibis.de\/grafik\/inkscape\/","title":{"rendered":"Inkscape"},"content":{"rendered":"<p>W\u00e4hrend <a href=\"http:\/\/localhost\/wordpress\/2017\/05\/15\/gimp\/\">GIMP<\/a> eine pixelbasierte Grafikanwendung ist, orientiert sich Inkscape an Vektoren. Pixelgrafiken k\u00f6nnen aber auch importiert werden und entweder in Vektoren umgewandelt werden (siehe Tipps und Tricks) oder als Pixelgrafik mit Vektoren kombiniert werden.<\/p>\n<p>Inkscape ist damit die perfekte L\u00f6sung, wenn ein kostenloses und freies Programm etwa zur Erstellung von Plakaten, Logos oder Flyern zum Einsatz kommen soll.<\/p>\n<p>Das Programm ist kostenlos und plattformunabh\u00e4ngig &#8211; und somit auch ideal, um es im Unterricht zu benutzen, da die Sch\u00fclerinnen und Sch\u00fcler die Software auch auf ihren Privatger\u00e4ten nutzen k\u00f6nnen.<\/p>\n<p>Die Installationsdatei und mehr Informationen gibt&#8217;s unter <a href=\"https:\/\/inkscape.org\/de\/\" target=\"_blank\" rel=\"noopener noreferrer\">inkscape.org<\/a><\/p>\n","protected":false},"excerpt":{"rendered":"<p>W\u00e4hrend GIMP eine pixelbasierte Grafikanwendung ist, orientiert sich Inkscape an Vektoren. Pixelgrafiken k\u00f6nnen aber auch importiert werden und entweder in Vektoren umgewandelt werden (siehe Tipps und Tricks) oder als Pixelgrafik mit Vektoren kombiniert werden. Inkscape ist damit die perfekte L\u00f6sung, wenn ein kostenloses und freies Programm etwa zur Erstellung von Plakaten, Logos oder Flyern zum &hellip; <a href=\"https:\/\/wordpress.nibis.de\/grafik\/inkscape\/\" class=\"more-link\"><span class=\"screen-reader-text\">Inkscape<\/span> weiterlesen <span class=\"meta-nav\">&rarr;<\/span><\/a><\/p>\n","protected":false},"author":1272,"featured_media":37,"parent":0,"menu_order":0,"comment_status":"closed","ping_status":"closed","template":"","meta":{"footnotes":""},"class_list":["post-24","page","type-page","status-publish","has-post-thumbnail","hentry"],"_links":{"self":[{"href":"https:\/\/wordpress.nibis.de\/grafik\/wp-json\/wp\/v2\/pages\/24","targetHints":{"allow":["GET"]}}],"collection":[{"href":"https:\/\/wordpress.nibis.de\/grafik\/wp-json\/wp\/v2\/pages"}],"about":[{"href":"https:\/\/wordpress.nibis.de\/grafik\/wp-json\/wp\/v2\/types\/page"}],"author":[{"embeddable":true,"href":"https:\/\/wordpress.nibis.de\/grafik\/wp-json\/wp\/v2\/users\/1272"}],"replies":[{"embeddable":true,"href":"https:\/\/wordpress.nibis.de\/grafik\/wp-json\/wp\/v2\/comments?post=24"}],"version-history":[{"count":1,"href":"https:\/\/wordpress.nibis.de\/grafik\/wp-json\/wp\/v2\/pages\/24\/revisions"}],"predecessor-version":[{"id":25,"href":"https:\/\/wordpress.nibis.de\/grafik\/wp-json\/wp\/v2\/pages\/24\/revisions\/25"}],"wp:featuredmedia":[{"embeddable":true,"href":"https:\/\/wordpress.nibis.de\/grafik\/wp-json\/wp\/v2\/media\/37"}],"wp:attachment":[{"href":"https:\/\/wordpress.nibis.de\/grafik\/wp-json\/wp\/v2\/media?parent=24"}],"curies":[{"name":"wp","href":"https:\/\/api.w.org\/{rel}","templated":true}]}}