{"id":26,"date":"2017-05-16T13:53:20","date_gmt":"2017-05-16T11:53:20","guid":{"rendered":"http:\/\/wordpress.nibis.de\/grafik\/?page_id=26"},"modified":"2017-05-16T14:01:35","modified_gmt":"2017-05-16T12:01:35","slug":"irfanview","status":"publish","type":"page","link":"https:\/\/wordpress.nibis.de\/grafik\/irfanview\/","title":{"rendered":"IrfanView"},"content":{"rendered":"<p>IrfanView ist eine kostenlose Bildbetrachungssoftware, die vor allem im Bereich der Stapelverarbeitung viele praktische Tools f\u00fcr Webmaster bietet. Auf einen Schlag k\u00f6nnen hunderte Bilder aufs richtige Format gebracht werden oder einen neuen Namen bekommen.<\/p>\n<p>Bei einzelnen Bildern k\u00f6nnen Bearbeitungsm\u00f6glichkeiten wie Drehen, Spiegeln oder Zuschneiden schnell angewendet werden.<\/p>\n<p>F\u00fcr Schulen und Privatanwender ist die Nutzung kostenlos.<\/p>\n<p>Es gibt eine englische und deutsche Version. Beide finden Sie unter <a href=\"http:\/\/irfanview.com\" target=\"_blank\" rel=\"noopener noreferrer\">www.irfanview.com<\/a> im Downloadbereich.<\/p>\n","protected":false},"excerpt":{"rendered":"<p>IrfanView ist eine kostenlose Bildbetrachungssoftware, die vor allem im Bereich der Stapelverarbeitung viele praktische Tools f\u00fcr Webmaster bietet. Auf einen Schlag k\u00f6nnen hunderte Bilder aufs richtige Format gebracht werden oder einen neuen Namen bekommen. Bei einzelnen Bildern k\u00f6nnen Bearbeitungsm\u00f6glichkeiten wie Drehen, Spiegeln oder Zuschneiden schnell angewendet werden. F\u00fcr Schulen und Privatanwender ist die Nutzung kostenlos. &hellip; <a href=\"https:\/\/wordpress.nibis.de\/grafik\/irfanview\/\" class=\"more-link\"><span class=\"screen-reader-text\">IrfanView<\/span> weiterlesen <span class=\"meta-nav\">&rarr;<\/span><\/a><\/p>\n","protected":false},"author":1272,"featured_media":38,"parent":0,"menu_order":0,"comment_status":"closed","ping_status":"closed","template":"","meta":{"footnotes":""},"class_list":["post-26","page","type-page","status-publish","has-post-thumbnail","hentry"],"_links":{"self":[{"href":"https:\/\/wordpress.nibis.de\/grafik\/wp-json\/wp\/v2\/pages\/26","targetHints":{"allow":["GET"]}}],"collection":[{"href":"https:\/\/wordpress.nibis.de\/grafik\/wp-json\/wp\/v2\/pages"}],"about":[{"href":"https:\/\/wordpress.nibis.de\/grafik\/wp-json\/wp\/v2\/types\/page"}],"author":[{"embeddable":true,"href":"https:\/\/wordpress.nibis.de\/grafik\/wp-json\/wp\/v2\/users\/1272"}],"replies":[{"embeddable":true,"href":"https:\/\/wordpress.nibis.de\/grafik\/wp-json\/wp\/v2\/comments?post=26"}],"version-history":[{"count":1,"href":"https:\/\/wordpress.nibis.de\/grafik\/wp-json\/wp\/v2\/pages\/26\/revisions"}],"predecessor-version":[{"id":27,"href":"https:\/\/wordpress.nibis.de\/grafik\/wp-json\/wp\/v2\/pages\/26\/revisions\/27"}],"wp:featuredmedia":[{"embeddable":true,"href":"https:\/\/wordpress.nibis.de\/grafik\/wp-json\/wp\/v2\/media\/38"}],"wp:attachment":[{"href":"https:\/\/wordpress.nibis.de\/grafik\/wp-json\/wp\/v2\/media?parent=26"}],"curies":[{"name":"wp","href":"https:\/\/api.w.org\/{rel}","templated":true}]}}