{"id":50,"date":"2017-05-16T14:10:29","date_gmt":"2017-05-16T12:10:29","guid":{"rendered":"http:\/\/wordpress.nibis.de\/grafik\/?page_id=50"},"modified":"2017-05-19T11:41:21","modified_gmt":"2017-05-19T09:41:21","slug":"impressum","status":"publish","type":"page","link":"https:\/\/wordpress.nibis.de\/grafik\/impressum\/","title":{"rendered":"Impressum"},"content":{"rendered":"<div class=\"entry-content\">\n<p>Der Nieders\u00e4chsische Bildungsserver (NiBiS) ist das Bildungsportal des Landes Niedersachsen.<\/p>\n<p>Der NiBiS wird durch die stellvertretende Pr\u00e4sidentin des NLQ Frau Dr. Elke Richlick gesetzlich vertreten.<\/p>\n<p>Inhaltlich Verantwortlicher gem\u00e4\u00df \u00a7 6 MDStV: Martin Gembus<\/p>\n<p>Kontaktadresse:<\/p>\n<p>Nieders\u00e4chsisches Landesinstitut f\u00fcr schulische Qualit\u00e4tsentwicklung (NLQ)<br \/>\nZentrum f\u00fcr Informationstechnologien und Medienbildung (ZIM)<br \/>\nRichthofenstra\u00dfe 29<br \/>\n31137 Hildesheim<\/p>\n<p>Telefon: 05121 1695-400<br \/>\nTelefax: 05121 1695-450<br \/>\nE-Mail: service(at)nibis.de<\/p>\n<p>Haftungshinweis: Trotz sorgf\u00e4ltiger inhaltlicher Kontrolle \u00fcbernehmen wir keine Haftung f\u00fcr die Inhalte externer Links. F\u00fcr den Inhalt der verlinkten Seiten sind ausschlie\u00dflich deren Betreiber verantwortlich.<\/p>\n<p>Alle hier verwendeten Namen, Begriffe, Zeichen und Grafiken k\u00f6nnen Marken- oder Warenzeichen im Besitz ihrer rechtlichen Eigent\u00fcmer sein. Die Rechte aller erw\u00e4hnten und benutzten Marken- und Warenzeichen liegen ausschlie\u00dflich bei deren Besitzern.<\/p>\n<\/div>\n","protected":false},"excerpt":{"rendered":"<p>Der Nieders\u00e4chsische Bildungsserver (NiBiS) ist das Bildungsportal des Landes Niedersachsen. Der NiBiS wird durch die stellvertretende Pr\u00e4sidentin des NLQ Frau Dr. Elke Richlick gesetzlich vertreten. Inhaltlich Verantwortlicher gem\u00e4\u00df \u00a7 6 MDStV: Martin Gembus Kontaktadresse: Nieders\u00e4chsisches Landesinstitut f\u00fcr schulische Qualit\u00e4tsentwicklung (NLQ) Zentrum f\u00fcr Informationstechnologien und Medienbildung (ZIM) Richthofenstra\u00dfe 29 31137 Hildesheim Telefon: 05121 1695-400 Telefax: 05121 &hellip; <a href=\"https:\/\/wordpress.nibis.de\/grafik\/impressum\/\" class=\"more-link\"><span class=\"screen-reader-text\">Impressum<\/span> weiterlesen <span class=\"meta-nav\">&rarr;<\/span><\/a><\/p>\n","protected":false},"author":1272,"featured_media":0,"parent":0,"menu_order":0,"comment_status":"closed","ping_status":"closed","template":"","meta":{"footnotes":""},"class_list":["post-50","page","type-page","status-publish","hentry"],"_links":{"self":[{"href":"https:\/\/wordpress.nibis.de\/grafik\/wp-json\/wp\/v2\/pages\/50","targetHints":{"allow":["GET"]}}],"collection":[{"href":"https:\/\/wordpress.nibis.de\/grafik\/wp-json\/wp\/v2\/pages"}],"about":[{"href":"https:\/\/wordpress.nibis.de\/grafik\/wp-json\/wp\/v2\/types\/page"}],"author":[{"embeddable":true,"href":"https:\/\/wordpress.nibis.de\/grafik\/wp-json\/wp\/v2\/users\/1272"}],"replies":[{"embeddable":true,"href":"https:\/\/wordpress.nibis.de\/grafik\/wp-json\/wp\/v2\/comments?post=50"}],"version-history":[{"count":1,"href":"https:\/\/wordpress.nibis.de\/grafik\/wp-json\/wp\/v2\/pages\/50\/revisions"}],"predecessor-version":[{"id":51,"href":"https:\/\/wordpress.nibis.de\/grafik\/wp-json\/wp\/v2\/pages\/50\/revisions\/51"}],"wp:attachment":[{"href":"https:\/\/wordpress.nibis.de\/grafik\/wp-json\/wp\/v2\/media?parent=50"}],"curies":[{"name":"wp","href":"https:\/\/api.w.org\/{rel}","templated":true}]}}