{"id":55,"date":"2017-05-16T15:04:17","date_gmt":"2017-05-16T13:04:17","guid":{"rendered":"http:\/\/wordpress.nibis.de\/grafik\/?page_id=55"},"modified":"2017-05-19T11:42:39","modified_gmt":"2017-05-19T09:42:39","slug":"bildbearbeitungsprogramme","status":"publish","type":"page","link":"https:\/\/wordpress.nibis.de\/grafik\/bildbearbeitungsprogramme\/","title":{"rendered":"Bildbearbeitungsprogramme"},"content":{"rendered":"<p>Digitale Bildbearbeitung ist aus unserem Alltag nicht mehr wegzudenken &#8211; ob es &#8222;gephotoshopte&#8220; Bilder in Zeitschriften und Magazinen sind oder die einfache Notwendigkeit, Bilder f\u00fcr bestimmte Zwecke zu verkleinern, zuzuschneiden oder irgendwie zu ver\u00e4ndern.<\/p>\n<p>Die n\u00f6tigen Programme k\u00f6nnen daf\u00fcr sehr hochpreisig sein &#8211; oder auch gar nichts kosten. An dieser Stelle m\u00f6chte ich sowohl f\u00fcr den Bereich der pixelorientierten Bildbearbeitung als auch der Vektorverfarbeitung jeweils ein Programm bewerben, dass kostenlos ist und somit auch ideal f\u00fcr den Einsatz in Schule. Mit IrfanView ist auch ein Programm dabei, dass vor allem als Bildbetrachter gedacht ist, aber auch M\u00f6glichkeiten der Bearbeitung miteinschlie\u00dft.<\/p>\n","protected":false},"excerpt":{"rendered":"<p>Digitale Bildbearbeitung ist aus unserem Alltag nicht mehr wegzudenken &#8211; ob es &#8222;gephotoshopte&#8220; Bilder in Zeitschriften und Magazinen sind oder die einfache Notwendigkeit, Bilder f\u00fcr bestimmte Zwecke zu verkleinern, zuzuschneiden oder irgendwie zu ver\u00e4ndern. Die n\u00f6tigen Programme k\u00f6nnen daf\u00fcr sehr hochpreisig sein &#8211; oder auch gar nichts kosten. An dieser Stelle m\u00f6chte ich sowohl f\u00fcr &hellip; <a href=\"https:\/\/wordpress.nibis.de\/grafik\/bildbearbeitungsprogramme\/\" class=\"more-link\"><span class=\"screen-reader-text\">Bildbearbeitungsprogramme<\/span> weiterlesen <span class=\"meta-nav\">&rarr;<\/span><\/a><\/p>\n","protected":false},"author":1272,"featured_media":0,"parent":0,"menu_order":0,"comment_status":"closed","ping_status":"closed","template":"","meta":{"footnotes":""},"class_list":["post-55","page","type-page","status-publish","hentry"],"_links":{"self":[{"href":"https:\/\/wordpress.nibis.de\/grafik\/wp-json\/wp\/v2\/pages\/55","targetHints":{"allow":["GET"]}}],"collection":[{"href":"https:\/\/wordpress.nibis.de\/grafik\/wp-json\/wp\/v2\/pages"}],"about":[{"href":"https:\/\/wordpress.nibis.de\/grafik\/wp-json\/wp\/v2\/types\/page"}],"author":[{"embeddable":true,"href":"https:\/\/wordpress.nibis.de\/grafik\/wp-json\/wp\/v2\/users\/1272"}],"replies":[{"embeddable":true,"href":"https:\/\/wordpress.nibis.de\/grafik\/wp-json\/wp\/v2\/comments?post=55"}],"version-history":[{"count":2,"href":"https:\/\/wordpress.nibis.de\/grafik\/wp-json\/wp\/v2\/pages\/55\/revisions"}],"predecessor-version":[{"id":102,"href":"https:\/\/wordpress.nibis.de\/grafik\/wp-json\/wp\/v2\/pages\/55\/revisions\/102"}],"wp:attachment":[{"href":"https:\/\/wordpress.nibis.de\/grafik\/wp-json\/wp\/v2\/media?parent=55"}],"curies":[{"name":"wp","href":"https:\/\/api.w.org\/{rel}","templated":true}]}}