{"id":199,"date":"2025-07-24T12:16:39","date_gmt":"2025-07-24T10:16:39","guid":{"rendered":"https:\/\/wordpress.nibis.de\/grundschule-nettlingen\/?page_id=199"},"modified":"2025-07-24T12:22:42","modified_gmt":"2025-07-24T10:22:42","slug":"informationen-zum-uebergang-von-der-kita-in-die-grundschule","status":"publish","type":"page","link":"https:\/\/wordpress.nibis.de\/grundschule-nettlingen\/informationen-zum-uebergang-von-der-kita-in-die-grundschule\/","title":{"rendered":"Informationen zum \u00dcbergang von der Kita in die Grundschule"},"content":{"rendered":"\n<pre class=\"wp-block-verse has-text-align-center\">Der \u00dcbergang vom Kindergarten in die Grundschule ist ein bedeutungsvoller Schritt f\u00fcr jedes Kind. \nDamit dieser gelingt, sollte jedes Kind \u00fcber die sozial- emotionale, die kognitive und die k\u00f6rperliche Schulf\u00e4higkeit verf\u00fcgen.\r\n \r\n<strong>  Aber was bedeutet das ?<\/strong><\/pre>\n\n\n\n<figure class=\"wp-block-table aligncenter is-style-stripes has-small-font-size\"><table><tbody><tr><td><strong>sozial-emotionale Schulf\u00e4higkeit <\/strong><\/td><td>           <strong>kognitive Schulf\u00e4higkeit<\/strong> <\/td><td><strong>k\u00f6rperliche Schulf\u00e4higkeit<\/strong><\/td><\/tr><tr><td>\u2022 sich in einer Gruppe einf\u00fcgen und                       behaupten k\u00f6nnen<br>\u2022 Regeln anerkennen und einhalten   <br>\u2022 warten und teilen k\u00f6nnen<br>\u2022 Konflikte aushalten k\u00f6nnen<br>\u2022 Kompromisse eingehen k\u00f6nnen<br>\u2022 Bed\u00fcrfnisse und W\u00fcnsche \u00e4u\u00dfern k\u00f6nnen<br>\u2022 altersgerechte Aufgaben selbstst\u00e4ndig erledigen<br>\u2022 in neuen Situationen sich etwas zutrauen<\/td><td> \u2022 sich f\u00fcr Neues interessieren<br> \u2022 wissbegierig sein und Fragen stellen<br> \u2022 Farben, Formen, Symbole, W\u00fcrfelbilder  <br>    erkennen, benennen und zuordnen<br> \u2022 eigenen Namen schreiben<br> \u2022 \u00fcber einen altersgem\u00e4\u00dfen Wortschatz    <br>    verf\u00fcgen<br> \u2022 Erz\u00e4hlen und zuh\u00f6ren k\u00f6nnen, kurze    <br>    Geschichten anhand von Bildern<br>   erz\u00e4hlen k\u00f6nnen<br>\u2022 sprachliche Anweisungen verstehen und           ausf\u00fchren<br>\u2022 Konzentration auf eine Sache<br>\u2022 sich in Geduld \u00fcben<br>\u2022 etwas Angefangenes beenden k\u00f6nnen<br>\u2022 r\u00e4umliche und zeitliche Orientierung<\/td><td>\u2022      <em>Grobmotorik  <\/em>   <br> \u25e6   gehen (vor, seit, r\u00fcckw\u00e4rts, <br>     Treppe ohne Gel\u00e4nder)      <br> \u25e6   h\u00fcpfen (1 Fu\u00df\/ 2 F\u00fc\u00dfe, vor, seit, <br>     r\u00fcckw\u00e4rts), springen      <br> \u25e6    klettern, balancieren,  <br>       Gleichgewicht <br>       (auch auf einem Fu\u00df) halten      <br>\u25e6    Fahrrad- Laufrad und Roller gut <br>      fahren k\u00f6nnen      <br>\u25e6    sich selbstst\u00e4ndig an- und <br>      ausziehen k\u00f6nnen <br><br>\u2022     <em> Feinmotorik<\/em>      <br> \u25e6    Umgang mit Stift, Papier und <br>      Kleber      <br> \u25e6    Faltarbeiten ausf\u00fchren k\u00f6nnen       <br> \u25e6    Schleife binden, Rei\u00dfverschl\u00fcsse <br>       und Kn\u00f6pfe \u00f6ffnen und schlie\u00dfen               <br>       k\u00f6nnen      <br> \u25e6    Auge- Hand- Koordination, <br>       z.B. Gef\u00e4\u00dfe f\u00fcllen und leeren <\/td><\/tr><\/tbody><\/table><\/figure>\n\n\n\n<div data-wp-interactive=\"core\/file\" class=\"wp-block-file\"><object data-wp-bind--hidden=\"!state.hasPdfPreview\" hidden class=\"wp-block-file__embed\" data=\"https:\/\/wordpress.nibis.de\/grundschule-nettlingen\/files\/2025\/07\/210310_Flyer_Schulfaehigkeit.pdf\" type=\"application\/pdf\" style=\"width:100%;height:600px\" aria-label=\"Einbettung von Einbettung von 210310_Flyer_Schulfaehigkeit..\"><\/object><a id=\"wp-block-file--media-f424539c-2ccf-41c0-a1e3-7da4d14680d5\" href=\"https:\/\/wordpress.nibis.de\/grundschule-nettlingen\/files\/2025\/07\/210310_Flyer_Schulfaehigkeit.pdf\">210310_Flyer_Schulfaehigkeit<\/a><a href=\"https:\/\/wordpress.nibis.de\/grundschule-nettlingen\/files\/2025\/07\/210310_Flyer_Schulfaehigkeit.pdf\" class=\"wp-block-file__button\" download aria-describedby=\"wp-block-file--media-f424539c-2ccf-41c0-a1e3-7da4d14680d5\">Herunterladen<\/a><\/div>\n","protected":false},"excerpt":{"rendered":"<p>Der \u00dcbergang vom Kindergarten in die Grundschule ist ein bedeutungsvoller Schritt f\u00fcr jedes Kind. Damit dieser gelingt, sollte jedes Kind \u00fcber die sozial- emotionale, die kognitive und die k\u00f6rperliche Schulf\u00e4higkeit verf\u00fcgen. Aber was bedeutet das ? sozial-emotionale Schulf\u00e4higkeit kognitive Schulf\u00e4higkeit k\u00f6rperliche Schulf\u00e4higkeit \u2022 sich in einer Gruppe einf\u00fcgen und behaupten k\u00f6nnen\u2022 Regeln anerkennen und einhalten [&hellip;]<\/p>\n","protected":false},"author":9194638,"featured_media":200,"parent":0,"menu_order":0,"comment_status":"closed","ping_status":"closed","template":"","meta":{"footnotes":""},"class_list":["post-199","page","type-page","status-publish","has-post-thumbnail","hentry"],"_links":{"self":[{"href":"https:\/\/wordpress.nibis.de\/grundschule-nettlingen\/wp-json\/wp\/v2\/pages\/199","targetHints":{"allow":["GET"]}}],"collection":[{"href":"https:\/\/wordpress.nibis.de\/grundschule-nettlingen\/wp-json\/wp\/v2\/pages"}],"about":[{"href":"https:\/\/wordpress.nibis.de\/grundschule-nettlingen\/wp-json\/wp\/v2\/types\/page"}],"author":[{"embeddable":true,"href":"https:\/\/wordpress.nibis.de\/grundschule-nettlingen\/wp-json\/wp\/v2\/users\/9194638"}],"replies":[{"embeddable":true,"href":"https:\/\/wordpress.nibis.de\/grundschule-nettlingen\/wp-json\/wp\/v2\/comments?post=199"}],"version-history":[{"count":5,"href":"https:\/\/wordpress.nibis.de\/grundschule-nettlingen\/wp-json\/wp\/v2\/pages\/199\/revisions"}],"predecessor-version":[{"id":208,"href":"https:\/\/wordpress.nibis.de\/grundschule-nettlingen\/wp-json\/wp\/v2\/pages\/199\/revisions\/208"}],"wp:featuredmedia":[{"embeddable":true,"href":"https:\/\/wordpress.nibis.de\/grundschule-nettlingen\/wp-json\/wp\/v2\/media\/200"}],"wp:attachment":[{"href":"https:\/\/wordpress.nibis.de\/grundschule-nettlingen\/wp-json\/wp\/v2\/media?parent=199"}],"curies":[{"name":"wp","href":"https:\/\/api.w.org\/{rel}","templated":true}]}}