{"id":241,"date":"2025-07-24T13:35:44","date_gmt":"2025-07-24T11:35:44","guid":{"rendered":"https:\/\/wordpress.nibis.de\/grundschule-nettlingen\/?page_id=241"},"modified":"2025-07-24T15:46:26","modified_gmt":"2025-07-24T13:46:26","slug":"unterrichtszeiten","status":"publish","type":"page","link":"https:\/\/wordpress.nibis.de\/grundschule-nettlingen\/unterrichtszeiten\/","title":{"rendered":"Unterrichtszeiten"},"content":{"rendered":"\n<pre class=\"wp-block-verse has-medium-font-size\"><strong>Vormittag (verl\u00e4ssliche Grundschule)<\/strong><\/pre>\n\n\n\n<figure class=\"wp-block-table aligncenter\"><table><tbody><tr><td>Uhrzeit<\/td><td>&nbsp;<\/td><\/tr><tr><td>&nbsp; 7.35 &#8211; 8.00<\/td><td>Fr\u00fchf\u00f6rdern<\/td><\/tr><tr><td>&nbsp; 8.00 &#8211; 8.10<\/td><td>offener Anfang<\/td><\/tr><tr><td>&nbsp; 8.10 &#8211; 8.55<\/td><td>1. Stunde<\/td><\/tr><tr><td>&nbsp; 8.55 &#8211; 9.00<\/td><td>Wechselpause<\/td><\/tr><tr><td>&nbsp; 9.00 &#8211; 9.45<\/td><td>2.Stunde<\/td><\/tr><tr><td>&nbsp; 9.45 &#8211; 9.55<\/td><td>Fr\u00fchst\u00fcckspause im Klassenraum<\/td><\/tr><tr><td>&nbsp; 9.55 &#8211; 10.15<\/td><td>Hofpause<\/td><\/tr><tr><td>10.15 &#8211; 11.00<\/td><td>3. Stunde<\/td><\/tr><tr><td>11.00 &#8211; 11.05<\/td><td>Wechselpause<\/td><\/tr><tr><td>11.05&nbsp; &#8211; 11.50<\/td><td>4. Stunde<\/td><\/tr><tr><td>11.50 \u2013 12.10<\/td><td>Hofpause<\/td><\/tr><tr><td>12.10 \u2013 13.05<\/td><td>5.Stunde\/ Betreuung Klasse 1 &amp; 2<\/td><\/tr><\/tbody><\/table><\/figure>\n\n\n\n<pre class=\"wp-block-verse has-medium-font-size\"><strong>offener Ganztag (Teilnahme freiwillig)<\/strong><\/pre>\n\n\n\n<figure class=\"wp-block-table aligncenter\"><table><tbody><tr><td>13.05 \u2013 14.00<\/td><td>Mittagessen mit Hofpause<\/td><\/tr><tr><td>14.00 \u2013 14.45<\/td><td>Lern- und \u00dcbungszeit (L\u00dcZ)<\/td><\/tr><tr><td>14.45 \u2013 15.35<\/td><td>Arbeitsgemeinschaften<\/td><\/tr><\/tbody><\/table><\/figure>\n","protected":false},"excerpt":{"rendered":"<p>Vormittag (verl\u00e4ssliche Grundschule) Uhrzeit &nbsp; &nbsp; 7.35 &#8211; 8.00 Fr\u00fchf\u00f6rdern &nbsp; 8.00 &#8211; 8.10 offener Anfang &nbsp; 8.10 &#8211; 8.55 1. Stunde &nbsp; 8.55 &#8211; 9.00 Wechselpause &nbsp; 9.00 &#8211; 9.45 2.Stunde &nbsp; 9.45 &#8211; 9.55 Fr\u00fchst\u00fcckspause im Klassenraum &nbsp; 9.55 &#8211; 10.15 Hofpause 10.15 &#8211; 11.00 3. Stunde 11.00 &#8211; 11.05 Wechselpause 11.05&nbsp; &#8211; [&hellip;]<\/p>\n","protected":false},"author":9194638,"featured_media":0,"parent":0,"menu_order":0,"comment_status":"closed","ping_status":"closed","template":"","meta":{"footnotes":""},"class_list":["post-241","page","type-page","status-publish","hentry"],"_links":{"self":[{"href":"https:\/\/wordpress.nibis.de\/grundschule-nettlingen\/wp-json\/wp\/v2\/pages\/241","targetHints":{"allow":["GET"]}}],"collection":[{"href":"https:\/\/wordpress.nibis.de\/grundschule-nettlingen\/wp-json\/wp\/v2\/pages"}],"about":[{"href":"https:\/\/wordpress.nibis.de\/grundschule-nettlingen\/wp-json\/wp\/v2\/types\/page"}],"author":[{"embeddable":true,"href":"https:\/\/wordpress.nibis.de\/grundschule-nettlingen\/wp-json\/wp\/v2\/users\/9194638"}],"replies":[{"embeddable":true,"href":"https:\/\/wordpress.nibis.de\/grundschule-nettlingen\/wp-json\/wp\/v2\/comments?post=241"}],"version-history":[{"count":3,"href":"https:\/\/wordpress.nibis.de\/grundschule-nettlingen\/wp-json\/wp\/v2\/pages\/241\/revisions"}],"predecessor-version":[{"id":277,"href":"https:\/\/wordpress.nibis.de\/grundschule-nettlingen\/wp-json\/wp\/v2\/pages\/241\/revisions\/277"}],"wp:attachment":[{"href":"https:\/\/wordpress.nibis.de\/grundschule-nettlingen\/wp-json\/wp\/v2\/media?parent=241"}],"curies":[{"name":"wp","href":"https:\/\/api.w.org\/{rel}","templated":true}]}}