{"id":249,"date":"2025-07-24T15:02:52","date_gmt":"2025-07-24T13:02:52","guid":{"rendered":"https:\/\/wordpress.nibis.de\/grundschule-nettlingen\/?page_id=249"},"modified":"2025-07-24T15:42:43","modified_gmt":"2025-07-24T13:42:43","slug":"elternarbeit","status":"publish","type":"page","link":"https:\/\/wordpress.nibis.de\/grundschule-nettlingen\/elternarbeit\/","title":{"rendered":"Elternarbeit- M\u00f6glichkeiten der Mitgestaltung"},"content":{"rendered":"\n<p>J\u00e4hrlich finden mehrere Kind- Elterngespr\u00e4che (Lernentwicklungsgespr\u00e4che) statt, an dem die M\u00f6glichkeit besteht, die Lehrkr\u00e4fte der Schule zu sprechen. Die Klassenlehrerin l\u00e4dt Sie dazu ein. Sie k\u00f6nnen nat\u00fcrlich auch selbst die Lehrerinnen Ihres Kindes um ein Gespr\u00e4ch bitten.<\/p>\n\n\n\n<p><em><u>Als Mutter oder Vater<\/u><\/em><\/p>\n\n\n\n<p>\u2026unterst\u00fctze ich mein Kind zuhause<\/p>\n\n\n\n<ul class=\"wp-block-list\"><li>bei den Hausaufgaben<\/li><li>beim \u00dcben (Lesen, Schreiben, Rechnen \u2026.)<\/li><li>durch \u00dcberpr\u00fcfung der Vollst\u00e4ndigkeit der erforderlichen Ausstattung im Schulalltag und an Projekttagen<\/li><\/ul>\n\n\n\n<p>\u2026beteilige ich mich in der Schule:<\/p>\n\n\n\n<ul class=\"wp-block-list\"><li>an der Unterst\u00fctzung von Schulfesten und Aktivit\u00e4ten<\/li><li>als Begleitperson bei Ausfl\u00fcgen<\/li><li>an Aktionen im Klassenverband<\/li><\/ul>\n\n\n\n<p>\u2026. kann ich mich in die Elternvertretung und\/ oder in die Klassenkonferenz w\u00e4hlen lassen.<\/p>\n\n\n\n<p><em><u>Als ElternvertreterIn<\/u><\/em><\/p>\n\n\n\n<p>\u2026 vertrete ich die Interessen der Eltern und ihrer Kinder gegen\u00fcber den Lehrkr\u00e4ften.<\/p>\n\n\n\n<p>\u2026 bin ich AnsprechpartnerIn f\u00fcr die Lehrkr\u00e4fte zu Themen, die die<strong> Mehrheit<\/strong> der Klasse betreffen.<\/p>\n\n\n\n<p>.\u2026 leite ich Informationen weiter und rege einen Austausch zwischen den Eltern an.<\/p>\n\n\n\n<p>.\u2026 lade ich zu mind. zwei Elternabenden im Schuljahr ein. In Absprache mit der Klassenleitung gestalte ich den Abend mit.<\/p>\n\n\n\n<p>.\u2026 kann ich die Klassenkasse f\u00fchren.<\/p>\n\n\n\n<p>\u2026 bin ich Mitglied im Schulelternrat.<\/p>\n\n\n\n<p><\/p>\n\n\n\n<p><em><u>Als Mitglied des Schulelternrates<\/u><\/em><\/p>\n\n\n\n<p>\u2026bringe ich die Interessen der Eltern meiner Klasse und deren Kinder in den Rat ein. Der Vorstand &nbsp;&nbsp;&nbsp; vertritt diese Interessen gegen\u00fcber der Schulleitung.<\/p>\n\n\n\n<p>\u2026habe ich die M\u00f6glichkeit, Ideen und Vorschl\u00e4ge, aber auch Kritik anzubringen.<\/p>\n\n\n\n<p>\u2026 er\u00f6rtere ich schulrelevante Themen mit den anderen ElternvertreterInnen.<\/p>\n\n\n\n<p>\u2026 gestalte ich Elternarbeit an der Schule konstruktiv mit.<\/p>\n\n\n\n<p>\u2026 kann ich mich als VertreterIn f\u00fcr Konferenzen w\u00e4hlen lassen.<\/p>\n\n\n\n<p>\u2026 gebe ich Informationen aus den verschiedenen Gremien an meine Klasse weiter.<\/p>\n\n\n\n<p>\u2026 treffe mich mindestens zweimal mit den anderen Elternvertreter*innen.<\/p>\n","protected":false},"excerpt":{"rendered":"<p>J\u00e4hrlich finden mehrere Kind- Elterngespr\u00e4che (Lernentwicklungsgespr\u00e4che) statt, an dem die M\u00f6glichkeit besteht, die Lehrkr\u00e4fte der Schule zu sprechen. Die Klassenlehrerin l\u00e4dt Sie dazu ein. Sie k\u00f6nnen nat\u00fcrlich auch selbst die Lehrerinnen Ihres Kindes um ein Gespr\u00e4ch bitten. Als Mutter oder Vater \u2026unterst\u00fctze ich mein Kind zuhause bei den Hausaufgaben beim \u00dcben (Lesen, Schreiben, Rechnen \u2026.) [&hellip;]<\/p>\n","protected":false},"author":9194638,"featured_media":0,"parent":0,"menu_order":0,"comment_status":"closed","ping_status":"closed","template":"","meta":{"footnotes":""},"class_list":["post-249","page","type-page","status-publish","hentry"],"_links":{"self":[{"href":"https:\/\/wordpress.nibis.de\/grundschule-nettlingen\/wp-json\/wp\/v2\/pages\/249","targetHints":{"allow":["GET"]}}],"collection":[{"href":"https:\/\/wordpress.nibis.de\/grundschule-nettlingen\/wp-json\/wp\/v2\/pages"}],"about":[{"href":"https:\/\/wordpress.nibis.de\/grundschule-nettlingen\/wp-json\/wp\/v2\/types\/page"}],"author":[{"embeddable":true,"href":"https:\/\/wordpress.nibis.de\/grundschule-nettlingen\/wp-json\/wp\/v2\/users\/9194638"}],"replies":[{"embeddable":true,"href":"https:\/\/wordpress.nibis.de\/grundschule-nettlingen\/wp-json\/wp\/v2\/comments?post=249"}],"version-history":[{"count":8,"href":"https:\/\/wordpress.nibis.de\/grundschule-nettlingen\/wp-json\/wp\/v2\/pages\/249\/revisions"}],"predecessor-version":[{"id":273,"href":"https:\/\/wordpress.nibis.de\/grundschule-nettlingen\/wp-json\/wp\/v2\/pages\/249\/revisions\/273"}],"wp:attachment":[{"href":"https:\/\/wordpress.nibis.de\/grundschule-nettlingen\/wp-json\/wp\/v2\/media?parent=249"}],"curies":[{"name":"wp","href":"https:\/\/api.w.org\/{rel}","templated":true}]}}