{"id":33,"date":"2025-07-23T08:51:22","date_gmt":"2025-07-23T06:51:22","guid":{"rendered":"https:\/\/wordpress.nibis.de\/grundschule-nettlingen\/?page_id=33"},"modified":"2025-07-24T12:25:23","modified_gmt":"2025-07-24T10:25:23","slug":"downloads","status":"publish","type":"page","link":"https:\/\/wordpress.nibis.de\/grundschule-nettlingen\/downloads\/","title":{"rendered":"Downloads"},"content":{"rendered":"\n<p>Anmeldeunterlagen f\u00fcr Zuz\u00fcge<\/p>\n\n\n\n<p>Anmeldunterlagen f\u00fcr Schulanf\u00e4nger<\/p>\n\n\n\n<p>Antrag auf Unterrichtsbefreiung<\/p>\n\n\n\n<p>Antrag auf freiwilliges Zur\u00fccktreten<\/p>\n\n\n\n<p>Fahrten mit privaten PKW<\/p>\n\n\n\n<p>Informationen f\u00fcr den PKW- Fahrer<\/p>\n\n\n\n<p><\/p>\n","protected":false},"excerpt":{"rendered":"<p>Anmeldeunterlagen f\u00fcr Zuz\u00fcge Anmeldunterlagen f\u00fcr Schulanf\u00e4nger Antrag auf Unterrichtsbefreiung Antrag auf freiwilliges Zur\u00fccktreten Fahrten mit privaten PKW Informationen f\u00fcr den PKW- Fahrer<\/p>\n","protected":false},"author":9194638,"featured_media":0,"parent":0,"menu_order":0,"comment_status":"closed","ping_status":"closed","template":"","meta":{"footnotes":""},"class_list":["post-33","page","type-page","status-publish","hentry"],"_links":{"self":[{"href":"https:\/\/wordpress.nibis.de\/grundschule-nettlingen\/wp-json\/wp\/v2\/pages\/33","targetHints":{"allow":["GET"]}}],"collection":[{"href":"https:\/\/wordpress.nibis.de\/grundschule-nettlingen\/wp-json\/wp\/v2\/pages"}],"about":[{"href":"https:\/\/wordpress.nibis.de\/grundschule-nettlingen\/wp-json\/wp\/v2\/types\/page"}],"author":[{"embeddable":true,"href":"https:\/\/wordpress.nibis.de\/grundschule-nettlingen\/wp-json\/wp\/v2\/users\/9194638"}],"replies":[{"embeddable":true,"href":"https:\/\/wordpress.nibis.de\/grundschule-nettlingen\/wp-json\/wp\/v2\/comments?post=33"}],"version-history":[{"count":3,"href":"https:\/\/wordpress.nibis.de\/grundschule-nettlingen\/wp-json\/wp\/v2\/pages\/33\/revisions"}],"predecessor-version":[{"id":209,"href":"https:\/\/wordpress.nibis.de\/grundschule-nettlingen\/wp-json\/wp\/v2\/pages\/33\/revisions\/209"}],"wp:attachment":[{"href":"https:\/\/wordpress.nibis.de\/grundschule-nettlingen\/wp-json\/wp\/v2\/media?parent=33"}],"curies":[{"name":"wp","href":"https:\/\/api.w.org\/{rel}","templated":true}]}}